{"id":47651,"date":"2024-04-01T04:12:34","date_gmt":"2024-04-01T04:12:34","guid":{"rendered":"https:\/\/e.kosmolat.eu\/product\/tresemme-keratin-smooth-matu-kondicionieris-400-ml\/"},"modified":"2025-09-20T04:04:49","modified_gmt":"2025-09-20T04:04:49","slug":"tresemme-keratin-smooth-matu-kondicionieris-400-ml","status":"publish","type":"product","link":"https:\/\/e.kosmolat.eu\/lv\/product\/tresemme-keratin-smooth-matu-kondicionieris-400-ml\/","title":{"rendered":"Tresemme Keratin Smooth Matu kondicionieris, 400 ml"},"content":{"rendered":"<p>Kondicionieris ar hidroliz\u0113tu kerat\u012bnu pal\u012bdz nov\u0113rst p\u016bko&scaron;anos, padarot matus grezni gludus un sp\u012bd\u012bgus 72 stundu garum\u0101. TRESemme PRO Style Tech ar aminosk\u0101b\u0113m un keram\u012bdiem, lieliski nostiprina matus, padarot tos paklaus\u012bg\u0101kus.<\/p>\n<p><strong>Lieto&scaron;ana:<\/strong> vienm\u0113r\u012bgi uzkl\u0101jiet kondicionieri uz matiem no to vidus da\u013cas l\u012bdz galiem. Atst\u0101jiet uz 2-3 min\u016bt\u0113m, p\u0113c tam r\u016bp\u012bgi noskalojiet ar siltu \u016bdeni.<\/p>\n<p><strong>Piesardz\u012bbas pas\u0101kumi:<\/strong> izvair\u012bties no iek\u013c\u016b&scaron;anas ac\u012bs. Ja nok\u013c\u016bst ac\u012bs, r\u016bp\u012bgi izskalot ar \u016bdeni.<\/p>\n<p>Uzglab\u0101t temperat\u016br\u0101 no +5 &deg;\u0421 l\u012bdz +25 &deg;\u0421.<\/p>\n","protected":false},"excerpt":{"rendered":"<p>Kondicionieris ar hidroliz\u0113tu kerat\u012bnu pal\u012bdz nov\u0113rst p\u016bko&scaron;anos, padarot matus grezni gludus un sp\u012bd\u012bgus 72 stundu garum\u0101. TRESemme PRO Style Tech ar aminosk\u0101b\u0113m un keram\u012bdiem, lieliski nostiprina matus, padarot tos paklaus\u012bg\u0101kus. Lieto&scaron;ana: vienm\u0113r\u012bgi uzkl\u0101jiet kondicionieri uz matiem no to vidus da\u013cas l\u012bdz galiem. Atst\u0101jiet uz 2-3 min\u016bt\u0113m, p\u0113c tam r\u016bp\u012bgi noskalojiet ar siltu \u016bdeni. Piesardz\u012bbas pas\u0101kumi: [&#8230;]\n","protected":false},"featured_media":91534,"template":"","meta":[],"product_cat":[1638],"product_tag":[],"class_list":{"0":"post-47651","1":"product","2":"type-product","3":"status-publish","4":"has-post-thumbnail","6":"product_brand-unilever-ua","7":"product_cat-balzami","9":"first","10":"outofstock","11":"taxable","12":"shipping-taxable","13":"product-type-simple"},"_links":{"self":[{"href":"https:\/\/e.kosmolat.eu\/lv\/wp-json\/wp\/v2\/product\/47651","targetHints":{"allow":["GET"]}}],"collection":[{"href":"https:\/\/e.kosmolat.eu\/lv\/wp-json\/wp\/v2\/product"}],"about":[{"href":"https:\/\/e.kosmolat.eu\/lv\/wp-json\/wp\/v2\/types\/product"}],"wp:featuredmedia":[{"embeddable":true,"href":"https:\/\/e.kosmolat.eu\/lv\/wp-json\/wp\/v2\/media\/91534"}],"wp:attachment":[{"href":"https:\/\/e.kosmolat.eu\/lv\/wp-json\/wp\/v2\/media?parent=47651"}],"wp:term":[{"taxonomy":"product_cat","embeddable":true,"href":"https:\/\/e.kosmolat.eu\/lv\/wp-json\/wp\/v2\/product_cat?post=47651"},{"taxonomy":"product_tag","embeddable":true,"href":"https:\/\/e.kosmolat.eu\/lv\/wp-json\/wp\/v2\/product_tag?post=47651"}],"curies":[{"name":"wp","href":"https:\/\/api.w.org\/{rel}","templated":true}]}}