{"id":47595,"date":"2024-04-01T04:10:27","date_gmt":"2024-04-01T04:10:27","guid":{"rendered":"https:\/\/e.kosmolat.eu\/product\/herbs-intense-kaju-kr-intens-atjaunos-pret-nogur-ar-deo-efektu-140-g\/"},"modified":"2025-09-20T03:40:18","modified_gmt":"2025-09-20T03:40:18","slug":"herbs-intense-kaju-kr-intens-atjaunos-pret-nogur-ar-deo-efektu-140-g","status":"publish","type":"product","link":"https:\/\/e.kosmolat.eu\/lv\/product\/herbs-intense-kaju-kr-intens-atjaunos-pret-nogur-ar-deo-efektu-140-g\/","title":{"rendered":"Herbs Intense K\u0101ju kr. Intens. atjauno\u0161. pret nogur. ar deo efektu, 140 g"},"content":{"rendered":"<p>K\u0101ju kr\u0113ma akt\u012bv\u0101s sast\u0101vda\u013cas mazina nogurumu un atgrie\u017e noguru&scaron;\u0101m k\u0101j\u0101m komfortu, vieglumu un svaigumu.<\/p>\n<ul>\n<li><strong>GLYCERIN<\/strong> (glicer\u012bns) un <strong>COCOS NUCIFERA OIL<\/strong> (Kokosriekstu e\u013c\u013ca) nodro&scaron;ina intens\u012bvu mitrin\u0101&scaron;anu, baro&scaron;anu un m\u012bkstin\u0101&scaron;anu.&nbsp;<\/li>\n<li><strong>TALC <\/strong>(talks) un <strong>MENTHOL<\/strong> (mentols) sniedz atsvaidzino&scaron;u efektu.<\/li>\n<li><strong>AESCULUS HIPPOCASTANUM EXTRACT<\/strong> (zirgkasta\u0146as ekstrakts) un <strong>MELISSA OFFICINALIS LEAF EXTRACT<\/strong> (citronm\u0113tras ekstrakts) toniz\u0113 un nomierina \u0101du.<\/li>\n<\/ul>\n<p><strong>Lieto&scaron;ana: <\/strong>uzkl\u0101jiet ar mas\u0113jo&scaron;\u0101m kust\u012bb\u0101m uz t\u012bras, sausas p\u0113du un k\u0101ju \u0101das.&nbsp;<\/p>\n<p>Uzglab\u0101t temperat\u016br\u0101 no +5 &deg;\u0421 l\u012bdz +25 &deg;\u0421, sarg\u0101jot no tie&scaron;iem saules stariem.<\/p>\n<p><strong>Der\u012bguma termi\u0146&scaron;:<\/strong> 36 m\u0113ne&scaron;i.<\/p>\n","protected":false},"excerpt":{"rendered":"<p>K\u0101ju kr\u0113ma akt\u012bv\u0101s sast\u0101vda\u013cas mazina nogurumu un atgrie\u017e noguru&scaron;\u0101m k\u0101j\u0101m komfortu, vieglumu un svaigumu. GLYCERIN (glicer\u012bns) un COCOS NUCIFERA OIL (Kokosriekstu e\u013c\u013ca) nodro&scaron;ina intens\u012bvu mitrin\u0101&scaron;anu, baro&scaron;anu un m\u012bkstin\u0101&scaron;anu.&nbsp; TALC (talks) un MENTHOL (mentols) sniedz atsvaidzino&scaron;u efektu. AESCULUS HIPPOCASTANUM EXTRACT (zirgkasta\u0146as ekstrakts) un MELISSA OFFICINALIS LEAF EXTRACT (citronm\u0113tras ekstrakts) toniz\u0113 un nomierina \u0101du. Lieto&scaron;ana: uzkl\u0101jiet ar [&#8230;]\n","protected":false},"featured_media":91130,"template":"","meta":[],"product_cat":[2181],"product_tag":[],"class_list":{"0":"post-47595","1":"product","2":"type-product","3":"status-publish","4":"has-post-thumbnail","6":"product_brand-belkosmex_by","7":"product_cat-bez-kategorijas-lt","9":"first","10":"outofstock","11":"taxable","12":"shipping-taxable","13":"product-type-simple"},"_links":{"self":[{"href":"https:\/\/e.kosmolat.eu\/lv\/wp-json\/wp\/v2\/product\/47595","targetHints":{"allow":["GET"]}}],"collection":[{"href":"https:\/\/e.kosmolat.eu\/lv\/wp-json\/wp\/v2\/product"}],"about":[{"href":"https:\/\/e.kosmolat.eu\/lv\/wp-json\/wp\/v2\/types\/product"}],"wp:featuredmedia":[{"embeddable":true,"href":"https:\/\/e.kosmolat.eu\/lv\/wp-json\/wp\/v2\/media\/91130"}],"wp:attachment":[{"href":"https:\/\/e.kosmolat.eu\/lv\/wp-json\/wp\/v2\/media?parent=47595"}],"wp:term":[{"taxonomy":"product_cat","embeddable":true,"href":"https:\/\/e.kosmolat.eu\/lv\/wp-json\/wp\/v2\/product_cat?post=47595"},{"taxonomy":"product_tag","embeddable":true,"href":"https:\/\/e.kosmolat.eu\/lv\/wp-json\/wp\/v2\/product_tag?post=47595"}],"curies":[{"name":"wp","href":"https:\/\/api.w.org\/{rel}","templated":true}]}}