{"id":47587,"date":"2024-04-01T04:10:06","date_gmt":"2024-04-01T04:10:06","guid":{"rendered":"https:\/\/e.kosmolat.eu\/product\/ado-matu-sprejs-bez-silikoniem-10-in-1-150-g\/"},"modified":"2025-09-20T03:39:31","modified_gmt":"2025-09-20T03:39:31","slug":"ado-matu-sprejs-bez-silikoniem-10-in-1-150-g","status":"publish","type":"product","link":"https:\/\/e.kosmolat.eu\/lv\/product\/ado-matu-sprejs-bez-silikoniem-10-in-1-150-g\/","title":{"rendered":"Ado Matu sprejs bez silikoniem 10 in 1, 150 g"},"content":{"rendered":"<p><strong>Akt\u012bv\u0101s sast\u0101vda\u013cas: <\/strong>kokvilnas e\u013c\u013ca, makadamijas e\u013c\u013ca, argana e\u013c\u013ca, pantenols un elast\u012bns.<\/p>\n<p><strong>Multiefekts p\u0113c lieto&scaron;anas:<\/strong><\/p>\n<p>1. Atvieglo \u0137emm\u0113&scaron;anu un &nbsp;at&scaron;\u0137etin\u0101&scaron;anu&nbsp;<br \/>\n2. Rada z\u012bdainu efektu<br \/>\n3. Aizsarg\u0101 matu galus no &scaron;\u0137el&scaron;an\u0101s<br \/>\n4. Samazina matu p\u016bko&scaron;anos<br \/>\n5. Samazina matu elektriz\u0113&scaron;anos<br \/>\n6. Atvieglo matu veido&scaron;anu<br \/>\n7. Pie&scaron;\u0137ir sp\u012bdumu<br \/>\n8. Aizsarg\u0101 pret termiskiem boj\u0101jumiem \u017e\u0101v\u0113&scaron;anas laik\u0101<br \/>\n9. Pie&scaron;\u0137ir elast\u012bbu un m\u012bkstumu, samazina matu l\u016b&scaron;anu<br \/>\n10. Nenosver&nbsp;<\/p>\n<p><strong>Lieto&scaron;ana:<\/strong> sakratiet pudeli un izsmidziniet uz t\u012briem, mitriem matiem no 15-20 cm att\u0101luma, nosusiniet un ieveidojiet ar f\u0113nu.<\/p>\n<p>Uzglab\u0101t temperat\u016br\u0101 no +5 &deg;C l\u012bdz +25 &deg;C, sarg\u0101jot no tie&scaron;iem saules stariem.<\/p>\n<p><strong>Der\u012bguma termi\u0146&scaron;: <\/strong>36 m\u0113ne&scaron;i.<br \/>\n&nbsp;<\/p>\n","protected":false},"excerpt":{"rendered":"<p>Akt\u012bv\u0101s sast\u0101vda\u013cas: kokvilnas e\u013c\u013ca, makadamijas e\u013c\u013ca, argana e\u013c\u013ca, pantenols un elast\u012bns. Multiefekts p\u0113c lieto&scaron;anas: 1. Atvieglo \u0137emm\u0113&scaron;anu un &nbsp;at&scaron;\u0137etin\u0101&scaron;anu&nbsp; 2. Rada z\u012bdainu efektu 3. Aizsarg\u0101 matu galus no &scaron;\u0137el&scaron;an\u0101s 4. Samazina matu p\u016bko&scaron;anos 5. Samazina matu elektriz\u0113&scaron;anos 6. Atvieglo matu veido&scaron;anu 7. Pie&scaron;\u0137ir sp\u012bdumu 8. Aizsarg\u0101 pret termiskiem boj\u0101jumiem \u017e\u0101v\u0113&scaron;anas laik\u0101 9. Pie&scaron;\u0137ir elast\u012bbu un [&#8230;]\n","protected":false},"featured_media":91118,"template":"","meta":[],"product_cat":[2181],"product_tag":[],"class_list":{"0":"post-47587","1":"product","2":"type-product","3":"status-publish","4":"has-post-thumbnail","6":"product_brand-belkosmex_by","7":"product_cat-bez-kategorijas-lt","9":"first","10":"outofstock","11":"taxable","12":"shipping-taxable","13":"product-type-simple"},"_links":{"self":[{"href":"https:\/\/e.kosmolat.eu\/lv\/wp-json\/wp\/v2\/product\/47587","targetHints":{"allow":["GET"]}}],"collection":[{"href":"https:\/\/e.kosmolat.eu\/lv\/wp-json\/wp\/v2\/product"}],"about":[{"href":"https:\/\/e.kosmolat.eu\/lv\/wp-json\/wp\/v2\/types\/product"}],"wp:featuredmedia":[{"embeddable":true,"href":"https:\/\/e.kosmolat.eu\/lv\/wp-json\/wp\/v2\/media\/91118"}],"wp:attachment":[{"href":"https:\/\/e.kosmolat.eu\/lv\/wp-json\/wp\/v2\/media?parent=47587"}],"wp:term":[{"taxonomy":"product_cat","embeddable":true,"href":"https:\/\/e.kosmolat.eu\/lv\/wp-json\/wp\/v2\/product_cat?post=47587"},{"taxonomy":"product_tag","embeddable":true,"href":"https:\/\/e.kosmolat.eu\/lv\/wp-json\/wp\/v2\/product_tag?post=47587"}],"curies":[{"name":"wp","href":"https:\/\/api.w.org\/{rel}","templated":true}]}}