{"id":47551,"date":"2024-04-01T04:08:06","date_gmt":"2024-04-01T04:08:06","guid":{"rendered":"https:\/\/e.kosmolat.eu\/product\/i_brokats-putekli-3517\/"},"modified":"2026-04-01T06:28:57","modified_gmt":"2026-04-01T06:28:57","slug":"i_brokats-putekli-3517","status":"publish","type":"product","link":"https:\/\/e.kosmolat.eu\/lv\/product\/i_brokats-putekli-3517\/","title":{"rendered":"I_Brok\u0101ts putek\u013ci 3517"},"content":{"rendered":"<p><strong>Lieto\u0161ana: <\/strong>uzkl\u0101jiet vienu vai divas nagu lakas k\u0101rtas, p\u0113c tam uzkl\u0101jiet nagu gliteri un viegli piespiediet. Lab\u0101kam rezult\u0101tam, uzkl\u0101jiet v\u0113l vienu lakas aizsargk\u0101rtu.<\/p>\n","protected":false},"excerpt":{"rendered":"<p>Lieto\u0161ana: uzkl\u0101jiet vienu vai divas nagu lakas k\u0101rtas, p\u0113c tam uzkl\u0101jiet nagu gliteri un viegli piespiediet. Lab\u0101kam rezult\u0101tam, uzkl\u0101jiet v\u0113l vienu lakas aizsargk\u0101rtu.<\/p>\n","protected":false},"featured_media":96553,"template":"","meta":[],"product_cat":[1409],"product_tag":[],"class_list":{"0":"post-47551","1":"product","2":"type-product","3":"status-publish","4":"has-post-thumbnail","6":"product_brand-donegal-sp-zo-o-_pl","7":"product_cat-1409","9":"first","10":"outofstock","11":"taxable","12":"shipping-taxable","13":"product-type-simple"},"_links":{"self":[{"href":"https:\/\/e.kosmolat.eu\/lv\/wp-json\/wp\/v2\/product\/47551","targetHints":{"allow":["GET"]}}],"collection":[{"href":"https:\/\/e.kosmolat.eu\/lv\/wp-json\/wp\/v2\/product"}],"about":[{"href":"https:\/\/e.kosmolat.eu\/lv\/wp-json\/wp\/v2\/types\/product"}],"wp:featuredmedia":[{"embeddable":true,"href":"https:\/\/e.kosmolat.eu\/lv\/wp-json\/wp\/v2\/media\/96553"}],"wp:attachment":[{"href":"https:\/\/e.kosmolat.eu\/lv\/wp-json\/wp\/v2\/media?parent=47551"}],"wp:term":[{"taxonomy":"product_cat","embeddable":true,"href":"https:\/\/e.kosmolat.eu\/lv\/wp-json\/wp\/v2\/product_cat?post=47551"},{"taxonomy":"product_tag","embeddable":true,"href":"https:\/\/e.kosmolat.eu\/lv\/wp-json\/wp\/v2\/product_tag?post=47551"}],"curies":[{"name":"wp","href":"https:\/\/api.w.org\/{rel}","templated":true}]}}