{"id":47519,"date":"2024-04-01T04:06:51","date_gmt":"2024-04-01T04:06:51","guid":{"rendered":"https:\/\/e.kosmolat.eu\/product\/dilis-classic-collection-smarzas-ekstra-nr-28-30-ml\/"},"modified":"2025-05-19T05:14:18","modified_gmt":"2025-05-19T05:14:18","slug":"smarzu-ekstrakts-nr-28-dilis-classic-collection-30-ml","status":"publish","type":"product","link":"https:\/\/e.kosmolat.eu\/lv\/product\/smarzu-ekstrakts-nr-28-dilis-classic-collection-30-ml\/","title":{"rendered":"Smar\u017eu ekstrakts Nr.28 Dilis Classic Collection, 30 ml"},"content":{"rendered":"<p><strong>S\u0101kuma notis: <\/strong>citrons, piparm\u0113tra.<br \/>\n<strong>Sirds notis:<\/strong> jasm\u012bns, roz\u0101 pipari, peonija.<br \/>\n<strong>Beigu notis:<\/strong> Fran\u010du labdanum, Vird\u017e\u012bnijas ciedrs, cukurs.<\/p>\n<p>Uzglab\u0101t temperat\u016br\u0101 no +5 &deg;C l\u012bdz +25 &deg;C, sarg\u0101jot no tie&scaron;iem saules stariem un siltuma avotiem.&nbsp;<\/p>\n<p><strong>Piesardz\u012bbas pas\u0101kumi: <\/strong>tikai \u0101r\u012bgai lieto&scaron;anai. Izvair\u012bties no iek\u013c\u016b&scaron;anas ac\u012bs. Neizsmidzin\u0101t atkl\u0101tas liesmas tuvum\u0101. Produkta lieto&scaron;ana iek&scaron;\u0137\u012bgi ir b\u012bstama dz\u012bv\u012bbai un vesel\u012bbai.<\/p>\n<p>Etilspirta tilpuma da\u013ca 80% tilp.<br \/>\n&nbsp;<\/p>\n","protected":false},"excerpt":{"rendered":"<p>S\u0101kuma notis: citrons, piparm\u0113tra. Sirds notis: jasm\u012bns, roz\u0101 pipari, peonija. Beigu notis: Fran\u010du labdanum, Vird\u017e\u012bnijas ciedrs, cukurs. Uzglab\u0101t temperat\u016br\u0101 no +5 &deg;C l\u012bdz +25 &deg;C, sarg\u0101jot no tie&scaron;iem saules stariem un siltuma avotiem.&nbsp; Piesardz\u012bbas pas\u0101kumi: tikai \u0101r\u012bgai lieto&scaron;anai. Izvair\u012bties no iek\u013c\u016b&scaron;anas ac\u012bs. Neizsmidzin\u0101t atkl\u0101tas liesmas tuvum\u0101. Produkta lieto&scaron;ana iek&scaron;\u0137\u012bgi ir b\u012bstama dz\u012bv\u012bbai un vesel\u012bbai. Etilspirta [&#8230;]\n","protected":false},"featured_media":47523,"template":"","meta":[],"product_cat":[1445],"product_tag":[],"class_list":{"0":"post-47519","1":"product","2":"type-product","3":"status-publish","4":"has-post-thumbnail","6":"product_brand-dilis-kosmetik_by","7":"product_cat-sieviesu-smarzas-un-tualetes-udeni","9":"first","10":"outofstock","11":"taxable","12":"shipping-taxable","13":"product-type-simple"},"_links":{"self":[{"href":"https:\/\/e.kosmolat.eu\/lv\/wp-json\/wp\/v2\/product\/47519","targetHints":{"allow":["GET"]}}],"collection":[{"href":"https:\/\/e.kosmolat.eu\/lv\/wp-json\/wp\/v2\/product"}],"about":[{"href":"https:\/\/e.kosmolat.eu\/lv\/wp-json\/wp\/v2\/types\/product"}],"wp:featuredmedia":[{"embeddable":true,"href":"https:\/\/e.kosmolat.eu\/lv\/wp-json\/wp\/v2\/media\/47523"}],"wp:attachment":[{"href":"https:\/\/e.kosmolat.eu\/lv\/wp-json\/wp\/v2\/media?parent=47519"}],"wp:term":[{"taxonomy":"product_cat","embeddable":true,"href":"https:\/\/e.kosmolat.eu\/lv\/wp-json\/wp\/v2\/product_cat?post=47519"},{"taxonomy":"product_tag","embeddable":true,"href":"https:\/\/e.kosmolat.eu\/lv\/wp-json\/wp\/v2\/product_tag?post=47519"}],"curies":[{"name":"wp","href":"https:\/\/api.w.org\/{rel}","templated":true}]}}