{"id":47515,"date":"2024-04-01T04:06:31","date_gmt":"2024-04-01T04:06:31","guid":{"rendered":"https:\/\/e.kosmolat.eu\/product\/p-d-deguna-poru-attir-sloksnes-ogle-6-gab\/"},"modified":"2025-04-01T20:34:50","modified_gmt":"2025-04-01T20:34:50","slug":"p-d-deguna-poru-attir-sloksnes-ogle-6-gab","status":"publish","type":"product","link":"https:\/\/e.kosmolat.eu\/lv\/product\/p-d-deguna-poru-attir-sloksnes-ogle-6-gab\/","title":{"rendered":"P\/D Deguna poru att\u012br.sloksnes Ogle, 6 gab."},"content":{"rendered":"<p>Deguna sloksnes ar ogli ir vienpak\u0101pju \u0101das att\u012br\u012b\u0161anas proced\u016bra poru att\u012br\u012b\u0161anai un melno punktu likvid\u0113\u0161anai. Sloksne no\u0146em net\u012brumus un lieko sebumu, kas noblo\u0137\u0113 poras, padarot \u0101du t\u012bru un gludu. Jau p\u0113c pirm\u0101s lieto\u0161anas reizes j\u016bs sajut\u012bsiet iev\u0113rojamu at\u0161\u0137ir\u012bbu, un, turpinot lietot deguna sloksnes, poras sa\u0161aurin\u0101sies, atst\u0101jot \u0101du svaigu.<\/p>\n<p><strong>Lieto\u0161ana: <\/strong>1. R\u016bp\u012bgi nomazg\u0101jiet seju. 2. Nosusiniet rokas, atveriet iepakojumu un no\u0146emiet sloksni no plastmasas ielikt\u0146a. 3. R\u016bp\u012bgi samitriniet degunu ar \u016bdeni. Ja deguns nav pietiekami mitrs, sloksne var nepielipt un k\u013c\u016bt neefekt\u012bva. 4. Uzkl\u0101jiet sloksni uz samitrin\u0101tas deguna \u0101das ar sp\u012bd\u012bgo pusi pret \u0101du. 5. \u013baujiet sloksnei no\u017e\u016bt 10-15 min\u016btes. \u017d\u016bstot sloksne k\u013c\u016bst ciet\u0101ka. Atkar\u012bb\u0101 no gaisa mitruma, klimata vai sv\u012b\u0161anas, atst\u0101jiet sloksni uz \u0101das ilg\u0101ku vai \u012bs\u0101ku laiku. 6. Kad sloksne ir iz\u017euvusi, no\u0146emiet to l\u0113ni un uzman\u012bgi, s\u0101kot ar mal\u0101m l\u012bdz centram. Paliekas nomazg\u0101jiet ar \u016bdeni.<\/p>\n<p><strong>Piesardz\u012bbas pas\u0101kumi: <\/strong>1. Izvairieties no lieto\u0161anas uz p\u016bt\u012bt\u0113m, saul\u0113 apdegu\u0161as vai iekaisu\u0161as \u0101das. 2. Izvairieties no lieto\u0161anas uz \u0101das, kas ir jut\u012bga pret p\u0101rs\u0113jiem, pl\u0101ksteriem vai p\u012blinga mask\u0101m. 3. Lietojiet tikai uz deguna. Nelietojiet uz \u0101das ap ac\u012bm! 4. Lietojiet 1-2 reizes ned\u0113\u013c\u0101 ar 3 dienu interv\u0101lu starp lieto\u0161anas reiz\u0113m. 5. Ja sloksne p\u0101r\u0101k stipri piel\u012bp pie \u0101das vai to ir s\u0101p\u012bgi no\u0146emt, k\u0101rt\u012bgi samitriniet sloksni, l\u012bdz t\u0101 viegli nosl\u012bd. 6. Tikai \u0101r\u0113jai lieto\u0161anai. Sarg\u0101t no b\u0113rniem.<br \/>\n&nbsp;<\/p>\n","protected":false},"excerpt":{"rendered":"<p>Deguna sloksnes ar ogli ir vienpak\u0101pju \u0101das att\u012br\u012b\u0161anas proced\u016bra poru att\u012br\u012b\u0161anai un melno punktu likvid\u0113\u0161anai. Sloksne no\u0146em net\u012brumus un lieko sebumu, kas noblo\u0137\u0113 poras, padarot \u0101du t\u012bru un gludu. Jau p\u0113c pirm\u0101s lieto\u0161anas reizes j\u016bs sajut\u012bsiet iev\u0113rojamu at\u0161\u0137ir\u012bbu, un, turpinot lietot deguna sloksnes, poras sa\u0161aurin\u0101sies, atst\u0101jot \u0101du svaigu. Lieto\u0161ana: 1. R\u016bp\u012bgi nomazg\u0101jiet seju. 2. Nosusiniet [&#8230;]\n","protected":false},"featured_media":12109,"template":"","meta":[],"product_cat":[1342],"product_tag":[],"class_list":{"0":"post-47515","1":"product","2":"type-product","3":"status-publish","4":"has-post-thumbnail","6":"product_brand-malina-akcija","7":"product_cat-1342","9":"first","10":"outofstock","11":"taxable","12":"shipping-taxable","13":"product-type-simple"},"_links":{"self":[{"href":"https:\/\/e.kosmolat.eu\/lv\/wp-json\/wp\/v2\/product\/47515","targetHints":{"allow":["GET"]}}],"collection":[{"href":"https:\/\/e.kosmolat.eu\/lv\/wp-json\/wp\/v2\/product"}],"about":[{"href":"https:\/\/e.kosmolat.eu\/lv\/wp-json\/wp\/v2\/types\/product"}],"wp:featuredmedia":[{"embeddable":true,"href":"https:\/\/e.kosmolat.eu\/lv\/wp-json\/wp\/v2\/media\/12109"}],"wp:attachment":[{"href":"https:\/\/e.kosmolat.eu\/lv\/wp-json\/wp\/v2\/media?parent=47515"}],"wp:term":[{"taxonomy":"product_cat","embeddable":true,"href":"https:\/\/e.kosmolat.eu\/lv\/wp-json\/wp\/v2\/product_cat?post=47515"},{"taxonomy":"product_tag","embeddable":true,"href":"https:\/\/e.kosmolat.eu\/lv\/wp-json\/wp\/v2\/product_tag?post=47515"}],"curies":[{"name":"wp","href":"https:\/\/api.w.org\/{rel}","templated":true}]}}