{"id":47503,"date":"2024-04-01T04:06:03","date_gmt":"2024-04-01T04:06:03","guid":{"rendered":"https:\/\/e.kosmolat.eu\/product\/putzi-erdbeere-zobu-pasta-50ml\/"},"modified":"2025-09-19T22:48:18","modified_gmt":"2025-09-19T22:48:18","slug":"putzi-erdbeere-zobu-pasta-50ml","status":"publish","type":"product","link":"https:\/\/e.kosmolat.eu\/lv\/product\/putzi-erdbeere-zobu-pasta-50ml\/","title":{"rendered":"Putzi Erdbeere Zobu pasta, 50ml"},"content":{"rendered":"<p>No 0 l\u012bdz skolas vecumam. Zobu pasta satur maigas virsmakt\u012bv\u0101s vielas un nesatur sast\u0101vda\u013cas, kuras var\u0113tu kait\u0113t nor\u012b\u0161anas gad\u012bjum\u0101. Satur tikai rekomend\u0113jamu minim\u0101lu fluora daudzumu. Lieto\u0161ana: b\u0113rniem l\u012bdz 2 gadu vecuma: p\u0113c pirm\u0101 zoba \u0161\u0137il\u0161an\u0101s lietot r\u012bsu grauda zobu pastas daudzumu 2 reizes dien\u0101.<br \/>\nB\u0113rniem no 2 gadiem un vec\u0101kiem: Lietojiet zobu pastas daudzumu 2 reizes dien\u0101, kontrol\u0113jot zobu t\u012br\u012b\u0161anas procesu, lai minimiz\u0113tu zobu pastas nor\u012b\u0161anas risku.<br \/>\n&nbsp;<\/p>\n","protected":false},"excerpt":{"rendered":"<p>No 0 l\u012bdz skolas vecumam. Zobu pasta satur maigas virsmakt\u012bv\u0101s vielas un nesatur sast\u0101vda\u013cas, kuras var\u0113tu kait\u0113t nor\u012b\u0161anas gad\u012bjum\u0101. Satur tikai rekomend\u0113jamu minim\u0101lu fluora daudzumu. Lieto\u0161ana: b\u0113rniem l\u012bdz 2 gadu vecuma: p\u0113c pirm\u0101 zoba \u0161\u0137il\u0161an\u0101s lietot r\u012bsu grauda zobu pastas daudzumu 2 reizes dien\u0101. B\u0113rniem no 2 gadiem un vec\u0101kiem: Lietojiet zobu pastas daudzumu 2 [&#8230;]\n","protected":false},"featured_media":86458,"template":"","meta":[],"product_cat":[1338],"product_tag":[],"class_list":{"0":"post-47503","1":"product","2":"type-product","3":"status-publish","4":"has-post-thumbnail","6":"product_brand-dental_de","7":"product_cat-1338","9":"first","10":"outofstock","11":"taxable","12":"shipping-taxable","13":"product-type-simple"},"_links":{"self":[{"href":"https:\/\/e.kosmolat.eu\/lv\/wp-json\/wp\/v2\/product\/47503","targetHints":{"allow":["GET"]}}],"collection":[{"href":"https:\/\/e.kosmolat.eu\/lv\/wp-json\/wp\/v2\/product"}],"about":[{"href":"https:\/\/e.kosmolat.eu\/lv\/wp-json\/wp\/v2\/types\/product"}],"wp:featuredmedia":[{"embeddable":true,"href":"https:\/\/e.kosmolat.eu\/lv\/wp-json\/wp\/v2\/media\/86458"}],"wp:attachment":[{"href":"https:\/\/e.kosmolat.eu\/lv\/wp-json\/wp\/v2\/media?parent=47503"}],"wp:term":[{"taxonomy":"product_cat","embeddable":true,"href":"https:\/\/e.kosmolat.eu\/lv\/wp-json\/wp\/v2\/product_cat?post=47503"},{"taxonomy":"product_tag","embeddable":true,"href":"https:\/\/e.kosmolat.eu\/lv\/wp-json\/wp\/v2\/product_tag?post=47503"}],"curies":[{"name":"wp","href":"https:\/\/api.w.org\/{rel}","templated":true}]}}