{"id":47479,"date":"2024-04-01T04:05:20","date_gmt":"2024-04-01T04:05:20","guid":{"rendered":"https:\/\/e.kosmolat.eu\/product\/i_dd-eteriska-ella-melisa-10-ml\/"},"modified":"2025-09-15T11:12:58","modified_gmt":"2025-09-15T11:12:58","slug":"i_dd-eteriska-ella-melisa-10-ml","status":"publish","type":"product","link":"https:\/\/e.kosmolat.eu\/lv\/product\/i_dd-eteriska-ella-melisa-10-ml\/","title":{"rendered":"I_DD \u0112terisk\u0101 e\u013c\u013ca Melisa, 10 ml"},"content":{"rendered":"<p>100% dab\u012bga, efekt\u012bva<br \/>\nArom\u0101ts ir auksts, r\u016bgts, svaigs.<\/p>\n<p><strong>Lieto&scaron;ana:<\/strong> taukainas, akne pak\u013cautas \u0101das un taukainu matu kop&scaron;anai. Sasitumiem un zilumiem. Efekt\u012bva k\u0101 toniks; ar stresu un bezmiegu &#8211; k\u0101 nomierino&scaron;s l\u012bdzeklis<br \/>\nK\u0101 lietot: aromterapijai un kosm\u0113tikas bag\u0101tin\u0101&scaron;anai. S\u012bk\u0101ku inform\u0101ciju skatiet instrukcij\u0101.<\/p>\n<p><strong>Piesardz\u012bbas pas\u0101kumi:<\/strong> \u0101r\u0113jai lieto&scaron;anai. Ja nok\u013c\u016bst ac\u012bs, skalot ar lielu daudzumu \u016bdens un mekl\u0113t medic\u012bnisku pal\u012bdz\u012bbu. Iesp\u0113jama paaugstin\u0101ta individu\u0101l\u0101 jut\u012bba pret produktu. Sekojiet lieto&scaron;anas instrukcijai.<\/p>\n<p><strong>Instrukcija:<\/strong><br \/>\nMelisas \u0113terisko e\u013c\u013cu ieg\u016bst no ziedo&scaron;\u0101m galotn\u0113m un lap\u0101m, destil\u0113jot ar tvaiku.<br \/>\nE\u013c\u013cai ir auksts, r\u016bgtens, svaigs arom\u0101ts.<\/p>\n<p><strong>Lieto&scaron;ana:<\/strong> taukainas, akne pak\u013cautas \u0101das un taukainu matu kop&scaron;anai. Sasitumiem un zilumiem. Efekt\u012bva k\u0101 toniks; ar stresu un bezmiegu &#8211; k\u0101 nomierino&scaron;s l\u012bdzeklis.<br \/>\nK\u0101 lietot: aromterapijai un kosm\u0113tikas bag\u0101tin\u0101&scaron;anai.<br \/>\n\u0112terisko e\u013c\u013cu izmanto at&scaron;\u0137aid\u012btu ar jebkuru b\u0101zi &ndash; medu, kr\u0113jumu, saldo kr\u0113jumu, s\u016bkal\u0101m, pienu, j\u016bras vai galda s\u0101li, b\u0101zes e\u013c\u013cu, \u016bdeni, &scaron;\u0137idr\u0101m ziep\u0113m, \u017eeleju u.c.<\/p>\n<p><strong>Devas:<\/strong><br \/>\n*aromalampas &#8211; 3-5 pilieni<br \/>\n*vannas &ndash; 4-5 pilieni uz 10g b\u0101zes e\u013c\u013cas<br \/>\n*mas\u0101\u017ea 3-4 pilieni uz 10 g b\u0101zes e\u013c\u013cas<br \/>\n*kosm\u0113tisko l\u012bdzek\u013cu bag\u0101tin\u0101&scaron;ana &ndash; 2-4 pilieni uz 10 ml b\u0101zes<br \/>\n*arom\u0101tu medaljoni &ndash; 2-3 pilieni<\/p>\n<p><strong>\u0112terisko e\u013c\u013cu lieto&scaron;anas noteikumi<\/strong><br \/>\n1. Nelietot b\u0113rniem l\u012bdz 6 gadu vecumam<br \/>\n2. Nelietojiet \u0113terisko e\u013c\u013cu iek&scaron;\u0113ji<br \/>\n3. Neuzkl\u0101jiet uz g\u013cot\u0101d\u0101m neat&scaron;\u0137aid\u012btu \u0113terisko e\u013c\u013cu<br \/>\n4. Ja \u0113terisk\u0101 e\u013c\u013ca nok\u013c\u016bst ac\u012bs, izskalo t\u0101s ar siltu v\u0101r\u012btu \u016bdeni<br \/>\n5. Uzglab\u0101t b\u0113rniem nepieejam\u0101 viet\u0101<br \/>\n6. Lietojiet tikai pie\u013caujam\u0101 koncentr\u0101cij\u0101<br \/>\n7. P\u0113c lieto&scaron;anas uzman\u012bgi aizveriet flakonu<br \/>\n8. \u0112terisk\u0101 e\u013c\u013ca j\u0101uzglab\u0101 tum&scaron;\u0101, v\u0113s\u0101 viet\u0101.<\/p>\n<p>Nav ieteicams lietot ar paaugstin\u0101tu asins rec\u0113&scaron;anu, trombofleb\u012btu, p\u0113cinfarkta st\u0101vok\u013ciem, pirmajos gr\u016btniec\u012bbas m\u0113ne&scaron;os, ar v\u0113zi un mastop\u0101tiju.<br \/>\nIesp\u0113jama paaugstin\u0101ta individu\u0101l\u0101 jut\u012bba pret atsevi&scaron;\u0137\u0101m sast\u0101vda\u013c\u0101m.<\/p>\n","protected":false},"excerpt":{"rendered":"<p>100% dab\u012bga, efekt\u012bva Arom\u0101ts ir auksts, r\u016bgts, svaigs. Lieto&scaron;ana: taukainas, akne pak\u013cautas \u0101das un taukainu matu kop&scaron;anai. Sasitumiem un zilumiem. Efekt\u012bva k\u0101 toniks; ar stresu un bezmiegu &#8211; k\u0101 nomierino&scaron;s l\u012bdzeklis K\u0101 lietot: aromterapijai un kosm\u0113tikas bag\u0101tin\u0101&scaron;anai. S\u012bk\u0101ku inform\u0101ciju skatiet instrukcij\u0101. Piesardz\u012bbas pas\u0101kumi: \u0101r\u0113jai lieto&scaron;anai. Ja nok\u013c\u016bst ac\u012bs, skalot ar lielu daudzumu \u016bdens un mekl\u0113t [&#8230;]\n","protected":false},"featured_media":0,"template":"","meta":[],"product_cat":[1619],"product_tag":[],"class_list":{"0":"post-47479","1":"product","2":"type-product","3":"status-publish","5":"product_brand-elfa_ua","6":"product_cat-ellas","8":"first","9":"outofstock","10":"taxable","11":"shipping-taxable","12":"product-type-simple"},"_links":{"self":[{"href":"https:\/\/e.kosmolat.eu\/lv\/wp-json\/wp\/v2\/product\/47479","targetHints":{"allow":["GET"]}}],"collection":[{"href":"https:\/\/e.kosmolat.eu\/lv\/wp-json\/wp\/v2\/product"}],"about":[{"href":"https:\/\/e.kosmolat.eu\/lv\/wp-json\/wp\/v2\/types\/product"}],"wp:attachment":[{"href":"https:\/\/e.kosmolat.eu\/lv\/wp-json\/wp\/v2\/media?parent=47479"}],"wp:term":[{"taxonomy":"product_cat","embeddable":true,"href":"https:\/\/e.kosmolat.eu\/lv\/wp-json\/wp\/v2\/product_cat?post=47479"},{"taxonomy":"product_tag","embeddable":true,"href":"https:\/\/e.kosmolat.eu\/lv\/wp-json\/wp\/v2\/product_tag?post=47479"}],"curies":[{"name":"wp","href":"https:\/\/api.w.org\/{rel}","templated":true}]}}