{"id":47471,"date":"2024-04-01T04:04:38","date_gmt":"2024-04-01T04:04:38","guid":{"rendered":"https:\/\/e.kosmolat.eu\/product\/i_dd-eteriska-ella-citronu-10-ml\/"},"modified":"2025-07-08T14:43:58","modified_gmt":"2025-07-08T14:43:58","slug":"i_dd-eteriska-ella-citronu-10-ml","status":"publish","type":"product","link":"https:\/\/e.kosmolat.eu\/lv\/product\/i_dd-eteriska-ella-citronu-10-ml\/","title":{"rendered":"I_DD \u0112terisk\u0101 e\u013c\u013ca Citronu, 10 ml"},"content":{"rendered":"<p>\u0112terisk\u0101 e\u013c\u013ca Citronu<br \/>\n100% dab\u012bga, efekt\u012bva<br \/>\nArom\u0101ts auksts, svaigs, r\u016bgtens. Lieto\u0161ana: taukainai, problem\u0101tiskai \u0101dai, vasaras raibumiem, vecuma plankumiem, papla\u0161in\u0101t\u0101m por\u0101m. Lai stiprin\u0101tu matus un likvid\u0113tu blaugznas. Toniz\u0113jo\u0161a, balino\u0161a, antioksidanta \u012bpa\u0161\u012bbas. Noder\u012bga noguruma gad\u012bjum\u0101.<br \/>\nK\u0101 lietot: aromterapijai un kosm\u0113tikas bag\u0101tin\u0101\u0161anai. S\u012bk\u0101ku inform\u0101ciju skatiet instrukcij\u0101.<\/p>\n<p><strong>Piesardz\u012bbas pas\u0101kumi:<\/strong> \u0101r\u012bgai lieto\u0161anai. Ja nok\u013c\u016bst ac\u012bs, skalot ar lielu daudzumu \u016bdens un mekl\u0113t medic\u012bnisku pal\u012bdz\u012bbu. Iesp\u0113jama paaugstin\u0101ta individu\u0101l\u0101 jut\u012bba pret produktu. Sekojiet lieto\u0161anas instrukcijai.<\/p>\n<p><strong>Instrukcija:<\/strong><br \/>\nCitronu \u0113terisko e\u013c\u013cu ieg\u016bst no aug\u013ca mizas aukst\u0101s pres\u0113\u0161anas ce\u013c\u0101.<br \/>\nE\u013c\u013cai ir auksts, svaigs, r\u016bgtens arom\u0101ts.<\/p>\n<p><strong>Lieto\u0161ana: <\/strong>taukainai, problem\u0101tiskai \u0101dai, vasaras raibumiem, vecuma plankumiem, papla\u0161in\u0101t\u0101m por\u0101m. Lai stiprin\u0101tu matus un likvid\u0113tu blaugznas. Toniz\u0113jo\u0161a, balino\u0161a, antioksidanta \u012bpa\u0161\u012bbas. Noder\u012bga noguruma gad\u012bjum\u0101.<br \/>\n<strong>K\u0101 lietot:<\/strong> aromterapijai un kosm\u0113tikas bag\u0101tin\u0101\u0161anai.<br \/>\n\u0112terisko e\u013c\u013cu izmanto at\u0161\u0137aid\u012btu ar jebkuru b\u0101zi &ndash; medu, kr\u0113jumu, saldo kr\u0113jumu, s\u016bkal\u0101m, pienu, j\u016bras vai galda s\u0101li, b\u0101zes e\u013c\u013cu, \u016bdeni, \u0161\u0137idr\u0101m ziep\u0113m, \u017eeleju u.c.<\/p>\n<p><strong>Devas:<\/strong><\/p>\n<p>*aromalampas &#8211; 5-7 pilieni<br \/>\n*vannas -4-7 pilieni uz 10g transporta e\u013c\u013cas<br \/>\n*mas\u0101\u017ea 4-7 pilieni uz 10 g transporta e\u013c\u013cas<br \/>\n*kosm\u0113tisko l\u012bdzek\u013cu bag\u0101tin\u0101\u0161ana &ndash; 2-3 pilieni uz 5 ml b\u0101zes<br \/>\n* arom\u0101tu medaljoni &ndash; 2-3 pilieni<br \/>\n&nbsp;<\/p>\n<p><strong>\u0112terisko e\u013c\u013cu lieto\u0161anas noteikumi<\/strong><br \/>\n1. Nelietot b\u0113rniem l\u012bdz 6 gadu vecumam<br \/>\n2. Nelietojiet \u0113terisko e\u013c\u013cu iek\u0161\u0113ji<br \/>\n3. Neuzkl\u0101jiet uz g\u013cot\u0101d\u0101m neat\u0161\u0137aid\u012btu \u0113terisko e\u013c\u013cu<br \/>\n4. Ja \u0113terisk\u0101 e\u013c\u013ca nok\u013c\u016bst ac\u012bs, izskalo t\u0101s ar siltu v\u0101r\u012btu \u016bdeni<br \/>\n5. Uzglab\u0101t b\u0113rniem nepieejam\u0101 viet\u0101<br \/>\n6. Lietojiet tikai pie\u013caujam\u0101 koncentr\u0101cij\u0101<br \/>\n7. P\u0113c lieto\u0161anas uzman\u012bgi aizveriet flakonu<br \/>\n8. \u0112terisk\u0101 e\u013c\u013ca j\u0101uzglab\u0101 tum\u0161\u0101, v\u0113s\u0101 viet\u0101.<\/p>\n<p>Nav ieteicams lietot ar paaugstin\u0101tu asins rec\u0113\u0161anu, trombofleb\u012btu, p\u0113cinfarkta st\u0101vok\u013ciem, pirmajos gr\u016btniec\u012bbas m\u0113ne\u0161os, ar v\u0113zi un mastop\u0101tiju.<br \/>\nIesp\u0113jama paaugstin\u0101ta individu\u0101l\u0101 jut\u012bba pret atsevi\u0161\u0137\u0101m sast\u0101vda\u013c\u0101m.<br \/>\n&nbsp;<\/p>\n","protected":false},"excerpt":{"rendered":"<p>\u0112terisk\u0101 e\u013c\u013ca Citronu 100% dab\u012bga, efekt\u012bva Arom\u0101ts auksts, svaigs, r\u016bgtens. Lieto\u0161ana: taukainai, problem\u0101tiskai \u0101dai, vasaras raibumiem, vecuma plankumiem, papla\u0161in\u0101t\u0101m por\u0101m. Lai stiprin\u0101tu matus un likvid\u0113tu blaugznas. Toniz\u0113jo\u0161a, balino\u0161a, antioksidanta \u012bpa\u0161\u012bbas. Noder\u012bga noguruma gad\u012bjum\u0101. K\u0101 lietot: aromterapijai un kosm\u0113tikas bag\u0101tin\u0101\u0161anai. S\u012bk\u0101ku inform\u0101ciju skatiet instrukcij\u0101. Piesardz\u012bbas pas\u0101kumi: \u0101r\u012bgai lieto\u0161anai. Ja nok\u013c\u016bst ac\u012bs, skalot ar lielu daudzumu \u016bdens [&#8230;]\n","protected":false},"featured_media":47475,"template":"","meta":[],"product_cat":[1619],"product_tag":[],"class_list":{"0":"post-47471","1":"product","2":"type-product","3":"status-publish","4":"has-post-thumbnail","6":"product_brand-elfa_ua","7":"product_cat-ellas","9":"first","10":"outofstock","11":"taxable","12":"shipping-taxable","13":"product-type-simple"},"_links":{"self":[{"href":"https:\/\/e.kosmolat.eu\/lv\/wp-json\/wp\/v2\/product\/47471","targetHints":{"allow":["GET"]}}],"collection":[{"href":"https:\/\/e.kosmolat.eu\/lv\/wp-json\/wp\/v2\/product"}],"about":[{"href":"https:\/\/e.kosmolat.eu\/lv\/wp-json\/wp\/v2\/types\/product"}],"wp:featuredmedia":[{"embeddable":true,"href":"https:\/\/e.kosmolat.eu\/lv\/wp-json\/wp\/v2\/media\/47475"}],"wp:attachment":[{"href":"https:\/\/e.kosmolat.eu\/lv\/wp-json\/wp\/v2\/media?parent=47471"}],"wp:term":[{"taxonomy":"product_cat","embeddable":true,"href":"https:\/\/e.kosmolat.eu\/lv\/wp-json\/wp\/v2\/product_cat?post=47471"},{"taxonomy":"product_tag","embeddable":true,"href":"https:\/\/e.kosmolat.eu\/lv\/wp-json\/wp\/v2\/product_tag?post=47471"}],"curies":[{"name":"wp","href":"https:\/\/api.w.org\/{rel}","templated":true}]}}