{"id":47316,"date":"2024-03-11T08:52:23","date_gmt":"2024-03-11T08:52:23","guid":{"rendered":"https:\/\/e.kosmolat.eu\/product\/smarzas-mystere-16-ml\/"},"modified":"2025-09-19T15:21:08","modified_gmt":"2025-09-19T15:21:08","slug":"smarzas-mystere-16-ml","status":"publish","type":"product","link":"https:\/\/e.kosmolat.eu\/lv\/product\/smarzas-mystere-16-ml\/","title":{"rendered":"Smar\u017eas &#8220;Mystere&#8221;, 16 ml"},"content":{"rendered":"<p>S\u0101kuma nots: vijol\u012btes lapas. Sirds notis: roze, pa\u010d\u016blija, koriandrs. Beigu notis: ambra, koksnes s\u016bnas.<\/p>\n<p>UZMAN\u012aBU! Produkcijas izmanto\u0161ana p\u0101rtikas nol\u016bkos ir b\u012bstama j\u016bsu vesel\u012bbai.<\/p>\n","protected":false},"excerpt":{"rendered":"<p>S\u0101kuma nots: vijol\u012btes lapas. Sirds notis: roze, pa\u010d\u016blija, koriandrs. Beigu notis: ambra, koksnes s\u016bnas. UZMAN\u012aBU! Produkcijas izmanto\u0161ana p\u0101rtikas nol\u016bkos ir b\u012bstama j\u016bsu vesel\u012bbai.<\/p>\n","protected":false},"featured_media":78662,"template":"","meta":[],"product_cat":[1445],"product_tag":[],"class_list":{"0":"post-47316","1":"product","2":"type-product","3":"status-publish","4":"has-post-thumbnail","6":"product_brand-malina-akcija","7":"product_cat-sieviesu-smarzas-un-tualetes-udeni","9":"first","10":"outofstock","11":"taxable","12":"shipping-taxable","13":"product-type-simple"},"_links":{"self":[{"href":"https:\/\/e.kosmolat.eu\/lv\/wp-json\/wp\/v2\/product\/47316","targetHints":{"allow":["GET"]}}],"collection":[{"href":"https:\/\/e.kosmolat.eu\/lv\/wp-json\/wp\/v2\/product"}],"about":[{"href":"https:\/\/e.kosmolat.eu\/lv\/wp-json\/wp\/v2\/types\/product"}],"wp:featuredmedia":[{"embeddable":true,"href":"https:\/\/e.kosmolat.eu\/lv\/wp-json\/wp\/v2\/media\/78662"}],"wp:attachment":[{"href":"https:\/\/e.kosmolat.eu\/lv\/wp-json\/wp\/v2\/media?parent=47316"}],"wp:term":[{"taxonomy":"product_cat","embeddable":true,"href":"https:\/\/e.kosmolat.eu\/lv\/wp-json\/wp\/v2\/product_cat?post=47316"},{"taxonomy":"product_tag","embeddable":true,"href":"https:\/\/e.kosmolat.eu\/lv\/wp-json\/wp\/v2\/product_tag?post=47316"}],"curies":[{"name":"wp","href":"https:\/\/api.w.org\/{rel}","templated":true}]}}