{"id":47300,"date":"2024-03-11T08:51:45","date_gmt":"2024-03-11T08:51:45","guid":{"rendered":"https:\/\/e.kosmolat.eu\/product\/the-doctor-hc-salicylic-acid-b5-sejas-serums-30-ml\/"},"modified":"2026-04-20T13:49:14","modified_gmt":"2026-04-20T13:49:14","slug":"the-doctor-hc-salicylic-acid-b5-sejas-serums-30-ml","status":"publish","type":"product","link":"https:\/\/e.kosmolat.eu\/lv\/product\/the-doctor-hc-salicylic-acid-b5-sejas-serums-30-ml\/","title":{"rendered":"The Doctor H&#038;C Salicylic Acid + B5 Sejas serums, 30 ml"},"content":{"rendered":"<p>\u0100das l\u012bdzsvars. R\u016bp\u0113jas par problem\u0101tisku \u0101du ar noslieci uz akni.<\/p>\n<p><strong>Lieto&scaron;ana:<\/strong> uzkl\u0101jiet nelielu seruma daudzumu uz sejas \u0101das. Lietojiet 2 reizes dien\u0101.<\/p>\n<p><strong>Piesardz\u012bbas pas\u0101kumi:<\/strong> iesp\u0113jama paaugstin\u0101ta individu\u0101l\u0101 jut\u012bba pret atsevi&scaron;\u0137\u0101m sast\u0101vda\u013c\u0101m.&nbsp;<\/p>\n<p>Uzglab\u0101t temperat\u016br\u0101 no +5 &deg;\u0421 l\u012bdz +25 &deg;\u0421.<br \/>\n&nbsp;<\/p>\n","protected":false},"excerpt":{"rendered":"<p>\u0100das l\u012bdzsvars. R\u016bp\u0113jas par problem\u0101tisku \u0101du ar noslieci uz akni. Lieto&scaron;ana: uzkl\u0101jiet nelielu seruma daudzumu uz sejas \u0101das. Lietojiet 2 reizes dien\u0101. Piesardz\u012bbas pas\u0101kumi: iesp\u0113jama paaugstin\u0101ta individu\u0101l\u0101 jut\u012bba pret atsevi&scaron;\u0137\u0101m sast\u0101vda\u013c\u0101m.&nbsp; Uzglab\u0101t temperat\u016br\u0101 no +5 &deg;\u0421 l\u012bdz +25 &deg;\u0421. &nbsp;<\/p>\n","protected":false},"featured_media":91430,"template":"","meta":[],"product_cat":[1325],"product_tag":[],"class_list":{"0":"post-47300","1":"product","2":"type-product","3":"status-publish","4":"has-post-thumbnail","6":"product_brand-elfa_ua","7":"product_cat-serumi","9":"first","10":"instock","11":"taxable","12":"shipping-taxable","13":"product-type-simple"},"_links":{"self":[{"href":"https:\/\/e.kosmolat.eu\/lv\/wp-json\/wp\/v2\/product\/47300","targetHints":{"allow":["GET"]}}],"collection":[{"href":"https:\/\/e.kosmolat.eu\/lv\/wp-json\/wp\/v2\/product"}],"about":[{"href":"https:\/\/e.kosmolat.eu\/lv\/wp-json\/wp\/v2\/types\/product"}],"wp:featuredmedia":[{"embeddable":true,"href":"https:\/\/e.kosmolat.eu\/lv\/wp-json\/wp\/v2\/media\/91430"}],"wp:attachment":[{"href":"https:\/\/e.kosmolat.eu\/lv\/wp-json\/wp\/v2\/media?parent=47300"}],"wp:term":[{"taxonomy":"product_cat","embeddable":true,"href":"https:\/\/e.kosmolat.eu\/lv\/wp-json\/wp\/v2\/product_cat?post=47300"},{"taxonomy":"product_tag","embeddable":true,"href":"https:\/\/e.kosmolat.eu\/lv\/wp-json\/wp\/v2\/product_tag?post=47300"}],"curies":[{"name":"wp","href":"https:\/\/api.w.org\/{rel}","templated":true}]}}