{"id":47276,"date":"2024-03-11T08:50:52","date_gmt":"2024-03-11T08:50:52","guid":{"rendered":"https:\/\/e.kosmolat.eu\/product\/the-doctor-hc-hyaluron-power-sejas-serums-30-ml\/"},"modified":"2025-09-20T03:58:09","modified_gmt":"2025-09-20T03:58:09","slug":"the-doctor-hc-hyaluron-power-sejas-serums-30-ml","status":"publish","type":"product","link":"https:\/\/e.kosmolat.eu\/lv\/product\/the-doctor-hc-hyaluron-power-sejas-serums-30-ml\/","title":{"rendered":"The Doctor H&#038;C Hyaluron Power Sejas serums, 30 ml"},"content":{"rendered":"<p>Mitrino&scaron;a formula. R\u016bp\u0113jas par dehidrat\u0113tu \u0101du ar noveco&scaron;an\u0101s paz\u012bm\u0113m.<\/p>\n<p><strong>Lieto&scaron;ana:<\/strong> uzkl\u0101jiet nelielu seruma daudzumu uz sejas \u0101das. Lietojiet 2 reizes dien\u0101.<\/p>\n<p><strong>Piesardz\u012bbas pas\u0101kumi:<\/strong> iesp\u0113jama paaugstin\u0101ta individu\u0101l\u0101 jut\u012bba pret atsevi&scaron;\u0137\u0101m sast\u0101vda\u013c\u0101m.&nbsp;<\/p>\n<p>Uzglab\u0101t temperat\u016br\u0101 no +5 &deg;\u0421 l\u012bdz +25 &deg;\u0421.<br \/>\n&nbsp;<\/p>\n","protected":false},"excerpt":{"rendered":"<p>Mitrino&scaron;a formula. R\u016bp\u0113jas par dehidrat\u0113tu \u0101du ar noveco&scaron;an\u0101s paz\u012bm\u0113m. Lieto&scaron;ana: uzkl\u0101jiet nelielu seruma daudzumu uz sejas \u0101das. Lietojiet 2 reizes dien\u0101. Piesardz\u012bbas pas\u0101kumi: iesp\u0113jama paaugstin\u0101ta individu\u0101l\u0101 jut\u012bba pret atsevi&scaron;\u0137\u0101m sast\u0101vda\u013c\u0101m.&nbsp; Uzglab\u0101t temperat\u016br\u0101 no +5 &deg;\u0421 l\u012bdz +25 &deg;\u0421. &nbsp;<\/p>\n","protected":false},"featured_media":91418,"template":"","meta":[],"product_cat":[1327],"product_tag":[],"class_list":{"0":"post-47276","1":"product","2":"type-product","3":"status-publish","4":"has-post-thumbnail","6":"product_brand-elfa_ua","7":"product_cat-serumai","9":"first","10":"outofstock","11":"taxable","12":"shipping-taxable","13":"product-type-simple"},"_links":{"self":[{"href":"https:\/\/e.kosmolat.eu\/lv\/wp-json\/wp\/v2\/product\/47276","targetHints":{"allow":["GET"]}}],"collection":[{"href":"https:\/\/e.kosmolat.eu\/lv\/wp-json\/wp\/v2\/product"}],"about":[{"href":"https:\/\/e.kosmolat.eu\/lv\/wp-json\/wp\/v2\/types\/product"}],"wp:featuredmedia":[{"embeddable":true,"href":"https:\/\/e.kosmolat.eu\/lv\/wp-json\/wp\/v2\/media\/91418"}],"wp:attachment":[{"href":"https:\/\/e.kosmolat.eu\/lv\/wp-json\/wp\/v2\/media?parent=47276"}],"wp:term":[{"taxonomy":"product_cat","embeddable":true,"href":"https:\/\/e.kosmolat.eu\/lv\/wp-json\/wp\/v2\/product_cat?post=47276"},{"taxonomy":"product_tag","embeddable":true,"href":"https:\/\/e.kosmolat.eu\/lv\/wp-json\/wp\/v2\/product_tag?post=47276"}],"curies":[{"name":"wp","href":"https:\/\/api.w.org\/{rel}","templated":true}]}}