{"id":47268,"date":"2024-03-11T08:50:35","date_gmt":"2024-03-11T08:50:35","guid":{"rendered":"https:\/\/e.kosmolat.eu\/product\/the-doctor-hc-bakuchiol-ceramides-sejas-serums-30-ml\/"},"modified":"2026-02-11T12:25:20","modified_gmt":"2026-02-11T12:25:20","slug":"i_the-doctor-hc-bakuchiol-ceramides-sejas-serums-30-ml","status":"publish","type":"product","link":"https:\/\/e.kosmolat.eu\/lv\/product\/i_the-doctor-hc-bakuchiol-ceramides-sejas-serums-30-ml\/","title":{"rendered":"I_The Doctor H&#038;C Bakuchiol + Ceramides Sejas serums, 30 ml"},"content":{"rendered":"<p>Jaun\u012bbas pagarin\u0101&scaron;ana un mitrin\u0101&scaron;ana. Aizsarg\u0101 \u0101du pret noveco&scaron;an\u0101s procesiem.<\/p>\n<p><strong>Lieto&scaron;ana:<\/strong> uzkl\u0101jiet nelielu seruma daudzumu uz sejas \u0101das. Lietojiet 2 reizes dien\u0101.<\/p>\n<p><strong>Piesardz\u012bbas pas\u0101kumi:<\/strong> iesp\u0113jama paaugstin\u0101ta individu\u0101l\u0101 jut\u012bba pret atsevi&scaron;\u0137\u0101m sast\u0101vda\u013c\u0101m.&nbsp;<\/p>\n<p>Uzglab\u0101t temperat\u016br\u0101 no +5 &deg;\u0421 l\u012bdz +25 &deg;\u0421.<br \/>\n&nbsp;<\/p>\n","protected":false},"excerpt":{"rendered":"<p>Jaun\u012bbas pagarin\u0101&scaron;ana un mitrin\u0101&scaron;ana. Aizsarg\u0101 \u0101du pret noveco&scaron;an\u0101s procesiem. Lieto&scaron;ana: uzkl\u0101jiet nelielu seruma daudzumu uz sejas \u0101das. Lietojiet 2 reizes dien\u0101. Piesardz\u012bbas pas\u0101kumi: iesp\u0113jama paaugstin\u0101ta individu\u0101l\u0101 jut\u012bba pret atsevi&scaron;\u0137\u0101m sast\u0101vda\u013c\u0101m.&nbsp; Uzglab\u0101t temperat\u016br\u0101 no +5 &deg;\u0421 l\u012bdz +25 &deg;\u0421. &nbsp;<\/p>\n","protected":false},"featured_media":91414,"template":"","meta":[],"product_cat":[1325],"product_tag":[],"class_list":{"0":"post-47268","1":"product","2":"type-product","3":"status-publish","4":"has-post-thumbnail","6":"product_brand-elfa_ua","7":"product_cat-serumi","9":"first","10":"outofstock","11":"taxable","12":"shipping-taxable","13":"product-type-simple"},"_links":{"self":[{"href":"https:\/\/e.kosmolat.eu\/lv\/wp-json\/wp\/v2\/product\/47268","targetHints":{"allow":["GET"]}}],"collection":[{"href":"https:\/\/e.kosmolat.eu\/lv\/wp-json\/wp\/v2\/product"}],"about":[{"href":"https:\/\/e.kosmolat.eu\/lv\/wp-json\/wp\/v2\/types\/product"}],"wp:featuredmedia":[{"embeddable":true,"href":"https:\/\/e.kosmolat.eu\/lv\/wp-json\/wp\/v2\/media\/91414"}],"wp:attachment":[{"href":"https:\/\/e.kosmolat.eu\/lv\/wp-json\/wp\/v2\/media?parent=47268"}],"wp:term":[{"taxonomy":"product_cat","embeddable":true,"href":"https:\/\/e.kosmolat.eu\/lv\/wp-json\/wp\/v2\/product_cat?post=47268"},{"taxonomy":"product_tag","embeddable":true,"href":"https:\/\/e.kosmolat.eu\/lv\/wp-json\/wp\/v2\/product_tag?post=47268"}],"curies":[{"name":"wp","href":"https:\/\/api.w.org\/{rel}","templated":true}]}}