{"id":47252,"date":"2024-03-11T08:49:59","date_gmt":"2024-03-11T08:49:59","guid":{"rendered":"https:\/\/e.kosmolat.eu\/product\/the-doctor-hc-3in1-salicylic-acid-b5-sejas-kr-40-ml\/"},"modified":"2026-05-08T21:14:54","modified_gmt":"2026-05-08T21:14:54","slug":"the-doctor-hc-3in1-salicylic-acid-b5-sejas-kr-40-ml","status":"publish","type":"product","link":"https:\/\/e.kosmolat.eu\/lv\/product\/the-doctor-hc-3in1-salicylic-acid-b5-sejas-kr-40-ml\/","title":{"rendered":"The Doctor H&#038;C 3in1 Salicylic Acid + B5 Sejas kr., 40 ml"},"content":{"rendered":"<p>\u0100das l\u012bdzsvars. Kr\u0113ms sejai, kaklam un dekolt\u0113 zonai.<\/p>\n<p><strong>Lieto&scaron;ana: <\/strong>uzkl\u0101jiet nelielu kr\u0113ma daudzumu uz sejas, kakla un dekolt\u0113 zon\u0101m. Lietojiet 2 reizes dien\u0101.<\/p>\n<p><strong>Piesardz\u012bbas pas\u0101kumi:<\/strong> iesp\u0113jama paaugstin\u0101ta individu\u0101l\u0101 jut\u012bba pret atsevi&scaron;\u0137\u0101m sast\u0101vda\u013c\u0101m.&nbsp;<\/p>\n<p>Uzglab\u0101t temperat\u016br\u0101 no +5 &deg;\u0421 l\u012bdz +25 &deg;\u0421.<br \/>\n&nbsp;<\/p>\n","protected":false},"excerpt":{"rendered":"<p>\u0100das l\u012bdzsvars. Kr\u0113ms sejai, kaklam un dekolt\u0113 zonai. Lieto&scaron;ana: uzkl\u0101jiet nelielu kr\u0113ma daudzumu uz sejas, kakla un dekolt\u0113 zon\u0101m. Lietojiet 2 reizes dien\u0101. Piesardz\u012bbas pas\u0101kumi: iesp\u0113jama paaugstin\u0101ta individu\u0101l\u0101 jut\u012bba pret atsevi&scaron;\u0137\u0101m sast\u0101vda\u013c\u0101m.&nbsp; Uzglab\u0101t temperat\u016br\u0101 no +5 &deg;\u0421 l\u012bdz +25 &deg;\u0421. &nbsp;<\/p>\n","protected":false},"featured_media":91406,"template":"","meta":[],"product_cat":[1322],"product_tag":[],"class_list":{"0":"post-47252","1":"product","2":"type-product","3":"status-publish","4":"has-post-thumbnail","6":"product_brand-elfa_ua","7":"product_cat-veido-kremai","9":"first","10":"instock","11":"taxable","12":"shipping-taxable","13":"product-type-simple"},"_links":{"self":[{"href":"https:\/\/e.kosmolat.eu\/lv\/wp-json\/wp\/v2\/product\/47252","targetHints":{"allow":["GET"]}}],"collection":[{"href":"https:\/\/e.kosmolat.eu\/lv\/wp-json\/wp\/v2\/product"}],"about":[{"href":"https:\/\/e.kosmolat.eu\/lv\/wp-json\/wp\/v2\/types\/product"}],"wp:featuredmedia":[{"embeddable":true,"href":"https:\/\/e.kosmolat.eu\/lv\/wp-json\/wp\/v2\/media\/91406"}],"wp:attachment":[{"href":"https:\/\/e.kosmolat.eu\/lv\/wp-json\/wp\/v2\/media?parent=47252"}],"wp:term":[{"taxonomy":"product_cat","embeddable":true,"href":"https:\/\/e.kosmolat.eu\/lv\/wp-json\/wp\/v2\/product_cat?post=47252"},{"taxonomy":"product_tag","embeddable":true,"href":"https:\/\/e.kosmolat.eu\/lv\/wp-json\/wp\/v2\/product_tag?post=47252"}],"curies":[{"name":"wp","href":"https:\/\/api.w.org\/{rel}","templated":true}]}}