{"id":47228,"date":"2024-03-11T08:49:08","date_gmt":"2024-03-11T08:49:08","guid":{"rendered":"https:\/\/e.kosmolat.eu\/product\/the-doctor-hc-3in1-hyaluron-power-sejas-krems-40-ml\/"},"modified":"2026-04-17T13:49:44","modified_gmt":"2026-04-17T13:49:44","slug":"the-doctor-hc-3in1-hyaluron-power-sejas-krems-40-ml","status":"publish","type":"product","link":"https:\/\/e.kosmolat.eu\/lv\/product\/the-doctor-hc-3in1-hyaluron-power-sejas-krems-40-ml\/","title":{"rendered":"The Doctor H&#038;C 3in1 Hyaluron Power Sejas kr\u0113ms, 40 ml"},"content":{"rendered":"<p>Mitrino&scaron;a formula. Dienas kr\u0113ms, nakts kr\u0113ms, kr\u0113ms \u0101dai ap ac\u012bm.<\/p>\n<p><strong>Lieto&scaron;ana: <\/strong>uzkl\u0101jiet nelielu kr\u0113ma daudzumu uz sejas \u0101das un \u0101das ap ac\u012bm. Lietojiet 2 reizes dien\u0101.<\/p>\n<p><strong>Piesardz\u012bbas pas\u0101kumi:<\/strong> iesp\u0113jama paaugstin\u0101ta individu\u0101l\u0101 jut\u012bba pret atsevi&scaron;\u0137\u0101m sast\u0101vda\u013c\u0101m.&nbsp;<\/p>\n<p>Uzglab\u0101t temperat\u016br\u0101 no +5 &deg;\u0421 l\u012bdz +25 &deg;\u0421.<br \/>\n&nbsp;<\/p>\n","protected":false},"excerpt":{"rendered":"<p>Mitrino&scaron;a formula. Dienas kr\u0113ms, nakts kr\u0113ms, kr\u0113ms \u0101dai ap ac\u012bm. Lieto&scaron;ana: uzkl\u0101jiet nelielu kr\u0113ma daudzumu uz sejas \u0101das un \u0101das ap ac\u012bm. Lietojiet 2 reizes dien\u0101. Piesardz\u012bbas pas\u0101kumi: iesp\u0113jama paaugstin\u0101ta individu\u0101l\u0101 jut\u012bba pret atsevi&scaron;\u0137\u0101m sast\u0101vda\u013c\u0101m.&nbsp; Uzglab\u0101t temperat\u016br\u0101 no +5 &deg;\u0421 l\u012bdz +25 &deg;\u0421. &nbsp;<\/p>\n","protected":false},"featured_media":91394,"template":"","meta":[],"product_cat":[1588],"product_tag":[],"class_list":{"0":"post-47228","1":"product","2":"type-product","3":"status-publish","4":"has-post-thumbnail","6":"product_brand-elfa_ua","7":"product_cat-acu-kremi","9":"first","10":"instock","11":"taxable","12":"shipping-taxable","13":"product-type-simple"},"_links":{"self":[{"href":"https:\/\/e.kosmolat.eu\/lv\/wp-json\/wp\/v2\/product\/47228","targetHints":{"allow":["GET"]}}],"collection":[{"href":"https:\/\/e.kosmolat.eu\/lv\/wp-json\/wp\/v2\/product"}],"about":[{"href":"https:\/\/e.kosmolat.eu\/lv\/wp-json\/wp\/v2\/types\/product"}],"wp:featuredmedia":[{"embeddable":true,"href":"https:\/\/e.kosmolat.eu\/lv\/wp-json\/wp\/v2\/media\/91394"}],"wp:attachment":[{"href":"https:\/\/e.kosmolat.eu\/lv\/wp-json\/wp\/v2\/media?parent=47228"}],"wp:term":[{"taxonomy":"product_cat","embeddable":true,"href":"https:\/\/e.kosmolat.eu\/lv\/wp-json\/wp\/v2\/product_cat?post=47228"},{"taxonomy":"product_tag","embeddable":true,"href":"https:\/\/e.kosmolat.eu\/lv\/wp-json\/wp\/v2\/product_tag?post=47228"}],"curies":[{"name":"wp","href":"https:\/\/api.w.org\/{rel}","templated":true}]}}