{"id":47169,"date":"2024-03-06T05:11:07","date_gmt":"2024-03-06T05:11:07","guid":{"rendered":"https:\/\/e.kosmolat.eu\/product\/lv-skropstu-tusa-smoky-eyes-melna-7g-palielinasanas-un-pagarinasanas-efekts\/"},"modified":"2025-09-19T19:53:50","modified_gmt":"2025-09-19T19:53:50","slug":"lv-skropstu-tusa-smoky-eyes-melna-7g-palielinasanas-un-pagarinasanas-efekts","status":"publish","type":"product","link":"https:\/\/e.kosmolat.eu\/lv\/product\/lv-skropstu-tusa-smoky-eyes-melna-7g-palielinasanas-un-pagarinasanas-efekts\/","title":{"rendered":"LV Skropstu tu\u0161a Smoky eyes Melna 7g, Palielin\u0101\u0161anas un pagarin\u0101\u0161anas efekts"},"content":{"rendered":"<p>Skropstu tu\u0161a pagarina skropstu garumu, pie\u0161\u0137ir neticamu apjomu un padara skropstas dzi\u013ci melnas.<\/p>\n","protected":false},"excerpt":{"rendered":"<p>Skropstu tu\u0161a pagarina skropstu garumu, pie\u0161\u0137ir neticamu apjomu un padara skropstas dzi\u013ci melnas.<\/p>\n","protected":false},"featured_media":83338,"template":"","meta":[],"product_cat":[1380],"product_tag":[],"class_list":{"0":"post-47169","1":"product","2":"type-product","3":"status-publish","4":"has-post-thumbnail","6":"product_brand-lux-visage_by","7":"product_cat-tusas","9":"first","10":"outofstock","11":"taxable","12":"shipping-taxable","13":"product-type-simple"},"_links":{"self":[{"href":"https:\/\/e.kosmolat.eu\/lv\/wp-json\/wp\/v2\/product\/47169","targetHints":{"allow":["GET"]}}],"collection":[{"href":"https:\/\/e.kosmolat.eu\/lv\/wp-json\/wp\/v2\/product"}],"about":[{"href":"https:\/\/e.kosmolat.eu\/lv\/wp-json\/wp\/v2\/types\/product"}],"wp:featuredmedia":[{"embeddable":true,"href":"https:\/\/e.kosmolat.eu\/lv\/wp-json\/wp\/v2\/media\/83338"}],"wp:attachment":[{"href":"https:\/\/e.kosmolat.eu\/lv\/wp-json\/wp\/v2\/media?parent=47169"}],"wp:term":[{"taxonomy":"product_cat","embeddable":true,"href":"https:\/\/e.kosmolat.eu\/lv\/wp-json\/wp\/v2\/product_cat?post=47169"},{"taxonomy":"product_tag","embeddable":true,"href":"https:\/\/e.kosmolat.eu\/lv\/wp-json\/wp\/v2\/product_tag?post=47169"}],"curies":[{"name":"wp","href":"https:\/\/api.w.org\/{rel}","templated":true}]}}