{"id":47137,"date":"2024-03-06T05:09:19","date_gmt":"2024-03-06T05:09:19","guid":{"rendered":"https:\/\/e.kosmolat.eu\/product\/lv-metal-hype-09-tonis-skidras-acu-enas\/"},"modified":"2026-03-31T20:08:41","modified_gmt":"2026-03-31T20:08:41","slug":"lv-metal-hype-09-tonis-skidras-acu-enas","status":"publish","type":"product","link":"https:\/\/e.kosmolat.eu\/lv\/product\/lv-metal-hype-09-tonis-skidras-acu-enas\/","title":{"rendered":"LV Metal hype 09 tonis \u0160\u0137idr\u0101s acu \u0113nas"},"content":{"rendered":"<p>Notur\u012bgas \u0161\u0137idr\u0101s acu \u0113nas Met\u0101la hype ir moderns produkts efekt\u012bvam acu grimam ar spilgtu met\u0101lisku sp\u012bdumu.\n<\/p>\n<\/p>\n<p>Pies\u0101tin\u0101t\u0101s kr\u0101sas ar lielu p\u0113r\u013cveida pigmentu saturu no pirm\u0101 sl\u0101\u0146a rada bl\u012bvu starojo\u0161u p\u0101rkl\u0101jumu.\n<\/p>\n<\/p>\n<p>Acu \u0113nu \u0161\u0137idr\u0101 \u017eelejas tekst\u016bra Met\u0101la hype \u013cauj izveidot iespaid\u012bgu acu grimu tikai da\u017eu min\u016b\u0161u laik\u0101.\n<\/p>\n<\/p>\n<p>T\u0101s ir neticami viegli un \u0101tri uzkl\u0101t perfektam vienm\u0113r\u012bgam sl\u0101nim, to vienm\u0113r\u012bgi kl\u0101jot un \u0113nojot ieg\u016bstot v\u0113lamo toni &#8211; no spilgta mirdzuma l\u012bdz delik\u0101ti kv\u0113lojo\u0161am pl\u012bvuram.\n<\/p>\n<\/p>\n<p>\u0112nas \u0101tri no\u017e\u016bst, saglab\u0101 kr\u0101sas un mirdzuma spilgtumu l\u012bdz 12 stund\u0101m. Piln\u012bgi viegls un gais\u012bgs, nej\u016btas t\u0101 esam\u012bba uz acu plaksti\u0146iem.\n<\/p>\n<\/p>\n<p>Neprasa b\u0101zi (\u0113nu b\u0101zi) zem \u0113nas. Viegli no\u0146emams ar jebkuru kosm\u0113tikas no\u0146\u0113m\u0113ju. Satur mitrino\u0161as un m\u012bkstino\u0161as sast\u0101vda\u013cas.\n<\/p>\n<\/p>\n<p>Uzman\u012bbu! Displeja kr\u0101sas var at\u0161\u0137irties no faktisk\u0101s izstr\u0101d\u0101juma kr\u0101sas.<\/p>\n","protected":false},"excerpt":{"rendered":"<p>Notur\u012bgas \u0161\u0137idr\u0101s acu \u0113nas Met\u0101la hype ir moderns produkts efekt\u012bvam acu grimam ar spilgtu met\u0101lisku sp\u012bdumu. Pies\u0101tin\u0101t\u0101s kr\u0101sas ar lielu p\u0113r\u013cveida pigmentu saturu no pirm\u0101 sl\u0101\u0146a rada bl\u012bvu starojo\u0161u p\u0101rkl\u0101jumu. Acu \u0113nu \u0161\u0137idr\u0101 \u017eelejas tekst\u016bra Met\u0101la hype \u013cauj izveidot iespaid\u012bgu acu grimu tikai da\u017eu min\u016b\u0161u laik\u0101. T\u0101s ir neticami viegli un \u0101tri uzkl\u0101t perfektam vienm\u0113r\u012bgam [&#8230;]\n","protected":false},"featured_media":83534,"template":"","meta":[],"product_cat":[1293],"product_tag":[],"class_list":{"0":"post-47137","1":"product","2":"type-product","3":"status-publish","4":"has-post-thumbnail","6":"product_brand-lux-visage_by","7":"product_cat-acu-enas","9":"first","10":"outofstock","11":"taxable","12":"shipping-taxable","13":"product-type-simple"},"_links":{"self":[{"href":"https:\/\/e.kosmolat.eu\/lv\/wp-json\/wp\/v2\/product\/47137","targetHints":{"allow":["GET"]}}],"collection":[{"href":"https:\/\/e.kosmolat.eu\/lv\/wp-json\/wp\/v2\/product"}],"about":[{"href":"https:\/\/e.kosmolat.eu\/lv\/wp-json\/wp\/v2\/types\/product"}],"wp:featuredmedia":[{"embeddable":true,"href":"https:\/\/e.kosmolat.eu\/lv\/wp-json\/wp\/v2\/media\/83534"}],"wp:attachment":[{"href":"https:\/\/e.kosmolat.eu\/lv\/wp-json\/wp\/v2\/media?parent=47137"}],"wp:term":[{"taxonomy":"product_cat","embeddable":true,"href":"https:\/\/e.kosmolat.eu\/lv\/wp-json\/wp\/v2\/product_cat?post=47137"},{"taxonomy":"product_tag","embeddable":true,"href":"https:\/\/e.kosmolat.eu\/lv\/wp-json\/wp\/v2\/product_tag?post=47137"}],"curies":[{"name":"wp","href":"https:\/\/api.w.org\/{rel}","templated":true}]}}