{"id":47109,"date":"2024-03-06T05:08:06","date_gmt":"2024-03-06T05:08:06","guid":{"rendered":"https:\/\/e.kosmolat.eu\/product\/the-doctor-hc-hyaluron-power-micelarais-udens-200-ml\/"},"modified":"2026-04-01T05:24:45","modified_gmt":"2026-04-01T05:24:45","slug":"the-doctor-hc-hyaluron-power-micelarais-udens-200-ml","status":"publish","type":"product","link":"https:\/\/e.kosmolat.eu\/lv\/product\/the-doctor-hc-hyaluron-power-micelarais-udens-200-ml\/","title":{"rendered":"The Doctor H&#038;C Hyaluron Power Micel\u0101rais \u016bdens, 200 ml"},"content":{"rendered":"<p>Mitrino&scaron;\u0101 formula satur kompleksu no 5 da\u017e\u0101diem hialuronsk\u0101bes veidiem. Maigi un efekt\u012bvi no\u0146em net\u012brumus, grimu un lieko sebumu.<\/p>\n<p><strong>Lieto&scaron;ana: <\/strong>uzkl\u0101t nelielu &scaron;\u0137idruma daudzumu uz vates diska. Maigi not\u012br\u012bt seju, acu zonu un l\u016bpas. Nav mepiecie&scaron;ams noskalot.<\/p>\n<p><strong>Piesardz\u012bbas pas\u0101kumi:<\/strong> iesp\u0113jama paaugstin\u0101ta individu\u0101l\u0101 jut\u012bba pret atsevi&scaron;\u0137\u0101m sast\u0101vda\u013c\u0101m.&nbsp;<\/p>\n<p><strong>Der\u012bguma termi\u0146&scaron;: <\/strong>30 m\u0113ne&scaron;i no izgatavo&scaron;anas datuma.<\/p>\n<p>Uzglab\u0101t temperat\u016br\u0101 no +5 &deg;\u0421 l\u012bdz +25 &deg;\u0421.<br \/>\n&nbsp;<\/p>\n","protected":false},"excerpt":{"rendered":"<p>Mitrino&scaron;\u0101 formula satur kompleksu no 5 da\u017e\u0101diem hialuronsk\u0101bes veidiem. Maigi un efekt\u012bvi no\u0146em net\u012brumus, grimu un lieko sebumu. Lieto&scaron;ana: uzkl\u0101t nelielu &scaron;\u0137idruma daudzumu uz vates diska. Maigi not\u012br\u012bt seju, acu zonu un l\u016bpas. Nav mepiecie&scaron;ams noskalot. Piesardz\u012bbas pas\u0101kumi: iesp\u0113jama paaugstin\u0101ta individu\u0101l\u0101 jut\u012bba pret atsevi&scaron;\u0137\u0101m sast\u0101vda\u013c\u0101m.&nbsp; Der\u012bguma termi\u0146&scaron;: 30 m\u0113ne&scaron;i no izgatavo&scaron;anas datuma. Uzglab\u0101t temperat\u016br\u0101 no [&#8230;]\n","protected":false},"featured_media":91442,"template":"","meta":[],"product_cat":[1568],"product_tag":[],"class_list":{"0":"post-47109","1":"product","2":"type-product","3":"status-publish","4":"has-post-thumbnail","6":"product_brand-elfa_ua","7":"product_cat-micelarais-udens","9":"first","10":"instock","11":"taxable","12":"shipping-taxable","13":"product-type-simple"},"_links":{"self":[{"href":"https:\/\/e.kosmolat.eu\/lv\/wp-json\/wp\/v2\/product\/47109","targetHints":{"allow":["GET"]}}],"collection":[{"href":"https:\/\/e.kosmolat.eu\/lv\/wp-json\/wp\/v2\/product"}],"about":[{"href":"https:\/\/e.kosmolat.eu\/lv\/wp-json\/wp\/v2\/types\/product"}],"wp:featuredmedia":[{"embeddable":true,"href":"https:\/\/e.kosmolat.eu\/lv\/wp-json\/wp\/v2\/media\/91442"}],"wp:attachment":[{"href":"https:\/\/e.kosmolat.eu\/lv\/wp-json\/wp\/v2\/media?parent=47109"}],"wp:term":[{"taxonomy":"product_cat","embeddable":true,"href":"https:\/\/e.kosmolat.eu\/lv\/wp-json\/wp\/v2\/product_cat?post=47109"},{"taxonomy":"product_tag","embeddable":true,"href":"https:\/\/e.kosmolat.eu\/lv\/wp-json\/wp\/v2\/product_tag?post=47109"}],"curies":[{"name":"wp","href":"https:\/\/api.w.org\/{rel}","templated":true}]}}