{"id":47053,"date":"2024-03-06T05:05:25","date_gmt":"2024-03-06T05:05:25","guid":{"rendered":"https:\/\/e.kosmolat.eu\/product\/the-doctor-hc-bakuchiol-ceramides-attiros-putas-sejai-150-ml\/"},"modified":"2026-04-01T11:48:20","modified_gmt":"2026-04-01T11:48:20","slug":"the-doctor-hc-bakuchiol-ceramides-attiros-putas-sejai-150-ml","status":"publish","type":"product","link":"https:\/\/e.kosmolat.eu\/lv\/product\/the-doctor-hc-bakuchiol-ceramides-attiros-putas-sejai-150-ml\/","title":{"rendered":"The Doctor H&#038;C Bakuchiol + Ceramides Att\u012bro\u0161. putas sejai, 150 ml"},"content":{"rendered":"<p>Jaun\u012bbas pagarin\u0101&scaron;ana un mitrin\u0101&scaron;ana. Att\u012bro&scaron;\u0101s putas maigi no\u0146em grimu un net\u012brumus. T\u0101m piem\u012bt nomierino&scaron;a, mitrino&scaron;a un barojo&scaron;a iedarb\u012bba.<\/p>\n<p><strong>Lieto&scaron;ana:<\/strong> uzkl\u0101t putas uz mitras sejas \u0101das ar viegl\u0101m mas\u0113jo&scaron;\u0101m ap\u013cveida kust\u012bb\u0101m. Noskalot ar \u016bdeni.<\/p>\n<p><strong>Piesardz\u012bbas pas\u0101kumi:<\/strong> iesp\u0113jama paaugstin\u0101ta individu\u0101l\u0101 jut\u012bba pret atsevi&scaron;\u0137\u0101m sast\u0101vda\u013c\u0101m.&nbsp;<\/p>\n<p><strong>Der\u012bguma termi\u0146&scaron;:<\/strong> 30 m\u0113ne&scaron;i no izgatavo&scaron;anas datuma.<\/p>\n<p>Uzglab\u0101t temperat\u016br\u0101 no +5 &deg;\u0421 l\u012bdz +25 &deg;\u0421.<br \/>\n&nbsp;<\/p>\n","protected":false},"excerpt":{"rendered":"<p>Jaun\u012bbas pagarin\u0101&scaron;ana un mitrin\u0101&scaron;ana. Att\u012bro&scaron;\u0101s putas maigi no\u0146em grimu un net\u012brumus. T\u0101m piem\u012bt nomierino&scaron;a, mitrino&scaron;a un barojo&scaron;a iedarb\u012bba. Lieto&scaron;ana: uzkl\u0101t putas uz mitras sejas \u0101das ar viegl\u0101m mas\u0113jo&scaron;\u0101m ap\u013cveida kust\u012bb\u0101m. Noskalot ar \u016bdeni. Piesardz\u012bbas pas\u0101kumi: iesp\u0113jama paaugstin\u0101ta individu\u0101l\u0101 jut\u012bba pret atsevi&scaron;\u0137\u0101m sast\u0101vda\u013c\u0101m.&nbsp; Der\u012bguma termi\u0146&scaron;: 30 m\u0113ne&scaron;i no izgatavo&scaron;anas datuma. Uzglab\u0101t temperat\u016br\u0101 no +5 &deg;\u0421 l\u012bdz [&#8230;]\n","protected":false},"featured_media":91366,"template":"","meta":[],"product_cat":[1833],"product_tag":[],"class_list":{"0":"post-47053","1":"product","2":"type-product","3":"status-publish","4":"has-post-thumbnail","6":"product_brand-elfa_ua","7":"product_cat-putas-sejas-mazgasanai","9":"first","10":"instock","11":"taxable","12":"shipping-taxable","13":"product-type-simple"},"_links":{"self":[{"href":"https:\/\/e.kosmolat.eu\/lv\/wp-json\/wp\/v2\/product\/47053","targetHints":{"allow":["GET"]}}],"collection":[{"href":"https:\/\/e.kosmolat.eu\/lv\/wp-json\/wp\/v2\/product"}],"about":[{"href":"https:\/\/e.kosmolat.eu\/lv\/wp-json\/wp\/v2\/types\/product"}],"wp:featuredmedia":[{"embeddable":true,"href":"https:\/\/e.kosmolat.eu\/lv\/wp-json\/wp\/v2\/media\/91366"}],"wp:attachment":[{"href":"https:\/\/e.kosmolat.eu\/lv\/wp-json\/wp\/v2\/media?parent=47053"}],"wp:term":[{"taxonomy":"product_cat","embeddable":true,"href":"https:\/\/e.kosmolat.eu\/lv\/wp-json\/wp\/v2\/product_cat?post=47053"},{"taxonomy":"product_tag","embeddable":true,"href":"https:\/\/e.kosmolat.eu\/lv\/wp-json\/wp\/v2\/product_tag?post=47053"}],"curies":[{"name":"wp","href":"https:\/\/api.w.org\/{rel}","templated":true}]}}