{"id":47045,"date":"2024-03-06T05:04:54","date_gmt":"2024-03-06T05:04:54","guid":{"rendered":"https:\/\/e.kosmolat.eu\/product\/the-doctor-hc-vitamin-c-sejas-toneris-150-ml\/"},"modified":"2026-04-17T13:49:15","modified_gmt":"2026-04-17T13:49:15","slug":"the-doctor-hc-vitamin-c-sejas-toneris-150-ml","status":"publish","type":"product","link":"https:\/\/e.kosmolat.eu\/lv\/product\/the-doctor-hc-vitamin-c-sejas-toneris-150-ml\/","title":{"rendered":"The Doctor H&#038;C  Vitamin C Sejas toneris, 150 ml"},"content":{"rendered":"<p>Izgaismo un pie&scaron;\u0137ir ener\u0123iju. Att\u012bra un mitrina \u0101du. Sagatavo to n\u0101kamajiem kop&scaron;anas posmiem.<\/p>\n<p><strong>Lieto&scaron;ana: <\/strong>uzkl\u0101t nelielu l\u012bdzek\u013ca daudzumu uz vates diska. Maigi noslauc\u012bt sejas \u0101du, izvairoties no acu zonas.<\/p>\n<p><strong>Piesardz\u012bbas pas\u0101kumi: <\/strong>iesp\u0113jama paaugstin\u0101ta individu\u0101l\u0101 jut\u012bba pret atsevi&scaron;\u0137\u0101m sast\u0101vda\u013c\u0101m.&nbsp;<\/p>\n<p><strong>Der\u012bguma termi\u0146&scaron;:<\/strong> 30 m\u0113ne&scaron;i no izgatavo&scaron;anas datuma.<\/p>\n<p>Uzglab\u0101t temperat\u016br\u0101 no +5 &deg;\u0421 l\u012bdz +25 &deg;\u0421.<br \/>\n&nbsp;<\/p>\n","protected":false},"excerpt":{"rendered":"<p>Izgaismo un pie&scaron;\u0137ir ener\u0123iju. Att\u012bra un mitrina \u0101du. Sagatavo to n\u0101kamajiem kop&scaron;anas posmiem. Lieto&scaron;ana: uzkl\u0101t nelielu l\u012bdzek\u013ca daudzumu uz vates diska. Maigi noslauc\u012bt sejas \u0101du, izvairoties no acu zonas. Piesardz\u012bbas pas\u0101kumi: iesp\u0113jama paaugstin\u0101ta individu\u0101l\u0101 jut\u012bba pret atsevi&scaron;\u0137\u0101m sast\u0101vda\u013c\u0101m.&nbsp; Der\u012bguma termi\u0146&scaron;: 30 m\u0113ne&scaron;i no izgatavo&scaron;anas datuma. Uzglab\u0101t temperat\u016br\u0101 no +5 &deg;\u0421 l\u012bdz +25 &deg;\u0421. &nbsp;<\/p>\n","protected":false},"featured_media":91362,"template":"","meta":[],"product_cat":[1578],"product_tag":[],"class_list":{"0":"post-47045","1":"product","2":"type-product","3":"status-publish","4":"has-post-thumbnail","6":"product_brand-elfa_ua","7":"product_cat-losjoni-un-toniki","9":"first","10":"instock","11":"taxable","12":"shipping-taxable","13":"product-type-simple"},"_links":{"self":[{"href":"https:\/\/e.kosmolat.eu\/lv\/wp-json\/wp\/v2\/product\/47045","targetHints":{"allow":["GET"]}}],"collection":[{"href":"https:\/\/e.kosmolat.eu\/lv\/wp-json\/wp\/v2\/product"}],"about":[{"href":"https:\/\/e.kosmolat.eu\/lv\/wp-json\/wp\/v2\/types\/product"}],"wp:featuredmedia":[{"embeddable":true,"href":"https:\/\/e.kosmolat.eu\/lv\/wp-json\/wp\/v2\/media\/91362"}],"wp:attachment":[{"href":"https:\/\/e.kosmolat.eu\/lv\/wp-json\/wp\/v2\/media?parent=47045"}],"wp:term":[{"taxonomy":"product_cat","embeddable":true,"href":"https:\/\/e.kosmolat.eu\/lv\/wp-json\/wp\/v2\/product_cat?post=47045"},{"taxonomy":"product_tag","embeddable":true,"href":"https:\/\/e.kosmolat.eu\/lv\/wp-json\/wp\/v2\/product_tag?post=47045"}],"curies":[{"name":"wp","href":"https:\/\/api.w.org\/{rel}","templated":true}]}}