{"id":47029,"date":"2024-03-06T05:04:22","date_gmt":"2024-03-06T05:04:22","guid":{"rendered":"https:\/\/e.kosmolat.eu\/product\/the-doctor-hc-phyto-collagen-pept-compl-sejas-toneris-150-ml\/"},"modified":"2026-05-08T16:43:52","modified_gmt":"2026-05-08T16:43:52","slug":"the-doctor-hc-phyto-collagen-pept-compl-sejas-toneris-150-ml","status":"publish","type":"product","link":"https:\/\/e.kosmolat.eu\/lv\/product\/the-doctor-hc-phyto-collagen-pept-compl-sejas-toneris-150-ml\/","title":{"rendered":"The Doctor H&#038;C Phyto Collagen-Pept. Compl. Sejas toneris, 150 ml"},"content":{"rendered":"<p>Pretnoveco&scaron;anas komplekss. \u0100dai ar noveco&scaron;an\u0101s paz\u012bm\u0113m. R\u016bp\u012bgi att\u012bra un mitrina, palielinot \u0101das elast\u012bbu un tvirtumu.<\/p>\n<p><strong>Lieto&scaron;ana:<\/strong> uzkl\u0101t nelielu l\u012bdzek\u013ca daudzumu uz vates diska. Maigi noslauc\u012bt sejas \u0101du, izvairoties no acu zonas.<\/p>\n<p><strong>Piesardz\u012bbas pas\u0101kumi:<\/strong> iesp\u0113jama paaugstin\u0101ta individu\u0101l\u0101 jut\u012bba pret atsevi&scaron;\u0137\u0101m sast\u0101vda\u013c\u0101m.&nbsp;<\/p>\n<p><strong>Der\u012bguma termi\u0146&scaron;:<\/strong> 30 m\u0113ne&scaron;i no izgatavo&scaron;anas datuma.<\/p>\n<p>Uzglab\u0101t temperat\u016br\u0101 no +5 &deg;\u0421 l\u012bdz +25 &deg;\u0421.<\/p>\n","protected":false},"excerpt":{"rendered":"<p>Pretnoveco&scaron;anas komplekss. \u0100dai ar noveco&scaron;an\u0101s paz\u012bm\u0113m. R\u016bp\u012bgi att\u012bra un mitrina, palielinot \u0101das elast\u012bbu un tvirtumu. Lieto&scaron;ana: uzkl\u0101t nelielu l\u012bdzek\u013ca daudzumu uz vates diska. Maigi noslauc\u012bt sejas \u0101du, izvairoties no acu zonas. Piesardz\u012bbas pas\u0101kumi: iesp\u0113jama paaugstin\u0101ta individu\u0101l\u0101 jut\u012bba pret atsevi&scaron;\u0137\u0101m sast\u0101vda\u013c\u0101m.&nbsp; Der\u012bguma termi\u0146&scaron;: 30 m\u0113ne&scaron;i no izgatavo&scaron;anas datuma. Uzglab\u0101t temperat\u016br\u0101 no +5 &deg;\u0421 l\u012bdz +25 &deg;\u0421.<\/p>\n","protected":false},"featured_media":91358,"template":"","meta":[],"product_cat":[1580],"product_tag":[],"class_list":{"0":"post-47029","1":"product","2":"type-product","3":"status-publish","4":"has-post-thumbnail","6":"product_brand-elfa_ua","7":"product_cat-losjonai-ir-tonikai","9":"first","10":"instock","11":"taxable","12":"shipping-taxable","13":"product-type-simple"},"_links":{"self":[{"href":"https:\/\/e.kosmolat.eu\/lv\/wp-json\/wp\/v2\/product\/47029","targetHints":{"allow":["GET"]}}],"collection":[{"href":"https:\/\/e.kosmolat.eu\/lv\/wp-json\/wp\/v2\/product"}],"about":[{"href":"https:\/\/e.kosmolat.eu\/lv\/wp-json\/wp\/v2\/types\/product"}],"wp:featuredmedia":[{"embeddable":true,"href":"https:\/\/e.kosmolat.eu\/lv\/wp-json\/wp\/v2\/media\/91358"}],"wp:attachment":[{"href":"https:\/\/e.kosmolat.eu\/lv\/wp-json\/wp\/v2\/media?parent=47029"}],"wp:term":[{"taxonomy":"product_cat","embeddable":true,"href":"https:\/\/e.kosmolat.eu\/lv\/wp-json\/wp\/v2\/product_cat?post=47029"},{"taxonomy":"product_tag","embeddable":true,"href":"https:\/\/e.kosmolat.eu\/lv\/wp-json\/wp\/v2\/product_tag?post=47029"}],"curies":[{"name":"wp","href":"https:\/\/api.w.org\/{rel}","templated":true}]}}