{"id":47021,"date":"2024-03-06T05:04:04","date_gmt":"2024-03-06T05:04:04","guid":{"rendered":"https:\/\/e.kosmolat.eu\/product\/the-doctor-hc-hyaluron-power-sejas-toneris-150-ml\/"},"modified":"2026-04-20T11:57:09","modified_gmt":"2026-04-20T11:57:09","slug":"the-doctor-hc-hyaluron-power-sejas-toneris-150-ml","status":"publish","type":"product","link":"https:\/\/e.kosmolat.eu\/lv\/product\/the-doctor-hc-hyaluron-power-sejas-toneris-150-ml\/","title":{"rendered":"The Doctor H&#038;C Hyaluron Power Sejas toneris, 150 ml"},"content":{"rendered":"<p>Mitrino&scaron;\u0101 formula satur kompleksu no 5 da\u017e\u0101diem hialuronsk\u0101bes veidiem. Maigi un r\u016bp\u012bgi no\u0146em grimu un net\u012brumus. Atsvaidzina \u0101du un no\u0146em net\u012brumus.<\/p>\n<p><strong>Lieto&scaron;ana: <\/strong>uzkl\u0101t nelielu l\u012bdzek\u013ca daudzumu uz vates diska. Maigi noslauc\u012bt sejas \u0101du, izvairoties no acu zonas.<\/p>\n<p><strong>Piesardz\u012bbas pas\u0101kumi: <\/strong>iesp\u0113jama paaugstin\u0101ta individu\u0101l\u0101 jut\u012bba pret atsevi&scaron;\u0137\u0101m sast\u0101vda\u013c\u0101m.&nbsp;<\/p>\n<p><strong>Der\u012bguma termi\u0146&scaron;:<\/strong> 30 m\u0113ne&scaron;i no izgatavo&scaron;anas datuma.<\/p>\n<p>Uzglab\u0101t temperat\u016br\u0101 no +5 &deg;\u0421 l\u012bdz +25 &deg;\u0421.<br \/>\n&nbsp;<\/p>\n","protected":false},"excerpt":{"rendered":"<p>Mitrino&scaron;\u0101 formula satur kompleksu no 5 da\u017e\u0101diem hialuronsk\u0101bes veidiem. Maigi un r\u016bp\u012bgi no\u0146em grimu un net\u012brumus. Atsvaidzina \u0101du un no\u0146em net\u012brumus. Lieto&scaron;ana: uzkl\u0101t nelielu l\u012bdzek\u013ca daudzumu uz vates diska. Maigi noslauc\u012bt sejas \u0101du, izvairoties no acu zonas. Piesardz\u012bbas pas\u0101kumi: iesp\u0113jama paaugstin\u0101ta individu\u0101l\u0101 jut\u012bba pret atsevi&scaron;\u0137\u0101m sast\u0101vda\u013c\u0101m.&nbsp; Der\u012bguma termi\u0146&scaron;: 30 m\u0113ne&scaron;i no izgatavo&scaron;anas datuma. Uzglab\u0101t temperat\u016br\u0101 [&#8230;]\n","protected":false},"featured_media":91354,"template":"","meta":[],"product_cat":[1578],"product_tag":[],"class_list":{"0":"post-47021","1":"product","2":"type-product","3":"status-publish","4":"has-post-thumbnail","6":"product_brand-elfa_ua","7":"product_cat-losjoni-un-toniki","9":"first","10":"instock","11":"taxable","12":"shipping-taxable","13":"product-type-simple"},"_links":{"self":[{"href":"https:\/\/e.kosmolat.eu\/lv\/wp-json\/wp\/v2\/product\/47021","targetHints":{"allow":["GET"]}}],"collection":[{"href":"https:\/\/e.kosmolat.eu\/lv\/wp-json\/wp\/v2\/product"}],"about":[{"href":"https:\/\/e.kosmolat.eu\/lv\/wp-json\/wp\/v2\/types\/product"}],"wp:featuredmedia":[{"embeddable":true,"href":"https:\/\/e.kosmolat.eu\/lv\/wp-json\/wp\/v2\/media\/91354"}],"wp:attachment":[{"href":"https:\/\/e.kosmolat.eu\/lv\/wp-json\/wp\/v2\/media?parent=47021"}],"wp:term":[{"taxonomy":"product_cat","embeddable":true,"href":"https:\/\/e.kosmolat.eu\/lv\/wp-json\/wp\/v2\/product_cat?post=47021"},{"taxonomy":"product_tag","embeddable":true,"href":"https:\/\/e.kosmolat.eu\/lv\/wp-json\/wp\/v2\/product_tag?post=47021"}],"curies":[{"name":"wp","href":"https:\/\/api.w.org\/{rel}","templated":true}]}}