{"id":46993,"date":"2024-03-06T05:02:27","date_gmt":"2024-03-06T05:02:27","guid":{"rendered":"https:\/\/e.kosmolat.eu\/product\/lv-skidras-matetas-acu-enas-107-tonis-matt-tint-waterproof-12h\/"},"modified":"2025-09-19T22:06:25","modified_gmt":"2025-09-19T22:06:25","slug":"lv-skidras-matetas-acu-enas-107-tonis-matt-tint-waterproof-12h","status":"publish","type":"product","link":"https:\/\/e.kosmolat.eu\/lv\/product\/lv-skidras-matetas-acu-enas-107-tonis-matt-tint-waterproof-12h\/","title":{"rendered":"LV \u0160\u0137idr\u0101s mat\u0113tas acu \u0113nas 107 tonis Matt tint waterproof 12H"},"content":{"rendered":"<p>NULL<\/p>\n","protected":false},"excerpt":{"rendered":"<p>NULL<\/p>\n","protected":false},"featured_media":85770,"template":"","meta":[],"product_cat":[1293],"product_tag":[],"class_list":{"0":"post-46993","1":"product","2":"type-product","3":"status-publish","4":"has-post-thumbnail","6":"product_brand-lux-visage_by","7":"product_cat-acu-enas","9":"first","10":"outofstock","11":"taxable","12":"shipping-taxable","13":"product-type-simple"},"_links":{"self":[{"href":"https:\/\/e.kosmolat.eu\/lv\/wp-json\/wp\/v2\/product\/46993","targetHints":{"allow":["GET"]}}],"collection":[{"href":"https:\/\/e.kosmolat.eu\/lv\/wp-json\/wp\/v2\/product"}],"about":[{"href":"https:\/\/e.kosmolat.eu\/lv\/wp-json\/wp\/v2\/types\/product"}],"wp:featuredmedia":[{"embeddable":true,"href":"https:\/\/e.kosmolat.eu\/lv\/wp-json\/wp\/v2\/media\/85770"}],"wp:attachment":[{"href":"https:\/\/e.kosmolat.eu\/lv\/wp-json\/wp\/v2\/media?parent=46993"}],"wp:term":[{"taxonomy":"product_cat","embeddable":true,"href":"https:\/\/e.kosmolat.eu\/lv\/wp-json\/wp\/v2\/product_cat?post=46993"},{"taxonomy":"product_tag","embeddable":true,"href":"https:\/\/e.kosmolat.eu\/lv\/wp-json\/wp\/v2\/product_tag?post=46993"}],"curies":[{"name":"wp","href":"https:\/\/api.w.org\/{rel}","templated":true}]}}