{"id":46940,"date":"2024-03-05T10:36:24","date_gmt":"2024-03-05T10:36:24","guid":{"rendered":"https:\/\/e.kosmolat.eu\/?post_type=product&#038;p=46940"},"modified":"2026-04-20T10:30:28","modified_gmt":"2026-04-20T10:30:28","slug":"lv-skidras-acu-enas-204-satin-nude-super-stay-3-5-g","status":"publish","type":"product","link":"https:\/\/e.kosmolat.eu\/lv\/product\/lv-skidras-acu-enas-204-satin-nude-super-stay-3-5-g\/","title":{"rendered":"LV \u0160\u0137idr\u0101s acu \u0113nas 204  Satin Nude super stay 3.5 g"},"content":{"rendered":"<p><strong>Lieto&scaron;ana: <\/strong>uzkl\u0101t uz acu plaksti\u0146iem ar aplikatora pal\u012bdz\u012bbu.<\/p>\n<p>Uzglab\u0101t temperat\u016br\u0101 no +5 &deg;\u0421 l\u012bdz +25 &deg;\u0421.<br \/>\n&nbsp;<\/p>\n","protected":false},"excerpt":{"rendered":"<p>Lieto&scaron;ana: uzkl\u0101t uz acu plaksti\u0146iem ar aplikatora pal\u012bdz\u012bbu. Uzglab\u0101t temperat\u016br\u0101 no +5 &deg;\u0421 l\u012bdz +25 &deg;\u0421. &nbsp;<\/p>\n","protected":false},"featured_media":91274,"template":"","meta":[],"product_cat":[1295],"product_tag":[],"class_list":{"0":"post-46940","1":"product","2":"type-product","3":"status-publish","4":"has-post-thumbnail","6":"product_brand-lux-visage_by","7":"product_cat-akiu-seseliai","9":"first","10":"instock","11":"taxable","12":"shipping-taxable","13":"product-type-simple"},"_links":{"self":[{"href":"https:\/\/e.kosmolat.eu\/lv\/wp-json\/wp\/v2\/product\/46940","targetHints":{"allow":["GET"]}}],"collection":[{"href":"https:\/\/e.kosmolat.eu\/lv\/wp-json\/wp\/v2\/product"}],"about":[{"href":"https:\/\/e.kosmolat.eu\/lv\/wp-json\/wp\/v2\/types\/product"}],"wp:featuredmedia":[{"embeddable":true,"href":"https:\/\/e.kosmolat.eu\/lv\/wp-json\/wp\/v2\/media\/91274"}],"wp:attachment":[{"href":"https:\/\/e.kosmolat.eu\/lv\/wp-json\/wp\/v2\/media?parent=46940"}],"wp:term":[{"taxonomy":"product_cat","embeddable":true,"href":"https:\/\/e.kosmolat.eu\/lv\/wp-json\/wp\/v2\/product_cat?post=46940"},{"taxonomy":"product_tag","embeddable":true,"href":"https:\/\/e.kosmolat.eu\/lv\/wp-json\/wp\/v2\/product_tag?post=46940"}],"curies":[{"name":"wp","href":"https:\/\/api.w.org\/{rel}","templated":true}]}}