{"id":46915,"date":"2024-03-05T08:58:15","date_gmt":"2024-03-05T08:58:15","guid":{"rendered":"https:\/\/e.kosmolat.eu\/?post_type=product&#038;p=46915"},"modified":"2025-09-20T03:48:26","modified_gmt":"2025-09-20T03:48:26","slug":"lv-lupu-spidums-hot-vanilla-308-tonis","status":"publish","type":"product","link":"https:\/\/e.kosmolat.eu\/lv\/product\/lv-lupu-spidums-hot-vanilla-308-tonis\/","title":{"rendered":"LV L\u016bpu sp\u012bdums Hot Vanilla, 308 tonis"},"content":{"rendered":"<p><strong>Lieto&scaron;ana:<\/strong> uzkl\u0101t uz l\u016bp\u0101m ar aplikatora pal\u012bdz\u012bbu.<\/p>\n<p>Uzglab\u0101t temperat\u016br\u0101 no +5 &deg;C l\u012bdz +25 &deg;C.<br \/>\n&nbsp;<\/p>\n","protected":false},"excerpt":{"rendered":"<p>Lieto&scaron;ana: uzkl\u0101t uz l\u016bp\u0101m ar aplikatora pal\u012bdz\u012bbu. Uzglab\u0101t temperat\u016br\u0101 no +5 &deg;C l\u012bdz +25 &deg;C. &nbsp;<\/p>\n","protected":false},"featured_media":91254,"template":"","meta":[],"product_cat":[1999],"product_tag":[],"class_list":{"0":"post-46915","1":"product","2":"type-product","3":"status-publish","4":"has-post-thumbnail","6":"product_brand-lux-visage_by","7":"product_cat-bez-kategorijas","9":"first","10":"outofstock","11":"taxable","12":"shipping-taxable","13":"product-type-simple"},"_links":{"self":[{"href":"https:\/\/e.kosmolat.eu\/lv\/wp-json\/wp\/v2\/product\/46915","targetHints":{"allow":["GET"]}}],"collection":[{"href":"https:\/\/e.kosmolat.eu\/lv\/wp-json\/wp\/v2\/product"}],"about":[{"href":"https:\/\/e.kosmolat.eu\/lv\/wp-json\/wp\/v2\/types\/product"}],"wp:featuredmedia":[{"embeddable":true,"href":"https:\/\/e.kosmolat.eu\/lv\/wp-json\/wp\/v2\/media\/91254"}],"wp:attachment":[{"href":"https:\/\/e.kosmolat.eu\/lv\/wp-json\/wp\/v2\/media?parent=46915"}],"wp:term":[{"taxonomy":"product_cat","embeddable":true,"href":"https:\/\/e.kosmolat.eu\/lv\/wp-json\/wp\/v2\/product_cat?post=46915"},{"taxonomy":"product_tag","embeddable":true,"href":"https:\/\/e.kosmolat.eu\/lv\/wp-json\/wp\/v2\/product_tag?post=46915"}],"curies":[{"name":"wp","href":"https:\/\/api.w.org\/{rel}","templated":true}]}}