{"id":46899,"date":"2024-03-05T06:36:13","date_gmt":"2024-03-05T06:36:13","guid":{"rendered":"https:\/\/e.kosmolat.eu\/?post_type=product&#038;p=46899"},"modified":"2026-04-13T14:07:06","modified_gmt":"2026-04-13T14:07:06","slug":"lv-lupu-balz-mint-care-ar-atvesinosu-efektu-3-9-g","status":"publish","type":"product","link":"https:\/\/e.kosmolat.eu\/lv\/product\/lv-lupu-balz-mint-care-ar-atvesinosu-efektu-3-9-g\/","title":{"rendered":"LV L\u016bpu balz. Mint &#038; care ar atv\u0113sino\u0161u efektu, 3.9 g"},"content":{"rendered":"<p>Mentols un piparm\u0113tru e\u013c\u013ca nomierina l\u016bpu \u0101du, pateicoties atv\u0113sino&scaron;ajam efektam.<\/p>\n<p><strong>Lieto&scaron;ana: <\/strong>uzkl\u0101t nepiecie&scaron;amo produkta daudzumu uz l\u016bp\u0101m.<\/p>\n<p>Uzglab\u0101t temperat\u016br\u0101 no +5 &deg;C l\u012bdz +25 &deg;C.<br \/>\n&nbsp;<\/p>\n","protected":false},"excerpt":{"rendered":"<p>Mentols un piparm\u0113tru e\u013c\u013ca nomierina l\u016bpu \u0101du, pateicoties atv\u0113sino&scaron;ajam efektam. Lieto&scaron;ana: uzkl\u0101t nepiecie&scaron;amo produkta daudzumu uz l\u016bp\u0101m. Uzglab\u0101t temperat\u016br\u0101 no +5 &deg;C l\u012bdz +25 &deg;C. &nbsp;<\/p>\n","protected":false},"featured_media":91234,"template":"","meta":[],"product_cat":[1384],"product_tag":[],"class_list":{"0":"post-46899","1":"product","2":"type-product","3":"status-publish","4":"has-post-thumbnail","6":"product_brand-sale","7":"product_cat-lupu-balzams","9":"first","10":"instock","11":"taxable","12":"shipping-taxable","13":"product-type-simple"},"_links":{"self":[{"href":"https:\/\/e.kosmolat.eu\/lv\/wp-json\/wp\/v2\/product\/46899","targetHints":{"allow":["GET"]}}],"collection":[{"href":"https:\/\/e.kosmolat.eu\/lv\/wp-json\/wp\/v2\/product"}],"about":[{"href":"https:\/\/e.kosmolat.eu\/lv\/wp-json\/wp\/v2\/types\/product"}],"wp:featuredmedia":[{"embeddable":true,"href":"https:\/\/e.kosmolat.eu\/lv\/wp-json\/wp\/v2\/media\/91234"}],"wp:attachment":[{"href":"https:\/\/e.kosmolat.eu\/lv\/wp-json\/wp\/v2\/media?parent=46899"}],"wp:term":[{"taxonomy":"product_cat","embeddable":true,"href":"https:\/\/e.kosmolat.eu\/lv\/wp-json\/wp\/v2\/product_cat?post=46899"},{"taxonomy":"product_tag","embeddable":true,"href":"https:\/\/e.kosmolat.eu\/lv\/wp-json\/wp\/v2\/product_tag?post=46899"}],"curies":[{"name":"wp","href":"https:\/\/api.w.org\/{rel}","templated":true}]}}