{"id":46895,"date":"2024-03-05T05:03:19","date_gmt":"2024-03-05T05:03:19","guid":{"rendered":"https:\/\/e.kosmolat.eu\/product\/tonika-tonejoss-balzams-color-evolution-8-33-electric-mango-150-ml\/"},"modified":"2026-03-31T06:57:12","modified_gmt":"2026-03-31T06:57:12","slug":"tonika-tonejoss-balzams-color-evolution-8-33-electric-mango-150-ml","status":"publish","type":"product","link":"https:\/\/e.kosmolat.eu\/lv\/product\/tonika-tonejoss-balzams-color-evolution-8-33-electric-mango-150-ml\/","title":{"rendered":"TONIKA Ton\u0113jo\u0161s balzams Color evolution 8.33 Electric Mango, 150 ml"},"content":{"rendered":"<p>Kreat\u012bvai un ekstrem\u0101lai matu kr\u0101so\u0161anai. Balin\u0101tiem un gai\u0161iem matiem. Ton\u0113jo\u0161\u0101 balzama tonis var at\u0161\u0137irties no to\u0146a uz matiem, kur\u0161 tiks ieg\u016bts rezult\u0101t\u0101. Maksim\u0101li spilgtam rezult\u0101tam nepiecie\u0161ams balin\u0101t matus pirms l\u012bdzek\u013ca lieto\u0161anas. Tonis tiek pak\u0101peniski nomazg\u0101ts izmantojot \u0161amp\u016bnu. Atkar\u012bb\u0101 no matu strukt\u016bras ir iesp\u0113jams it iesp\u0113jams palieko\u0161s tonis. Pirms lieto\u0161anas veiciet testu uz aler\u0123isku reakciju. Ja iek\u013c\u016bst ac\u012bs, nomazg\u0101jiet ar t\u012bru \u016bdeni. Ja kr\u0101sviela nok\u013c\u016bst uz interjera priek\u0161metiem vai vannas virsmu nomazg\u0101jiet to ar l\u012bdzekli santehnikas t\u012br\u012b\u0161anai. Sarg\u0101t no b\u0113rniem!<br \/>\nLieto\u0161ana: lietojiet cimdus, k\u0101 ar\u012b aizsarg\u0101jiet ap\u0123\u0113rbu ar dvieli. Uzkl\u0101jiet taukainu kr\u0113mu pa matu aug\u0161anas l\u012bniju un uz aus\u012bm, lai izvair\u012btos no \u0101das nokr\u0101so\u0161anas. &nbsp;Vienm\u0113r\u012bgi uzkl\u0101jiet un izsm\u0113r\u0113jiet kr\u0101sojo\u0161u mais\u012bjumu uz t\u012briem sausiem matiem. Noturiet 20-30 min\u016btes. P\u0113c iedarb\u012bbas laiki izbeig\u0161anas r\u016bp\u012bgi nomazg\u0101jiet ar lielu silt\u0101 \u016bdens daudzumu. Nelietojiet \u0161amp\u016bnu.<br \/>\n&nbsp;<\/p>\n","protected":false},"excerpt":{"rendered":"<p>Kreat\u012bvai un ekstrem\u0101lai matu kr\u0101so\u0161anai. Balin\u0101tiem un gai\u0161iem matiem. Ton\u0113jo\u0161\u0101 balzama tonis var at\u0161\u0137irties no to\u0146a uz matiem, kur\u0161 tiks ieg\u016bts rezult\u0101t\u0101. Maksim\u0101li spilgtam rezult\u0101tam nepiecie\u0161ams balin\u0101t matus pirms l\u012bdzek\u013ca lieto\u0161anas. Tonis tiek pak\u0101peniski nomazg\u0101ts izmantojot \u0161amp\u016bnu. Atkar\u012bb\u0101 no matu strukt\u016bras ir iesp\u0113jams it iesp\u0113jams palieko\u0161s tonis. Pirms lieto\u0161anas veiciet testu uz aler\u0123isku reakciju. Ja [&#8230;]\n","protected":false},"featured_media":86386,"template":"","meta":[],"product_cat":[1297],"product_tag":[],"class_list":{"0":"post-46895","1":"product","2":"type-product","3":"status-publish","4":"has-post-thumbnail","6":"product_brand-vecie-kodi","7":"product_cat-matu-tonesanas-lidzekli","9":"first","10":"outofstock","11":"taxable","12":"shipping-taxable","13":"product-type-simple"},"_links":{"self":[{"href":"https:\/\/e.kosmolat.eu\/lv\/wp-json\/wp\/v2\/product\/46895","targetHints":{"allow":["GET"]}}],"collection":[{"href":"https:\/\/e.kosmolat.eu\/lv\/wp-json\/wp\/v2\/product"}],"about":[{"href":"https:\/\/e.kosmolat.eu\/lv\/wp-json\/wp\/v2\/types\/product"}],"wp:featuredmedia":[{"embeddable":true,"href":"https:\/\/e.kosmolat.eu\/lv\/wp-json\/wp\/v2\/media\/86386"}],"wp:attachment":[{"href":"https:\/\/e.kosmolat.eu\/lv\/wp-json\/wp\/v2\/media?parent=46895"}],"wp:term":[{"taxonomy":"product_cat","embeddable":true,"href":"https:\/\/e.kosmolat.eu\/lv\/wp-json\/wp\/v2\/product_cat?post=46895"},{"taxonomy":"product_tag","embeddable":true,"href":"https:\/\/e.kosmolat.eu\/lv\/wp-json\/wp\/v2\/product_tag?post=46895"}],"curies":[{"name":"wp","href":"https:\/\/api.w.org\/{rel}","templated":true}]}}