{"id":46887,"date":"2024-03-05T05:03:09","date_gmt":"2024-03-05T05:03:09","guid":{"rendered":"https:\/\/e.kosmolat.eu\/product\/i_pe-zobu-pasta-sinsila-mila-3-6-gadi-50-ml\/"},"modified":"2026-04-15T13:21:36","modified_gmt":"2026-04-15T13:21:36","slug":"pe-zobu-pasta-sinsilla-evie-3-6-gadi-50-ml","status":"publish","type":"product","link":"https:\/\/e.kosmolat.eu\/lv\/product\/pe-zobu-pasta-sinsilla-evie-3-6-gadi-50-ml\/","title":{"rendered":"PE Zobu pasta \u0160in\u0161illa Evie 3-6 gadi, 50 ml"},"content":{"rendered":"<p>Saudz\u012b\u0123i att\u012bra zobus, netraum\u0113jot emalju. Satur \u0161\u0137idro kalciju, kas kav\u0113 kariesa att\u012bst\u012bbu. B\u0113rniem no 3 l\u012bdz 6 gadu vecumam. Lieto\u0161ana: nelielu zobu pastas daudzumu zir\u0146a lielum\u0101 izspiest uz zobu birstes un not\u012br\u012bt zobus.\n<\/p>\n<p>Piesardz\u012bbas pas\u0101kumi: b\u0113rniem l\u012bdz 6 gadu vecumam t\u012br\u012bt zobus pieaugu\u0161o uzraudz\u012bb\u0101.<\/p>\n","protected":false},"excerpt":{"rendered":"<p>Saudz\u012b\u0123i att\u012bra zobus, netraum\u0113jot emalju. Satur \u0161\u0137idro kalciju, kas kav\u0113 kariesa att\u012bst\u012bbu. B\u0113rniem no 3 l\u012bdz 6 gadu vecumam. Lieto\u0161ana: nelielu zobu pastas daudzumu zir\u0146a lielum\u0101 izspiest uz zobu birstes un not\u012br\u012bt zobus. Piesardz\u012bbas pas\u0101kumi: b\u0113rniem l\u012bdz 6 gadu vecumam t\u012br\u012bt zobus pieaugu\u0161o uzraudz\u012bb\u0101.<\/p>\n","protected":false},"featured_media":84210,"template":"","meta":[],"product_cat":[1335],"product_tag":[],"class_list":{"0":"post-46887","1":"product","2":"type-product","3":"status-publish","4":"has-post-thumbnail","6":"product_brand-elfa_ua","7":"product_cat-bernu-mutes-dobuma-higiena","9":"first","10":"instock","11":"taxable","12":"shipping-taxable","13":"product-type-simple"},"_links":{"self":[{"href":"https:\/\/e.kosmolat.eu\/lv\/wp-json\/wp\/v2\/product\/46887","targetHints":{"allow":["GET"]}}],"collection":[{"href":"https:\/\/e.kosmolat.eu\/lv\/wp-json\/wp\/v2\/product"}],"about":[{"href":"https:\/\/e.kosmolat.eu\/lv\/wp-json\/wp\/v2\/types\/product"}],"wp:featuredmedia":[{"embeddable":true,"href":"https:\/\/e.kosmolat.eu\/lv\/wp-json\/wp\/v2\/media\/84210"}],"wp:attachment":[{"href":"https:\/\/e.kosmolat.eu\/lv\/wp-json\/wp\/v2\/media?parent=46887"}],"wp:term":[{"taxonomy":"product_cat","embeddable":true,"href":"https:\/\/e.kosmolat.eu\/lv\/wp-json\/wp\/v2\/product_cat?post=46887"},{"taxonomy":"product_tag","embeddable":true,"href":"https:\/\/e.kosmolat.eu\/lv\/wp-json\/wp\/v2\/product_tag?post=46887"}],"curies":[{"name":"wp","href":"https:\/\/api.w.org\/{rel}","templated":true}]}}