{"id":46879,"date":"2024-03-05T05:02:57","date_gmt":"2024-03-05T05:02:57","guid":{"rendered":"https:\/\/e.kosmolat.eu\/product\/dr-s-hyaluron-hair-kondicionieris-deep-hydration-200-ml\/"},"modified":"2025-09-19T21:43:09","modified_gmt":"2025-09-19T21:43:09","slug":"i_dr-s-hyaluron-hair-kondicionieris-deep-hydration-200-ml","status":"publish","type":"product","link":"https:\/\/e.kosmolat.eu\/lv\/product\/i_dr-s-hyaluron-hair-kondicionieris-deep-hydration-200-ml\/","title":{"rendered":"I_Dr.S.HYALURON HAIR Kondicionieris Deep hydration, 200 ml"},"content":{"rendered":"<p>Hyaluron Hair serija \u2013 matu mitrin\u0101\u0161anas programma. Hialuronsk\u0101bes un mitrino\u0161a augu kompleksa siner\u0123ija nodro\u0161ina 3D efektu: sp\u012bdums, gludums, elast\u012bba.<\/p>\n<div>Viegla balzama formula atvieglo matu \u0137emm\u0113\u0161anu, nov\u0113r\u0161 matu sap\u012b\u0161anos. Hialuronsk\u0101be nodro\u0161ina nepiecie\u0161amu galvas \u0101das mitrin\u0101\u0161anu, uzlabo matu dabisku \u016bdens l\u012bdzsvaru. Alvejas g\u0113ls uztur nepiecie\u0161amu mitruma l\u012bmeni un kav\u0113 matu l\u016b\u0161anu.\n<\/div>\n<div>Lieto\u0161ana: uzkl\u0101t uz t\u012briem mitriem matiem , izsm\u0113r\u0113t vis\u0101 matu garum\u0101. Izvair\u012bties no piesak\u0146u zonas. Atst\u0101t uz 1-2 min\u016bt\u0113m, tad r\u016bp\u012bgi nomazg\u0101t ar \u016bdeni.\n<\/div>\n<div>Piesardz\u012bbas pas\u0101kumi: Ir iesp\u0113jama paaugstin\u0101ta individu\u0101l\u0101 jut\u012bba uz atsevi\u0161\u0137\u0101m sast\u0101vda\u013c\u0101m.<\/div>\n","protected":false},"excerpt":{"rendered":"<p>Hyaluron Hair serija \u2013 matu mitrin\u0101\u0161anas programma. Hialuronsk\u0101bes un mitrino\u0161a augu kompleksa siner\u0123ija nodro\u0161ina 3D efektu: sp\u012bdums, gludums, elast\u012bba. Viegla balzama formula atvieglo matu \u0137emm\u0113\u0161anu, nov\u0113r\u0161 matu sap\u012b\u0161anos. Hialuronsk\u0101be nodro\u0161ina nepiecie\u0161amu galvas \u0101das mitrin\u0101\u0161anu, uzlabo matu dabisku \u016bdens l\u012bdzsvaru. Alvejas g\u0113ls uztur nepiecie\u0161amu mitruma l\u012bmeni un kav\u0113 matu l\u016b\u0161anu. Lieto\u0161ana: uzkl\u0101t uz t\u012briem mitriem matiem [&#8230;]\n","protected":false},"featured_media":85310,"template":"","meta":[],"product_cat":[1638],"product_tag":[],"class_list":{"0":"post-46879","1":"product","2":"type-product","3":"status-publish","4":"has-post-thumbnail","6":"product_brand-elfa_ua","7":"product_cat-balzami","9":"first","10":"outofstock","11":"taxable","12":"shipping-taxable","13":"product-type-simple"},"_links":{"self":[{"href":"https:\/\/e.kosmolat.eu\/lv\/wp-json\/wp\/v2\/product\/46879","targetHints":{"allow":["GET"]}}],"collection":[{"href":"https:\/\/e.kosmolat.eu\/lv\/wp-json\/wp\/v2\/product"}],"about":[{"href":"https:\/\/e.kosmolat.eu\/lv\/wp-json\/wp\/v2\/types\/product"}],"wp:featuredmedia":[{"embeddable":true,"href":"https:\/\/e.kosmolat.eu\/lv\/wp-json\/wp\/v2\/media\/85310"}],"wp:attachment":[{"href":"https:\/\/e.kosmolat.eu\/lv\/wp-json\/wp\/v2\/media?parent=46879"}],"wp:term":[{"taxonomy":"product_cat","embeddable":true,"href":"https:\/\/e.kosmolat.eu\/lv\/wp-json\/wp\/v2\/product_cat?post=46879"},{"taxonomy":"product_tag","embeddable":true,"href":"https:\/\/e.kosmolat.eu\/lv\/wp-json\/wp\/v2\/product_tag?post=46879"}],"curies":[{"name":"wp","href":"https:\/\/api.w.org\/{rel}","templated":true}]}}