{"id":46867,"date":"2024-03-05T05:02:28","date_gmt":"2024-03-05T05:02:28","guid":{"rendered":"https:\/\/e.kosmolat.eu\/product\/rocs-zobu-pasta-uno-1-calcium-60-ml\/"},"modified":"2024-03-21T22:15:11","modified_gmt":"2024-03-21T22:15:11","slug":"rocs-zobu-pasta-uno-1-calcium-60-ml","status":"publish","type":"product","link":"https:\/\/e.kosmolat.eu\/lv\/product\/rocs-zobu-pasta-uno-1-calcium-60-ml\/","title":{"rendered":"Rocs Zobu pasta  Uno 1 Calcium, 60 ml"},"content":{"rendered":"<p>Atjauno zobu emaljas baltumu un mirdzumu, aizsarg\u0101 pret kariesu, stiprina emalju*, samazina kariesa risku plombas un zoba saskares zon\u0101s*.<\/p>\n<p><strong>Der\u012bguma termi\u0146\u0161: <\/strong>3 gadi.<\/p>\n<p><em>*Kliniski pieradits<\/em><\/p>\n","protected":false},"excerpt":{"rendered":"<p>Atjauno zobu emaljas baltumu un mirdzumu, aizsarg\u0101 pret kariesu, stiprina emalju*, samazina kariesa risku plombas un zoba saskares zon\u0101s*. Der\u012bguma termi\u0146\u0161: 3 gadi. *Kliniski pieradits<\/p>\n","protected":false},"featured_media":46871,"template":"","meta":[],"product_cat":[1306],"product_tag":[],"class_list":{"0":"post-46867","1":"product","2":"type-product","3":"status-publish","4":"has-post-thumbnail","6":"product_brand-rocs","7":"product_cat-zobu-pastas-un-zelejas","9":"first","10":"outofstock","11":"taxable","12":"shipping-taxable","13":"product-type-simple"},"_links":{"self":[{"href":"https:\/\/e.kosmolat.eu\/lv\/wp-json\/wp\/v2\/product\/46867","targetHints":{"allow":["GET"]}}],"collection":[{"href":"https:\/\/e.kosmolat.eu\/lv\/wp-json\/wp\/v2\/product"}],"about":[{"href":"https:\/\/e.kosmolat.eu\/lv\/wp-json\/wp\/v2\/types\/product"}],"wp:featuredmedia":[{"embeddable":true,"href":"https:\/\/e.kosmolat.eu\/lv\/wp-json\/wp\/v2\/media\/46871"}],"wp:attachment":[{"href":"https:\/\/e.kosmolat.eu\/lv\/wp-json\/wp\/v2\/media?parent=46867"}],"wp:term":[{"taxonomy":"product_cat","embeddable":true,"href":"https:\/\/e.kosmolat.eu\/lv\/wp-json\/wp\/v2\/product_cat?post=46867"},{"taxonomy":"product_tag","embeddable":true,"href":"https:\/\/e.kosmolat.eu\/lv\/wp-json\/wp\/v2\/product_tag?post=46867"}],"curies":[{"name":"wp","href":"https:\/\/api.w.org\/{rel}","templated":true}]}}