{"id":46859,"date":"2024-03-05T05:02:15","date_gmt":"2024-03-05T05:02:15","guid":{"rendered":"https:\/\/e.kosmolat.eu\/product\/dr-s-hyaluron-hair-matu-maska-deep-hydration-1-l\/"},"modified":"2025-03-17T06:42:40","modified_gmt":"2025-03-17T06:42:40","slug":"i_dr-s-hyaluron-hair-matu-maska-deep-hydration-1-l","status":"publish","type":"product","link":"https:\/\/e.kosmolat.eu\/lv\/product\/i_dr-s-hyaluron-hair-matu-maska-deep-hydration-1-l\/","title":{"rendered":"I_Dr.S.HYALURON HAIR Matu maska Deep hydration, 1 l"},"content":{"rendered":"<p>Hyaluron Hair s\u0113rija ir matu mitrin\u0101&scaron;anas programma. Hialuronsk\u0101bes molekulu un dab\u012bg\u0101 mitrino&scaron;\u0101 kompleksa siner\u0123ija nodro&scaron;ina 3D efektu: sp\u012bdumu, gludumu, elast\u012bbu.&nbsp;<\/p>\n<ul>\n<li>Mitrino&scaron;ais komplekss 4in1 ir augu izcelsmes mitrin\u0101t\u0101ju un da\u017e\u0101das masas hialuronsk\u0101bes molekulu apvienojums optimiz\u0113tas lok\u0101las \u016bdens buferpl\u0113ves izveidei uz mata stiebra.<\/li>\n<li>Sabalans\u0113t\u0101 maskas formula intens\u012bvi mitrina un atjauno matu strukt\u016bru.&nbsp;<\/li>\n<li>Hialuronsk\u0101be nodro&scaron;ina nepiecie&scaron;amo galvas \u0101das mitrin\u0101&scaron;anu, uzlabo matu dabisko \u016bdens l\u012bdzsvaru.&nbsp;<\/li>\n<li>Alvejas \u017eeleja uztur nepiecie&scaron;amu mitruma l\u012bmeni un nov\u0113r&scaron; matu l\u016b&scaron;anu.<\/li>\n<li>Trehaloze mitrina un aizsarg\u0101 pret apk\u0101rt\u0113j\u0101s vides negat\u012bvo ietekmi.<\/li>\n<\/ul>\n<p><strong>Lieto&scaron;ana: <\/strong>uzkl\u0101t uz t\u012briem mitriem matiem. Atst\u0101t uz 3-5 min\u016bt\u0113m, tad r\u016bp\u012bgi noskalot ar \u016bdeni. Lietot 1-2 reizes ned\u0113\u013c\u0101.<\/p>\n<p><strong>Piesardz\u012bbas pas\u0101kumi: <\/strong>ja iek\u013c\u016bst ac\u012bs, izskalot ar \u016bdeni. Iesp\u0113jama paaugstin\u0101ta individu\u0101l\u0101 jut\u012bba pret atsevi&scaron;\u0137\u0101m sast\u0101vda\u013c\u0101m.<\/p>\n<p>Uzglab\u0101t temperat\u016br\u0101 no &nbsp;+5 &deg;C l\u012bdz +25 &deg;C.<br \/>\n&nbsp;<\/p>\n","protected":false},"excerpt":{"rendered":"<p>Hyaluron Hair s\u0113rija ir matu mitrin\u0101&scaron;anas programma. Hialuronsk\u0101bes molekulu un dab\u012bg\u0101 mitrino&scaron;\u0101 kompleksa siner\u0123ija nodro&scaron;ina 3D efektu: sp\u012bdumu, gludumu, elast\u012bbu.&nbsp; Mitrino&scaron;ais komplekss 4in1 ir augu izcelsmes mitrin\u0101t\u0101ju un da\u017e\u0101das masas hialuronsk\u0101bes molekulu apvienojums optimiz\u0113tas lok\u0101las \u016bdens buferpl\u0113ves izveidei uz mata stiebra. Sabalans\u0113t\u0101 maskas formula intens\u012bvi mitrina un atjauno matu strukt\u016bru.&nbsp; Hialuronsk\u0101be nodro&scaron;ina nepiecie&scaron;amo galvas \u0101das [&#8230;]\n","protected":false},"featured_media":46863,"template":"","meta":[],"product_cat":[1256],"product_tag":[],"class_list":{"0":"post-46859","1":"product","2":"type-product","3":"status-publish","4":"has-post-thumbnail","6":"product_brand-elfa_ua","7":"product_cat-plauku-kaukes","9":"first","10":"outofstock","11":"taxable","12":"shipping-taxable","13":"product-type-simple"},"_links":{"self":[{"href":"https:\/\/e.kosmolat.eu\/lv\/wp-json\/wp\/v2\/product\/46859","targetHints":{"allow":["GET"]}}],"collection":[{"href":"https:\/\/e.kosmolat.eu\/lv\/wp-json\/wp\/v2\/product"}],"about":[{"href":"https:\/\/e.kosmolat.eu\/lv\/wp-json\/wp\/v2\/types\/product"}],"wp:featuredmedia":[{"embeddable":true,"href":"https:\/\/e.kosmolat.eu\/lv\/wp-json\/wp\/v2\/media\/46863"}],"wp:attachment":[{"href":"https:\/\/e.kosmolat.eu\/lv\/wp-json\/wp\/v2\/media?parent=46859"}],"wp:term":[{"taxonomy":"product_cat","embeddable":true,"href":"https:\/\/e.kosmolat.eu\/lv\/wp-json\/wp\/v2\/product_cat?post=46859"},{"taxonomy":"product_tag","embeddable":true,"href":"https:\/\/e.kosmolat.eu\/lv\/wp-json\/wp\/v2\/product_tag?post=46859"}],"curies":[{"name":"wp","href":"https:\/\/api.w.org\/{rel}","templated":true}]}}