{"id":46742,"date":"2024-03-02T05:06:22","date_gmt":"2024-03-02T05:06:22","guid":{"rendered":"https:\/\/e.kosmolat.eu\/product\/cz-skrubis-kermenim-ideala-ada-200-ml\/"},"modified":"2025-09-19T16:09:52","modified_gmt":"2025-09-19T16:09:52","slug":"cz-skrubis-kermenim-ideala-ada-200-ml","status":"publish","type":"product","link":"https:\/\/e.kosmolat.eu\/lv\/product\/cz-skrubis-kermenim-ideala-ada-200-ml\/","title":{"rendered":"CZ Skrubis \u0137ermenim &#8220;Ide\u0101la \u0101da&#8221;, 200 ml"},"content":{"rendered":"<p>Saudz\u012bgi atjauno un izl\u012bdzina \u0101du. Stimul\u0113 mikrocirkul\u0101ciju, uzlabo \u0101das tonusu un tvirtumu.  <\/p>\n<p><strong>Lieto\u0161ana:<\/strong>&nbsp;uzkl\u0101t skrubi uz mitras \u0137erme\u0146a \u0101das. Ar viegl\u0101m, ri\u0146\u0137veida kust\u012bb\u0101m pamas\u0113t \u0101du, \u012bpa\u0161i veltot uzman\u012bbu elko\u0146iem, ce\u013ciem un p\u0113d\u0101m. Nomazg\u0101t skrubi ar siltu \u016bdeni.<\/p>\n","protected":false},"excerpt":{"rendered":"<p>Saudz\u012bgi atjauno un izl\u012bdzina \u0101du. Stimul\u0113 mikrocirkul\u0101ciju, uzlabo \u0101das tonusu un tvirtumu. Lieto\u0161ana:&nbsp;uzkl\u0101t skrubi uz mitras \u0137erme\u0146a \u0101das. Ar viegl\u0101m, ri\u0146\u0137veida kust\u012bb\u0101m pamas\u0113t \u0101du, \u012bpa\u0161i veltot uzman\u012bbu elko\u0146iem, ce\u013ciem un p\u0113d\u0101m. Nomazg\u0101t skrubi ar siltu \u016bdeni.<\/p>\n","protected":false},"featured_media":79398,"template":"","meta":[],"product_cat":[1359],"product_tag":[],"class_list":{"0":"post-46742","1":"product","2":"type-product","3":"status-publish","4":"has-post-thumbnail","6":"product_brand-unilever-rus","7":"product_cat-kuno-sveitikliai-ir-pilingai","9":"first","10":"outofstock","11":"taxable","12":"shipping-taxable","13":"product-type-simple"},"_links":{"self":[{"href":"https:\/\/e.kosmolat.eu\/lv\/wp-json\/wp\/v2\/product\/46742","targetHints":{"allow":["GET"]}}],"collection":[{"href":"https:\/\/e.kosmolat.eu\/lv\/wp-json\/wp\/v2\/product"}],"about":[{"href":"https:\/\/e.kosmolat.eu\/lv\/wp-json\/wp\/v2\/types\/product"}],"wp:featuredmedia":[{"embeddable":true,"href":"https:\/\/e.kosmolat.eu\/lv\/wp-json\/wp\/v2\/media\/79398"}],"wp:attachment":[{"href":"https:\/\/e.kosmolat.eu\/lv\/wp-json\/wp\/v2\/media?parent=46742"}],"wp:term":[{"taxonomy":"product_cat","embeddable":true,"href":"https:\/\/e.kosmolat.eu\/lv\/wp-json\/wp\/v2\/product_cat?post=46742"},{"taxonomy":"product_tag","embeddable":true,"href":"https:\/\/e.kosmolat.eu\/lv\/wp-json\/wp\/v2\/product_tag?post=46742"}],"curies":[{"name":"wp","href":"https:\/\/api.w.org\/{rel}","templated":true}]}}