{"id":46718,"date":"2024-03-02T05:05:04","date_gmt":"2024-03-02T05:05:04","guid":{"rendered":"https:\/\/e.kosmolat.eu\/product\/i_sila-velas-kondic-skalotajs-orhideja-un-paculi-1-kg\/"},"modified":"2025-04-28T06:23:55","modified_gmt":"2025-04-28T06:23:55","slug":"i_sila-velas-kondic-skalotajs-orhideja-un-paculi-1-kg","status":"publish","type":"product","link":"https:\/\/e.kosmolat.eu\/lv\/product\/i_sila-velas-kondic-skalotajs-orhideja-un-paculi-1-kg\/","title":{"rendered":"I_SILA Ve\u013cas kondic.-skalot\u0101js Orhideja un pa\u010duli, 1 kg"},"content":{"rendered":"<p>M\u012bkstina audumus un pasarg\u0101 no \u0101tras nolieto\u0161an\u0101s, padara tos pat\u012bkamus taustei, nodro\u0161ina antistatisku efektu, atvieglo gludin\u0101\u0161anu un neitraliz\u0113 nepat\u012bkam\u0101s smakas. Ar orhidejas un pa\u010duli arom\u0101tu.<\/p>\n<p>Lieto\u0161ana: mazg\u0101\u0161anai ve\u013cas ma\u0161\u012bn\u0101 ieliet kondicionieri tam paredz\u0113taj\u0101 nodal\u012bjum\u0101 (80 ml uz 4-5 kg ve\u013cas), mazg\u0101\u0161anai ar rok\u0101m pievienot l\u012bdzekli p\u0113d\u0113j\u0101s skalo\u0161anas laik\u0101 (60 ml uz 5 litriem \u016bdens). Iev\u0113rot ieteikumus par dev\u0101m.<\/p>\n<p>Uzglab\u0101\u0161ana: uzglab\u0101t temperat\u016br\u0101 no +5\u00b0C l\u012bdz +25\u00b0C, sarg\u0101jot no tie\u0161iem saules stariem.<\/p>\n<p>Der\u012bguma termi\u0146\u0161: 18 m\u0113ne\u0161i.<\/p>\n<p>Sast\u0101v\u0101: 5 % un vair\u0101k, bet maz\u0101k nek\u0101 15 %  katjonu virsmakt\u012bvo vielu. Smar\u017eas un arom\u0101tisk\u0101s kompoz\u012bcijas\/ Butylphenyl Methylpropional, Citronellol. Konservanti: Methylchloroisothiazolinone\/ Methylisothiazolinone\/ Benzyl Alcohol. Kr\u0101svielas.<\/p>\n<p>EUH208 Satur: reakcijas masa: 5-hlor-2-metil- 2H-izotiazol-3-ons; 2-metil-2H- izotiazol-3-ons (3:1). Var izrais\u012bt aler\u0123isku reakciju.<br \/>\nDro\u0161\u012bbas pras\u012bbu apz\u012bm\u0113jumi:<br \/>\nP102 Sarg\u0101t no b\u0113rniem.<br \/>\nP305+P351+P338 SASKAR\u0112 AR AC\u012aM: Uzman\u012bgi izskalot ar \u016bdeni vair\u0101kas min\u016btes. Iz\u0146emt kontaktl\u0113cas, ja t\u0101s ir ievietotas un ja to var vienk\u0101r\u0161i izdar\u012bt. Turpin\u0101t skalot.<br \/>\nP337+P313 Ja acu iekaisums nep\u0101riet: l\u016bdziet medi\u0137u pal\u012bdz\u012bbu.<\/p>\n","protected":false},"excerpt":{"rendered":"<p>M\u012bkstina audumus un pasarg\u0101 no \u0101tras nolieto\u0161an\u0101s, padara tos pat\u012bkamus taustei, nodro\u0161ina antistatisku efektu, atvieglo gludin\u0101\u0161anu un neitraliz\u0113 nepat\u012bkam\u0101s smakas. Ar orhidejas un pa\u010duli arom\u0101tu. Lieto\u0161ana: mazg\u0101\u0161anai ve\u013cas ma\u0161\u012bn\u0101 ieliet kondicionieri tam paredz\u0113taj\u0101 nodal\u012bjum\u0101 (80 ml uz 4-5 kg ve\u013cas), mazg\u0101\u0161anai ar rok\u0101m pievienot l\u012bdzekli p\u0113d\u0113j\u0101s skalo\u0161anas laik\u0101 (60 ml uz 5 litriem \u016bdens). Iev\u0113rot [&#8230;]\n","protected":false},"featured_media":51010,"template":"","meta":[],"product_cat":[1711],"product_tag":[],"class_list":{"0":"post-46718","1":"product","2":"type-product","3":"status-publish","4":"has-post-thumbnail","6":"product_brand-slobozanskij-milovar_ua","7":"product_cat-1711","9":"first","10":"outofstock","11":"taxable","12":"shipping-taxable","13":"product-type-simple"},"_links":{"self":[{"href":"https:\/\/e.kosmolat.eu\/lv\/wp-json\/wp\/v2\/product\/46718","targetHints":{"allow":["GET"]}}],"collection":[{"href":"https:\/\/e.kosmolat.eu\/lv\/wp-json\/wp\/v2\/product"}],"about":[{"href":"https:\/\/e.kosmolat.eu\/lv\/wp-json\/wp\/v2\/types\/product"}],"wp:featuredmedia":[{"embeddable":true,"href":"https:\/\/e.kosmolat.eu\/lv\/wp-json\/wp\/v2\/media\/51010"}],"wp:attachment":[{"href":"https:\/\/e.kosmolat.eu\/lv\/wp-json\/wp\/v2\/media?parent=46718"}],"wp:term":[{"taxonomy":"product_cat","embeddable":true,"href":"https:\/\/e.kosmolat.eu\/lv\/wp-json\/wp\/v2\/product_cat?post=46718"},{"taxonomy":"product_tag","embeddable":true,"href":"https:\/\/e.kosmolat.eu\/lv\/wp-json\/wp\/v2\/product_tag?post=46718"}],"curies":[{"name":"wp","href":"https:\/\/api.w.org\/{rel}","templated":true}]}}