{"id":46694,"date":"2024-03-02T05:04:16","date_gmt":"2024-03-02T05:04:16","guid":{"rendered":"https:\/\/e.kosmolat.eu\/product\/i_bio-naturell-kremziepes-persiks-460-ml\/"},"modified":"2025-09-23T10:31:51","modified_gmt":"2025-09-23T10:31:51","slug":"bio-naturell-kremziepes-persiks-460-ml","status":"publish","type":"product","link":"https:\/\/e.kosmolat.eu\/lv\/product\/bio-naturell-kremziepes-persiks-460-ml\/","title":{"rendered":"&#8220;Bio Naturell&#8221; Kr\u0113mziepes \u00abPersiks\u00bb, 460 ml"},"content":{"rendered":"<p>Kr\u0113mziepes satur mazg\u0101jo&scaron;as sast\u0101vda\u013cas, kas nodro&scaron;ina efekt\u012bvu net\u012brumu likvid\u0113&scaron;anu, nesausininot \u0101du. Maig\u0101s kr\u0113mziepes saudz\u012bgi att\u012bra roku \u0101du. Satur persiku ekstraktu un glicer\u012bnu, kas padara \u0101du m\u012bkstu un aizsarg\u0101 to no mitruma zuduma. Kr\u0113mveida tekst\u016bra un viegls pat\u012bkams arom\u0101ts. \u0100da k\u013c\u016bst maiga un gluda.<\/p>\n<p><strong>Lieto&scaron;ana:<\/strong> uzkl\u0101t nepiecie&scaron;amo ziepju daudzumu uz rok\u0101m, saputot, noskalot ar \u016bdeni.<\/p>\n<p><strong>Piesardz\u012bbas pas\u0101kumi:<\/strong>&nbsp;iesp\u0113jama&nbsp;paaugstin\u0101ta individu\u0101la jut\u012bba pret atsevi&scaron;\u0137\u0101m sast\u0101vda\u013c\u0101m.<\/p>\n","protected":false},"excerpt":{"rendered":"<p>Kr\u0113mziepes satur mazg\u0101jo&scaron;as sast\u0101vda\u013cas, kas nodro&scaron;ina efekt\u012bvu net\u012brumu likvid\u0113&scaron;anu, nesausininot \u0101du. Maig\u0101s kr\u0113mziepes saudz\u012bgi att\u012bra roku \u0101du. Satur persiku ekstraktu un glicer\u012bnu, kas padara \u0101du m\u012bkstu un aizsarg\u0101 to no mitruma zuduma. Kr\u0113mveida tekst\u016bra un viegls pat\u012bkams arom\u0101ts. \u0100da k\u013c\u016bst maiga un gluda. Lieto&scaron;ana: uzkl\u0101t nepiecie&scaron;amo ziepju daudzumu uz rok\u0101m, saputot, noskalot ar \u016bdeni. Piesardz\u012bbas [&#8230;]\n","protected":false},"featured_media":78087,"template":"","meta":[],"product_cat":[1607],"product_tag":[],"class_list":{"0":"post-46694","1":"product","2":"type-product","3":"status-publish","4":"has-post-thumbnail","6":"product_brand-elfa_ua","7":"product_cat-ziepes","9":"first","10":"outofstock","11":"taxable","12":"shipping-taxable","13":"product-type-simple"},"_links":{"self":[{"href":"https:\/\/e.kosmolat.eu\/lv\/wp-json\/wp\/v2\/product\/46694","targetHints":{"allow":["GET"]}}],"collection":[{"href":"https:\/\/e.kosmolat.eu\/lv\/wp-json\/wp\/v2\/product"}],"about":[{"href":"https:\/\/e.kosmolat.eu\/lv\/wp-json\/wp\/v2\/types\/product"}],"wp:featuredmedia":[{"embeddable":true,"href":"https:\/\/e.kosmolat.eu\/lv\/wp-json\/wp\/v2\/media\/78087"}],"wp:attachment":[{"href":"https:\/\/e.kosmolat.eu\/lv\/wp-json\/wp\/v2\/media?parent=46694"}],"wp:term":[{"taxonomy":"product_cat","embeddable":true,"href":"https:\/\/e.kosmolat.eu\/lv\/wp-json\/wp\/v2\/product_cat?post=46694"},{"taxonomy":"product_tag","embeddable":true,"href":"https:\/\/e.kosmolat.eu\/lv\/wp-json\/wp\/v2\/product_tag?post=46694"}],"curies":[{"name":"wp","href":"https:\/\/api.w.org\/{rel}","templated":true}]}}