{"id":46658,"date":"2024-03-02T05:03:09","date_gmt":"2024-03-02T05:03:09","guid":{"rendered":"https:\/\/e.kosmolat.eu\/product\/matbea-roku-krems-ekstremala-mitrinasana-75-ml\/"},"modified":"2025-08-18T10:11:12","modified_gmt":"2025-08-18T10:11:12","slug":"matbea-roku-krems-ekstremala-mitrinasana-75-ml","status":"publish","type":"product","link":"https:\/\/e.kosmolat.eu\/lv\/product\/matbea-roku-krems-ekstremala-mitrinasana-75-ml\/","title":{"rendered":"MATBEA Roku kr\u0113ms Ekstrem\u0101la mitrin\u0101\u0161ana, 75 ml"},"content":{"rendered":"<p>&bull; Acumirkl\u012b mitrina roku \u0101du<br \/>\n&bull; Neatst\u0101j taukainu saj\u016btu<br \/>\n&bull; Nov\u0113r\u0161 sausumu un mikroplaisas<\/p>\n<p>Ur\u012bnviela 3% &ndash; nov\u0113r\u0161 p\u0101rm\u0113r\u012bgu mitruma zudumu no epidermas virsmas. Efekt\u012bvi m\u012bkstina \u0101du ap nagu pl\u0101ksni. Alanto\u012bns m\u012bkstina un atjauno plais\u0101jo\u0161u roku un elko\u0146u \u0101du. Noloba dermas virs\u0113jo sl\u0101ni, veicinot t\u0101s atjauno\u0161anos. &Scaron;\u012b sviests m\u012bkstina kutikulas un padara rokas gludas un maigas.<\/p>\n<p><strong>Lieto\u0161ana: <\/strong>uzkl\u0101jiet nelielu kr\u0113ma daudzumu uz att\u012br\u012btas roku \u0101das, ar mas\u0113jo\u0161\u0101m kust\u012bb\u0101m izkl\u0101jiet pa visu plaukstu virsmu.<br \/>\n&nbsp;<\/p>\n","protected":false},"excerpt":{"rendered":"<p>&bull; Acumirkl\u012b mitrina roku \u0101du &bull; Neatst\u0101j taukainu saj\u016btu &bull; Nov\u0113r\u0161 sausumu un mikroplaisas Ur\u012bnviela 3% &ndash; nov\u0113r\u0161 p\u0101rm\u0113r\u012bgu mitruma zudumu no epidermas virsmas. Efekt\u012bvi m\u012bkstina \u0101du ap nagu pl\u0101ksni. Alanto\u012bns m\u012bkstina un atjauno plais\u0101jo\u0161u roku un elko\u0146u \u0101du. Noloba dermas virs\u0113jo sl\u0101ni, veicinot t\u0101s atjauno\u0161anos. &Scaron;\u012b sviests m\u012bkstina kutikulas un padara rokas gludas un [&#8230;]\n","protected":false},"featured_media":46662,"template":"","meta":[],"product_cat":[1305],"product_tag":[],"class_list":{"0":"post-46658","1":"product","2":"type-product","3":"status-publish","4":"has-post-thumbnail","6":"product_brand-matbea_sivis_by","7":"product_cat-1305","9":"first","10":"outofstock","11":"taxable","12":"shipping-taxable","13":"product-type-simple"},"_links":{"self":[{"href":"https:\/\/e.kosmolat.eu\/lv\/wp-json\/wp\/v2\/product\/46658","targetHints":{"allow":["GET"]}}],"collection":[{"href":"https:\/\/e.kosmolat.eu\/lv\/wp-json\/wp\/v2\/product"}],"about":[{"href":"https:\/\/e.kosmolat.eu\/lv\/wp-json\/wp\/v2\/types\/product"}],"wp:featuredmedia":[{"embeddable":true,"href":"https:\/\/e.kosmolat.eu\/lv\/wp-json\/wp\/v2\/media\/46662"}],"wp:attachment":[{"href":"https:\/\/e.kosmolat.eu\/lv\/wp-json\/wp\/v2\/media?parent=46658"}],"wp:term":[{"taxonomy":"product_cat","embeddable":true,"href":"https:\/\/e.kosmolat.eu\/lv\/wp-json\/wp\/v2\/product_cat?post=46658"},{"taxonomy":"product_tag","embeddable":true,"href":"https:\/\/e.kosmolat.eu\/lv\/wp-json\/wp\/v2\/product_tag?post=46658"}],"curies":[{"name":"wp","href":"https:\/\/api.w.org\/{rel}","templated":true}]}}