{"id":46577,"date":"2024-02-29T12:06:36","date_gmt":"2024-02-29T12:06:36","guid":{"rendered":"https:\/\/e.kosmolat.eu\/product\/ie%d0%b5%d1%81%d0%ba-ae%d1%8f-n%d1%83i-nude-harmony-outfit-lip-%d1%82%d0%be%d0%bd-20\/"},"modified":"2026-04-18T06:31:41","modified_gmt":"2026-04-18T06:31:41","slug":"bd-nh-outfit-lip-lakots-lupu-spid-20-4-1-g","status":"publish","type":"product","link":"https:\/\/e.kosmolat.eu\/lv\/product\/bd-nh-outfit-lip-lakots-lupu-spid-20-4-1-g\/","title":{"rendered":"BD NH Outfit Lip Lakots l\u016bpu sp\u012bd. 20, 4.1 g"},"content":{"rendered":"<p>Uzglab\u0101t temperat\u016br\u0101 no 0 &deg;\u0421 l\u012bdz +25 &deg;\u0421 saus\u0101 viet\u0101 prom no apkures ier\u012bc\u0113m, sarg\u0101jot no tie&scaron;iem saules stariem.<\/p>\n","protected":false},"excerpt":{"rendered":"<p>Uzglab\u0101t temperat\u016br\u0101 no 0 &deg;\u0421 l\u012bdz +25 &deg;\u0421 saus\u0101 viet\u0101 prom no apkures ier\u012bc\u0113m, sarg\u0101jot no tie&scaron;iem saules stariem.<\/p>\n","protected":false},"featured_media":91054,"template":"","meta":[],"product_cat":[1273],"product_tag":[],"class_list":{"0":"post-46577","1":"product","2":"type-product","3":"status-publish","4":"has-post-thumbnail","6":"product_brand-belordizain_by","7":"product_cat-lupu-blizgesys","9":"first","10":"outofstock","11":"taxable","12":"shipping-taxable","13":"product-type-simple"},"_links":{"self":[{"href":"https:\/\/e.kosmolat.eu\/lv\/wp-json\/wp\/v2\/product\/46577","targetHints":{"allow":["GET"]}}],"collection":[{"href":"https:\/\/e.kosmolat.eu\/lv\/wp-json\/wp\/v2\/product"}],"about":[{"href":"https:\/\/e.kosmolat.eu\/lv\/wp-json\/wp\/v2\/types\/product"}],"wp:featuredmedia":[{"embeddable":true,"href":"https:\/\/e.kosmolat.eu\/lv\/wp-json\/wp\/v2\/media\/91054"}],"wp:attachment":[{"href":"https:\/\/e.kosmolat.eu\/lv\/wp-json\/wp\/v2\/media?parent=46577"}],"wp:term":[{"taxonomy":"product_cat","embeddable":true,"href":"https:\/\/e.kosmolat.eu\/lv\/wp-json\/wp\/v2\/product_cat?post=46577"},{"taxonomy":"product_tag","embeddable":true,"href":"https:\/\/e.kosmolat.eu\/lv\/wp-json\/wp\/v2\/product_tag?post=46577"}],"curies":[{"name":"wp","href":"https:\/\/api.w.org\/{rel}","templated":true}]}}