{"id":46569,"date":"2024-02-29T11:50:38","date_gmt":"2024-02-29T11:50:38","guid":{"rendered":"https:\/\/e.kosmolat.eu\/product\/ie%d0%b5%d1%81%d0%ba-ae%d1%8f-n%d1%83i-nude-harmony-outfit-lip-%d1%82%d0%be%d0%bd-24\/"},"modified":"2025-09-20T03:36:14","modified_gmt":"2025-09-20T03:36:14","slug":"_bd-nh-outfit-lip-lakots-lupu-spid-24-4-1-g","status":"publish","type":"product","link":"https:\/\/e.kosmolat.eu\/lv\/product\/_bd-nh-outfit-lip-lakots-lupu-spid-24-4-1-g\/","title":{"rendered":"_BD NH Outfit Lip Lakots l\u016bpu sp\u012bd. 24, 4.1 g"},"content":{"rendered":"<p>Uzglab\u0101t temperat\u016br\u0101 no 0 &deg;\u0421 l\u012bdz +25 &deg;\u0421 saus\u0101 viet\u0101 prom no apkures ier\u012bc\u0113m, sarg\u0101jot no tie&scaron;iem saules stariem.<\/p>\n","protected":false},"excerpt":{"rendered":"<p>Uzglab\u0101t temperat\u016br\u0101 no 0 &deg;\u0421 l\u012bdz +25 &deg;\u0421 saus\u0101 viet\u0101 prom no apkures ier\u012bc\u0113m, sarg\u0101jot no tie&scaron;iem saules stariem.<\/p>\n","protected":false},"featured_media":91070,"template":"","meta":[],"product_cat":[1999],"product_tag":[],"class_list":{"0":"post-46569","1":"product","2":"type-product","3":"status-publish","4":"has-post-thumbnail","6":"product_brand-belordizain_by","7":"product_cat-bez-kategorijas","9":"first","10":"outofstock","11":"taxable","12":"shipping-taxable","13":"product-type-simple"},"_links":{"self":[{"href":"https:\/\/e.kosmolat.eu\/lv\/wp-json\/wp\/v2\/product\/46569","targetHints":{"allow":["GET"]}}],"collection":[{"href":"https:\/\/e.kosmolat.eu\/lv\/wp-json\/wp\/v2\/product"}],"about":[{"href":"https:\/\/e.kosmolat.eu\/lv\/wp-json\/wp\/v2\/types\/product"}],"wp:featuredmedia":[{"embeddable":true,"href":"https:\/\/e.kosmolat.eu\/lv\/wp-json\/wp\/v2\/media\/91070"}],"wp:attachment":[{"href":"https:\/\/e.kosmolat.eu\/lv\/wp-json\/wp\/v2\/media?parent=46569"}],"wp:term":[{"taxonomy":"product_cat","embeddable":true,"href":"https:\/\/e.kosmolat.eu\/lv\/wp-json\/wp\/v2\/product_cat?post=46569"},{"taxonomy":"product_tag","embeddable":true,"href":"https:\/\/e.kosmolat.eu\/lv\/wp-json\/wp\/v2\/product_tag?post=46569"}],"curies":[{"name":"wp","href":"https:\/\/api.w.org\/{rel}","templated":true}]}}