{"id":46545,"date":"2024-02-29T05:48:29","date_gmt":"2024-02-29T05:48:29","guid":{"rendered":"https:\/\/e.kosmolat.eu\/product\/axe-epic-fresh-dus-zel-3in1-kerm-seja-mati-xl-400-ml\/"},"modified":"2026-04-10T09:36:22","modified_gmt":"2026-04-10T09:36:22","slug":"axe-epic-fresh-dus-zel-3in1-kerm-seja-mati-xl-400-ml","status":"publish","type":"product","link":"https:\/\/e.kosmolat.eu\/lv\/product\/axe-epic-fresh-dus-zel-3in1-kerm-seja-mati-xl-400-ml\/","title":{"rendered":"AXE Epic Fresh Du\u0161. \u017eel. 3in1 \u0137erm., seja, mati XL, 400 ml"},"content":{"rendered":"<p>Du&scaron;as \u017eeleja ar greipfr\u016bta un tropisk\u0101 anan\u0101sa arom\u0101tu 87% dabiskas izcelsmes sast\u0101vda\u013cu. Dermatolo\u0123iski p\u0101rbaud\u012bts.<\/p>\n","protected":false},"excerpt":{"rendered":"<p>Du&scaron;as \u017eeleja ar greipfr\u016bta un tropisk\u0101 anan\u0101sa arom\u0101tu 87% dabiskas izcelsmes sast\u0101vda\u013cu. Dermatolo\u0123iski p\u0101rbaud\u012bts.<\/p>\n","protected":false},"featured_media":91510,"template":"","meta":[],"product_cat":[1248],"product_tag":[],"class_list":{"0":"post-46545","1":"product","2":"type-product","3":"status-publish","4":"has-post-thumbnail","6":"product_brand-unilever-ua","7":"product_cat-sampuni","9":"first","10":"instock","11":"taxable","12":"shipping-taxable","13":"product-type-simple"},"_links":{"self":[{"href":"https:\/\/e.kosmolat.eu\/lv\/wp-json\/wp\/v2\/product\/46545","targetHints":{"allow":["GET"]}}],"collection":[{"href":"https:\/\/e.kosmolat.eu\/lv\/wp-json\/wp\/v2\/product"}],"about":[{"href":"https:\/\/e.kosmolat.eu\/lv\/wp-json\/wp\/v2\/types\/product"}],"wp:featuredmedia":[{"embeddable":true,"href":"https:\/\/e.kosmolat.eu\/lv\/wp-json\/wp\/v2\/media\/91510"}],"wp:attachment":[{"href":"https:\/\/e.kosmolat.eu\/lv\/wp-json\/wp\/v2\/media?parent=46545"}],"wp:term":[{"taxonomy":"product_cat","embeddable":true,"href":"https:\/\/e.kosmolat.eu\/lv\/wp-json\/wp\/v2\/product_cat?post=46545"},{"taxonomy":"product_tag","embeddable":true,"href":"https:\/\/e.kosmolat.eu\/lv\/wp-json\/wp\/v2\/product_tag?post=46545"}],"curies":[{"name":"wp","href":"https:\/\/api.w.org\/{rel}","templated":true}]}}