{"id":46529,"date":"2024-02-29T05:47:52","date_gmt":"2024-02-29T05:47:52","guid":{"rendered":"https:\/\/e.kosmolat.eu\/product\/axe-ice-chill-dusas-zel-3in1-kerm-seja-mati-xl-400-ml\/"},"modified":"2025-09-20T04:02:58","modified_gmt":"2025-09-20T04:02:58","slug":"axe-ice-chill-dusas-zel-3in1-kerm-seja-mati-xl-400-ml","status":"publish","type":"product","link":"https:\/\/e.kosmolat.eu\/lv\/product\/axe-ice-chill-dusas-zel-3in1-kerm-seja-mati-xl-400-ml\/","title":{"rendered":"AXE Ice Chill Du\u0161as \u017eel. 3in1 \u0136\u0113rm., seja, mati XL, 400 ml"},"content":{"rendered":"<p>Du&scaron;as \u017eeleja ar atv\u0113sino&scaron;u mentola arom\u0101tu. 87% dabiskas izcelsmes sast\u0101vda\u013cu. Dermatolo\u0123iski p\u0101rbaud\u012bts.<\/p>\n","protected":false},"excerpt":{"rendered":"<p>Du&scaron;as \u017eeleja ar atv\u0113sino&scaron;u mentola arom\u0101tu. 87% dabiskas izcelsmes sast\u0101vda\u013cu. Dermatolo\u0123iski p\u0101rbaud\u012bts.<\/p>\n","protected":false},"featured_media":91502,"template":"","meta":[],"product_cat":[1689],"product_tag":[],"class_list":{"0":"post-46529","1":"product","2":"type-product","3":"status-publish","4":"has-post-thumbnail","6":"product_brand-unilever-ua","7":"product_cat-dusas-zelejas","9":"first","10":"outofstock","11":"taxable","12":"shipping-taxable","13":"product-type-simple"},"_links":{"self":[{"href":"https:\/\/e.kosmolat.eu\/lv\/wp-json\/wp\/v2\/product\/46529","targetHints":{"allow":["GET"]}}],"collection":[{"href":"https:\/\/e.kosmolat.eu\/lv\/wp-json\/wp\/v2\/product"}],"about":[{"href":"https:\/\/e.kosmolat.eu\/lv\/wp-json\/wp\/v2\/types\/product"}],"wp:featuredmedia":[{"embeddable":true,"href":"https:\/\/e.kosmolat.eu\/lv\/wp-json\/wp\/v2\/media\/91502"}],"wp:attachment":[{"href":"https:\/\/e.kosmolat.eu\/lv\/wp-json\/wp\/v2\/media?parent=46529"}],"wp:term":[{"taxonomy":"product_cat","embeddable":true,"href":"https:\/\/e.kosmolat.eu\/lv\/wp-json\/wp\/v2\/product_cat?post=46529"},{"taxonomy":"product_tag","embeddable":true,"href":"https:\/\/e.kosmolat.eu\/lv\/wp-json\/wp\/v2\/product_tag?post=46529"}],"curies":[{"name":"wp","href":"https:\/\/api.w.org\/{rel}","templated":true}]}}