{"id":46513,"date":"2024-02-29T05:47:17","date_gmt":"2024-02-29T05:47:17","guid":{"rendered":"https:\/\/e.kosmolat.eu\/product\/axe-black-dusas-zel-3in1-kerm-seja-mati-xl-400-ml\/"},"modified":"2026-04-02T06:51:31","modified_gmt":"2026-04-02T06:51:31","slug":"axe-black-dusas-zel-3in1-kerm-seja-mati-xl-400-ml","status":"publish","type":"product","link":"https:\/\/e.kosmolat.eu\/lv\/product\/axe-black-dusas-zel-3in1-kerm-seja-mati-xl-400-ml\/","title":{"rendered":"AXE Black Du\u0161as \u017eel. 3in1 \u0136\u0113rm., seja, mati XL, 400 ml"},"content":{"rendered":"<p>Du&scaron;as \u017eeleja ar atsvaidzino&scaron;u bumbiera un ciedra arom\u0101tu. 12 stundu notur\u012bgs arom\u0101ts. 87% dabiskas izcelsmes sast\u0101vda\u013cu. Dermatolo\u0123iski p\u0101rbaud\u012bts.<\/p>\n","protected":false},"excerpt":{"rendered":"<p>Du&scaron;as \u017eeleja ar atsvaidzino&scaron;u bumbiera un ciedra arom\u0101tu. 12 stundu notur\u012bgs arom\u0101ts. 87% dabiskas izcelsmes sast\u0101vda\u013cu. Dermatolo\u0123iski p\u0101rbaud\u012bts.<\/p>\n","protected":false},"featured_media":91494,"template":"","meta":[],"product_cat":[1689],"product_tag":[],"class_list":{"0":"post-46513","1":"product","2":"type-product","3":"status-publish","4":"has-post-thumbnail","6":"product_brand-unilever-ua","7":"product_cat-dusas-zelejas","9":"first","10":"instock","11":"taxable","12":"shipping-taxable","13":"product-type-simple"},"_links":{"self":[{"href":"https:\/\/e.kosmolat.eu\/lv\/wp-json\/wp\/v2\/product\/46513","targetHints":{"allow":["GET"]}}],"collection":[{"href":"https:\/\/e.kosmolat.eu\/lv\/wp-json\/wp\/v2\/product"}],"about":[{"href":"https:\/\/e.kosmolat.eu\/lv\/wp-json\/wp\/v2\/types\/product"}],"wp:featuredmedia":[{"embeddable":true,"href":"https:\/\/e.kosmolat.eu\/lv\/wp-json\/wp\/v2\/media\/91494"}],"wp:attachment":[{"href":"https:\/\/e.kosmolat.eu\/lv\/wp-json\/wp\/v2\/media?parent=46513"}],"wp:term":[{"taxonomy":"product_cat","embeddable":true,"href":"https:\/\/e.kosmolat.eu\/lv\/wp-json\/wp\/v2\/product_cat?post=46513"},{"taxonomy":"product_tag","embeddable":true,"href":"https:\/\/e.kosmolat.eu\/lv\/wp-json\/wp\/v2\/product_tag?post=46513"}],"curies":[{"name":"wp","href":"https:\/\/api.w.org\/{rel}","templated":true}]}}