{"id":46505,"date":"2024-02-29T05:47:00","date_gmt":"2024-02-29T05:47:00","guid":{"rendered":"https:\/\/e.kosmolat.eu\/product\/axe-africa-vir-dezodor-kerm-sprejs-150-ml\/"},"modified":"2026-04-23T07:36:16","modified_gmt":"2026-04-23T07:36:16","slug":"axe-africa-vir-dezodor-kerm-sprejs-150-ml","status":"publish","type":"product","link":"https:\/\/e.kosmolat.eu\/lv\/product\/axe-africa-vir-dezodor-kerm-sprejs-150-ml\/","title":{"rendered":"AXE Africa V\u012br. dezodor.-\u0137erm. sprejs, 150 ml"},"content":{"rendered":"<p>Ar mandar\u012bna un sandalkoka arom\u0101tu.<\/p>\n<p><strong>Lieto&scaron;ana:<\/strong> izsmidzin\u0101t no 15 cm att\u0101luma.<\/p>\n<p><strong>Piesardz\u012bbas pas\u0101kumi:<\/strong> nelietot uz boj\u0101tas vai kairin\u0101tas \u0101das. P\u0101rtraukt lieto&scaron;anu, ja rodas kairin\u0101jums vai nieze.&nbsp;<\/p>\n<p>&nbsp;<\/p>\n<p><strong><img decoding=\"async\" alt=\"\" src=\"file:\/\/\/C:\/Users\/masha\/Desktop\/GHS%2002.jpg\" style=\"height:40px; width:40px\" \/>GHS02 B\u012bstami<\/strong><br \/>\n<strong>H222<\/strong> \u012apa&scaron;i viegli uzliesmojo&scaron;s aerosols.<\/p>\n<p><strong>H229<\/strong> Tvertne zem spiediena: karstum\u0101 var eksplod\u0113t.<br \/>\nDro&scaron;\u012bbas pras\u012bbu apz\u012bm\u0113jumi:<br \/>\nP102 Sarg\u0101t no b\u0113rniem.<br \/>\nP210 Sarg\u0101t no karstuma, karst\u0101m virsm\u0101m, dzirkstel\u0113m, atkl\u0101tas uguns un citiem aizdeg&scaron;an\u0101s avotiem. Nesm\u0113\u0137\u0113t.<br \/>\nP211 Neizsmidzin\u0101t uz atkl\u0101tas uguns vai citiem aizdeg&scaron;an\u0101s avotiem.<br \/>\nP251 Nedurt vai nededzin\u0101t, ar\u012b p\u0113c izlieto&scaron;anas.<br \/>\nP410+P412 Aizsarg\u0101t no saules gaismas. Nepak\u013caut temperat\u016brai, kas p\u0101rsniedz 50 &deg;C \/ 122 &deg;F.<br \/>\n&nbsp;<\/p>\n","protected":false},"excerpt":{"rendered":"<p>Ar mandar\u012bna un sandalkoka arom\u0101tu. Lieto&scaron;ana: izsmidzin\u0101t no 15 cm att\u0101luma. Piesardz\u012bbas pas\u0101kumi: nelietot uz boj\u0101tas vai kairin\u0101tas \u0101das. P\u0101rtraukt lieto&scaron;anu, ja rodas kairin\u0101jums vai nieze.&nbsp; &nbsp; GHS02 B\u012bstami H222 \u012apa&scaron;i viegli uzliesmojo&scaron;s aerosols. H229 Tvertne zem spiediena: karstum\u0101 var eksplod\u0113t. Dro&scaron;\u012bbas pras\u012bbu apz\u012bm\u0113jumi: P102 Sarg\u0101t no b\u0113rniem. P210 Sarg\u0101t no karstuma, karst\u0101m virsm\u0101m, dzirkstel\u0113m, [&#8230;]\n","protected":false},"featured_media":91490,"template":"","meta":[],"product_cat":[2181],"product_tag":[],"class_list":{"0":"post-46505","1":"product","2":"type-product","3":"status-publish","4":"has-post-thumbnail","6":"product_brand-unilever-ua","7":"product_cat-bez-kategorijas-lt","9":"first","10":"instock","11":"taxable","12":"shipping-taxable","13":"product-type-simple"},"_links":{"self":[{"href":"https:\/\/e.kosmolat.eu\/lv\/wp-json\/wp\/v2\/product\/46505","targetHints":{"allow":["GET"]}}],"collection":[{"href":"https:\/\/e.kosmolat.eu\/lv\/wp-json\/wp\/v2\/product"}],"about":[{"href":"https:\/\/e.kosmolat.eu\/lv\/wp-json\/wp\/v2\/types\/product"}],"wp:featuredmedia":[{"embeddable":true,"href":"https:\/\/e.kosmolat.eu\/lv\/wp-json\/wp\/v2\/media\/91490"}],"wp:attachment":[{"href":"https:\/\/e.kosmolat.eu\/lv\/wp-json\/wp\/v2\/media?parent=46505"}],"wp:term":[{"taxonomy":"product_cat","embeddable":true,"href":"https:\/\/e.kosmolat.eu\/lv\/wp-json\/wp\/v2\/product_cat?post=46505"},{"taxonomy":"product_tag","embeddable":true,"href":"https:\/\/e.kosmolat.eu\/lv\/wp-json\/wp\/v2\/product_tag?post=46505"}],"curies":[{"name":"wp","href":"https:\/\/api.w.org\/{rel}","templated":true}]}}