{"id":46465,"date":"2024-02-29T05:45:33","date_gmt":"2024-02-29T05:45:33","guid":{"rendered":"https:\/\/e.kosmolat.eu\/product\/lux-botanicals-dusas-zel-vige-un-geran-ella-500-ml\/"},"modified":"2025-09-20T04:01:22","modified_gmt":"2025-09-20T04:01:22","slug":"lux-botanicals-dusas-zel-vige-un-geran-ella-500-ml","status":"publish","type":"product","link":"https:\/\/e.kosmolat.eu\/lv\/product\/lux-botanicals-dusas-zel-vige-un-geran-ella-500-ml\/","title":{"rendered":"LUX Botanicals Du\u0161as \u017eel. V\u012b\u0123e un \u0123er\u0101n. e\u013cla, 500 ml"},"content":{"rendered":"<p>Vidusj\u016bras p\u0101rdz\u012bvojums. Juteklisks v\u012b\u0123es ziedu arom\u0101ts iet\u012bts \u0123er\u0101niju pu&scaron;\u0137\u012b. Formula Lux Botanicals Skin Revitalise pal\u012bdz\u0113s J\u016bsu \u0101dai justies atdz\u012bvin\u0101tai un aprup\u0113tai. Nesatur kr\u0101svielas. Satur 100% dabiskus ekstraktus. Dermatolo\u0123iski p\u0101rbaud\u012bts.<\/p>\n","protected":false},"excerpt":{"rendered":"<p>Vidusj\u016bras p\u0101rdz\u012bvojums. Juteklisks v\u012b\u0123es ziedu arom\u0101ts iet\u012bts \u0123er\u0101niju pu&scaron;\u0137\u012b. Formula Lux Botanicals Skin Revitalise pal\u012bdz\u0113s J\u016bsu \u0101dai justies atdz\u012bvin\u0101tai un aprup\u0113tai. Nesatur kr\u0101svielas. Satur 100% dabiskus ekstraktus. Dermatolo\u0123iski p\u0101rbaud\u012bts.<\/p>\n","protected":false},"featured_media":91470,"template":"","meta":[],"product_cat":[1689],"product_tag":[],"class_list":{"0":"post-46465","1":"product","2":"type-product","3":"status-publish","4":"has-post-thumbnail","6":"product_brand-unilever-ua","7":"product_cat-dusas-zelejas","9":"first","10":"outofstock","11":"taxable","12":"shipping-taxable","13":"product-type-simple"},"_links":{"self":[{"href":"https:\/\/e.kosmolat.eu\/lv\/wp-json\/wp\/v2\/product\/46465","targetHints":{"allow":["GET"]}}],"collection":[{"href":"https:\/\/e.kosmolat.eu\/lv\/wp-json\/wp\/v2\/product"}],"about":[{"href":"https:\/\/e.kosmolat.eu\/lv\/wp-json\/wp\/v2\/types\/product"}],"wp:featuredmedia":[{"embeddable":true,"href":"https:\/\/e.kosmolat.eu\/lv\/wp-json\/wp\/v2\/media\/91470"}],"wp:attachment":[{"href":"https:\/\/e.kosmolat.eu\/lv\/wp-json\/wp\/v2\/media?parent=46465"}],"wp:term":[{"taxonomy":"product_cat","embeddable":true,"href":"https:\/\/e.kosmolat.eu\/lv\/wp-json\/wp\/v2\/product_cat?post=46465"},{"taxonomy":"product_tag","embeddable":true,"href":"https:\/\/e.kosmolat.eu\/lv\/wp-json\/wp\/v2\/product_tag?post=46465"}],"curies":[{"name":"wp","href":"https:\/\/api.w.org\/{rel}","templated":true}]}}