{"id":46449,"date":"2024-02-29T05:44:27","date_gmt":"2024-02-29T05:44:27","guid":{"rendered":"https:\/\/e.kosmolat.eu\/product\/lux-botanicals-dusas-zel-kirsu-ziedi-un-niacinam-500-ml\/"},"modified":"2025-09-20T04:00:55","modified_gmt":"2025-09-20T04:00:55","slug":"lux-botanicals-dusas-zel-kirsu-ziedi-un-niacinam-500-ml","status":"publish","type":"product","link":"https:\/\/e.kosmolat.eu\/lv\/product\/lux-botanicals-dusas-zel-kirsu-ziedi-un-niacinam-500-ml\/","title":{"rendered":"LUX Botanicals Du\u0161as \u017eel. \u0136ir\u0161u ziedi un niacinam., 500 ml"},"content":{"rendered":"<p>Piedz\u012bvojiet pastaigu pa \u0137ir&scaron;u d\u0101rzu ar du&scaron;as \u017eeleju, kas smar\u017eo p\u0113c \u0137ir&scaron;u ziediem. Lux Botanicals Skin Radiance formula sniegs j\u016bsu \u0101dai t\u012br\u012bbu, svaigumu un pie&scaron;\u0137irs tai pat\u012bkamu pavasar\u012bgu arom\u0101tu. Nesatur kr\u0101svielas. Satur 100% dabiskus ekstraktus. Dermatolo\u0123iski p\u0101rbaud\u012bts.<\/p>\n<p>\n&nbsp;<\/p>\n","protected":false},"excerpt":{"rendered":"<p>Piedz\u012bvojiet pastaigu pa \u0137ir&scaron;u d\u0101rzu ar du&scaron;as \u017eeleju, kas smar\u017eo p\u0113c \u0137ir&scaron;u ziediem. Lux Botanicals Skin Radiance formula sniegs j\u016bsu \u0101dai t\u012br\u012bbu, svaigumu un pie&scaron;\u0137irs tai pat\u012bkamu pavasar\u012bgu arom\u0101tu. Nesatur kr\u0101svielas. Satur 100% dabiskus ekstraktus. Dermatolo\u0123iski p\u0101rbaud\u012bts. &nbsp;<\/p>\n","protected":false},"featured_media":91462,"template":"","meta":[],"product_cat":[1691],"product_tag":[],"class_list":{"0":"post-46449","1":"product","2":"type-product","3":"status-publish","4":"has-post-thumbnail","6":"product_brand-unilever-ua","7":"product_cat-duso-geliai","9":"first","10":"outofstock","11":"taxable","12":"shipping-taxable","13":"product-type-simple"},"_links":{"self":[{"href":"https:\/\/e.kosmolat.eu\/lv\/wp-json\/wp\/v2\/product\/46449","targetHints":{"allow":["GET"]}}],"collection":[{"href":"https:\/\/e.kosmolat.eu\/lv\/wp-json\/wp\/v2\/product"}],"about":[{"href":"https:\/\/e.kosmolat.eu\/lv\/wp-json\/wp\/v2\/types\/product"}],"wp:featuredmedia":[{"embeddable":true,"href":"https:\/\/e.kosmolat.eu\/lv\/wp-json\/wp\/v2\/media\/91462"}],"wp:attachment":[{"href":"https:\/\/e.kosmolat.eu\/lv\/wp-json\/wp\/v2\/media?parent=46449"}],"wp:term":[{"taxonomy":"product_cat","embeddable":true,"href":"https:\/\/e.kosmolat.eu\/lv\/wp-json\/wp\/v2\/product_cat?post=46449"},{"taxonomy":"product_tag","embeddable":true,"href":"https:\/\/e.kosmolat.eu\/lv\/wp-json\/wp\/v2\/product_tag?post=46449"}],"curies":[{"name":"wp","href":"https:\/\/api.w.org\/{rel}","templated":true}]}}