{"id":46441,"date":"2024-02-29T05:44:09","date_gmt":"2024-02-29T05:44:09","guid":{"rendered":"https:\/\/e.kosmolat.eu\/product\/axe-ice-chill-vir-antipersp-zimulis-48-st-50-ml\/"},"modified":"2026-04-23T07:36:01","modified_gmt":"2026-04-23T07:36:01","slug":"axe-ice-chill-vir-antipersp-zimulis-48-st-50-ml","status":"publish","type":"product","link":"https:\/\/e.kosmolat.eu\/lv\/product\/axe-ice-chill-vir-antipersp-zimulis-48-st-50-ml\/","title":{"rendered":"AXE Ice Chill V\u012br. antipersp.-z\u012bmulis 48 st., 50 ml"},"content":{"rendered":"<p>Nelietot uz boj\u0101tas vai kairin\u0101tas \u0101das. Paredz\u0113ts \u0101r\u0113jai lieto&scaron;anai tikai uz padu&scaron;u \u0101das. P\u0101rtraukt lieto&scaron;anu, ja rodas kairin\u0101jums vai nieze.&nbsp;<\/p>\n","protected":false},"excerpt":{"rendered":"<p>Nelietot uz boj\u0101tas vai kairin\u0101tas \u0101das. Paredz\u0113ts \u0101r\u0113jai lieto&scaron;anai tikai uz padu&scaron;u \u0101das. P\u0101rtraukt lieto&scaron;anu, ja rodas kairin\u0101jums vai nieze.&nbsp;<\/p>\n","protected":false},"featured_media":104560,"template":"","meta":[],"product_cat":[1999],"product_tag":[],"class_list":{"0":"post-46441","1":"product","2":"type-product","3":"status-publish","4":"has-post-thumbnail","6":"product_brand-unilever-ua","7":"product_cat-bez-kategorijas","9":"first","10":"instock","11":"taxable","12":"shipping-taxable","13":"product-type-simple"},"_links":{"self":[{"href":"https:\/\/e.kosmolat.eu\/lv\/wp-json\/wp\/v2\/product\/46441","targetHints":{"allow":["GET"]}}],"collection":[{"href":"https:\/\/e.kosmolat.eu\/lv\/wp-json\/wp\/v2\/product"}],"about":[{"href":"https:\/\/e.kosmolat.eu\/lv\/wp-json\/wp\/v2\/types\/product"}],"wp:featuredmedia":[{"embeddable":true,"href":"https:\/\/e.kosmolat.eu\/lv\/wp-json\/wp\/v2\/media\/104560"}],"wp:attachment":[{"href":"https:\/\/e.kosmolat.eu\/lv\/wp-json\/wp\/v2\/media?parent=46441"}],"wp:term":[{"taxonomy":"product_cat","embeddable":true,"href":"https:\/\/e.kosmolat.eu\/lv\/wp-json\/wp\/v2\/product_cat?post=46441"},{"taxonomy":"product_tag","embeddable":true,"href":"https:\/\/e.kosmolat.eu\/lv\/wp-json\/wp\/v2\/product_tag?post=46441"}],"curies":[{"name":"wp","href":"https:\/\/api.w.org\/{rel}","templated":true}]}}