{"id":46425,"date":"2024-02-29T05:43:29","date_gmt":"2024-02-29T05:43:29","guid":{"rendered":"https:\/\/e.kosmolat.eu\/product\/axe-dark-temptation-vir-antipersp-zimul-48-st-50-ml\/"},"modified":"2026-03-06T09:37:50","modified_gmt":"2026-03-06T09:37:50","slug":"axe-dark-temptation-vir-antipersp-zimul-48-st-50-ml","status":"publish","type":"product","link":"https:\/\/e.kosmolat.eu\/lv\/product\/axe-dark-temptation-vir-antipersp-zimul-48-st-50-ml\/","title":{"rendered":"AXE Dark Temptation V\u012br. antipersp.-z\u012bmul. 48 st., 50 ml"},"content":{"rendered":"<p>Nelietot uz boj\u0101tas vai kairin\u0101tas \u0101das. Paredz\u0113ts \u0101r\u0113jai lieto&scaron;anai tikai uz padu&scaron;u \u0101das. P\u0101rtraukt lieto&scaron;anu, ja rodas kairin\u0101jums vai nieze.&nbsp;<\/p>\n","protected":false},"excerpt":{"rendered":"<p>Nelietot uz boj\u0101tas vai kairin\u0101tas \u0101das. Paredz\u0113ts \u0101r\u0113jai lieto&scaron;anai tikai uz padu&scaron;u \u0101das. P\u0101rtraukt lieto&scaron;anu, ja rodas kairin\u0101jums vai nieze.&nbsp;<\/p>\n","protected":false},"featured_media":91450,"template":"","meta":[],"product_cat":[1999],"product_tag":[],"class_list":{"0":"post-46425","1":"product","2":"type-product","3":"status-publish","4":"has-post-thumbnail","6":"product_brand-unilever-ua","7":"product_cat-bez-kategorijas","9":"first","10":"outofstock","11":"taxable","12":"shipping-taxable","13":"product-type-simple"},"_links":{"self":[{"href":"https:\/\/e.kosmolat.eu\/lv\/wp-json\/wp\/v2\/product\/46425","targetHints":{"allow":["GET"]}}],"collection":[{"href":"https:\/\/e.kosmolat.eu\/lv\/wp-json\/wp\/v2\/product"}],"about":[{"href":"https:\/\/e.kosmolat.eu\/lv\/wp-json\/wp\/v2\/types\/product"}],"wp:featuredmedia":[{"embeddable":true,"href":"https:\/\/e.kosmolat.eu\/lv\/wp-json\/wp\/v2\/media\/91450"}],"wp:attachment":[{"href":"https:\/\/e.kosmolat.eu\/lv\/wp-json\/wp\/v2\/media?parent=46425"}],"wp:term":[{"taxonomy":"product_cat","embeddable":true,"href":"https:\/\/e.kosmolat.eu\/lv\/wp-json\/wp\/v2\/product_cat?post=46425"},{"taxonomy":"product_tag","embeddable":true,"href":"https:\/\/e.kosmolat.eu\/lv\/wp-json\/wp\/v2\/product_tag?post=46425"}],"curies":[{"name":"wp","href":"https:\/\/api.w.org\/{rel}","templated":true}]}}