{"id":46417,"date":"2024-02-29T05:43:14","date_gmt":"2024-02-29T05:43:14","guid":{"rendered":"https:\/\/e.kosmolat.eu\/product\/savo-original-pelejuma-tirisanas-lidzeklis-500-ml\/"},"modified":"2026-04-01T13:24:07","modified_gmt":"2026-04-01T13:24:07","slug":"savo-original-pelejuma-tirisanas-lidzeklis-500-ml","status":"publish","type":"product","link":"https:\/\/e.kosmolat.eu\/lv\/product\/savo-original-pelejuma-tirisanas-lidzeklis-500-ml\/","title":{"rendered":"SAVO Original Pel\u0113juma t\u012br\u012b\u0161anas l\u012bdzeklis, 500 ml"},"content":{"rendered":"<p>Efekt\u012bvi no\u0146em visus pel\u0113juma veidus. L\u012bdzekli var izmantot uz t\u0101d\u0101m virsm\u0101m k\u0101 sienas, keramika, fl\u012bzes, &scaron;uves, apmetumi, \u0137ie\u0123e\u013cu sienas, akmens, emalja, plastmasa, silikons, gumija un ner\u016bs\u0113jo&scaron;ais t\u0113rauds. Tas ir ide\u0101li piem\u0113rots lieto&scaron;anai telp\u0101s ar paaugstin\u0101tu mitrumu.<\/p>\n<p><strong>Lieto&scaron;ana:<\/strong>&nbsp;pagrieziet izsmidzin\u0101t\u0101ja uzgali st\u0101vokl\u012b &ldquo;ON&rdquo;. Vienm\u0113r\u012bgi &nbsp;izsmidziniet l\u012bdzekli no att\u0101luma 10-15 cm uz nepiecie&scaron;am\u0101s virsmas da\u013cas. Atst\u0101jiet uz 15-20 min\u016bt\u0113m. L\u012bdzek\u013ca iedarb\u012bbas laik\u0101 pametiet telpu. P\u0113c tam noskalojiet vai nosusiniet virsmu. Izvairieties no p\u0101rm\u0113r\u012bgas izsmidzin\u0101&scaron;anas.&nbsp;<\/p>\n<p>Uzglab\u0101t vertik\u0101l\u0101 st\u0101vokl\u012b, sarg\u0101jot no tie&scaron;iem saules stariem. Neuzglab\u0101t p\u0101rtikas produktu tuvum\u0101.<\/p>\n<p><strong>Der\u012bguma termi\u0146&scaron;: <\/strong>12 m\u0113ne&scaron;i no izgatavo&scaron;anas datuma.<\/p>\n<p><strong>Sast\u0101v\u0101:<\/strong> maz\u0101k par 5 % balin\u0101t\u0101js, kura pamat\u0101 ir hlors, maz\u0101k par 5 % nejonu virsmakt\u012bv\u0101s vielas.<\/p>\n<p>&nbsp;<\/p>\n<p><strong><img decoding=\"async\" alt=\"\" src=\"file:\/\/\/C:\/Users\/masha\/Desktop\/GHS05.jpg\" style=\"height:40px; width:40px\" \/>GHS05 <img decoding=\"async\" alt=\"\" src=\"file:\/\/\/C:\/Users\/masha\/Desktop\/GHS09.jpg\" style=\"height:40px; width:40px\" \/>GHS09<\/strong>&nbsp;<strong>B\u012bstami<\/strong><\/p>\n<p><strong>H290<\/strong> Var kod\u012bgi iedarboties uz met\u0101liem.<br \/>\n<strong>H314<\/strong> Izraisa smagus \u0101das apdegumus un acu boj\u0101jumus.<br \/>\n<strong>H400<\/strong> \u013boti toksisks \u016bdens organismiem.<br \/>\n<strong>H411<\/strong> Toksisks \u016bdens organismiem ar ilgsto&scaron;\u0101m sek\u0101m.<br \/>\n<strong>EUH 031<\/strong> Saskaroties ar sk\u0101b\u0113m, izdala toksiskas g\u0101zes.<br \/>\n<strong>EUH 206<\/strong> Br\u012bdin\u0101jums! Nelietot kop\u0101 ar citiem produktiem. Var izdal\u012bt b\u012bstamas g\u0101zes (hloru).<br \/>\nDro&scaron;\u012bbas pras\u012bbu apz\u012bm\u0113jumi:<br \/>\nP102 Sarg\u0101t no b\u0113rniem.<br \/>\nP234 Tur\u0113t tikai ori\u0123in\u0101liepakojum\u0101.<br \/>\n\u0420260 Neieelpot putek\u013cus\/tvaikus\/g\u0101zi\/d\u016bmus\/ izgarojumus\/smidzin\u0101jumu.<br \/>\nP264 P\u0113c izmanto&scaron;anas rokas k\u0101rt\u012bgi nomazg\u0101t.<br \/>\nP273 Izvair\u012bties no izplat\u012b&scaron;anas apk\u0101rt\u0113j\u0101 vid\u0113.<br \/>\nP280 Izmantot aizsargcimdus\/aizsargdr\u0113bes\/ acu aizsargus\/sejas aizsargus.<\/p>\n<p>P305+P351+P338 SASKAR\u0112 AR AC\u012aM: Uzman\u012bgi izskalot ar \u016bdeni vair\u0101kas min\u016btes. Iz\u0146emt kontaktl\u0113cas, ja t\u0101s ir ievietotas un ja to var vienk\u0101r&scaron;i izdar\u012bt. Turpin\u0101t skalot.<br \/>\nP301+P330+P331 NOR\u012a&Scaron;ANAS GAD\u012aJUM\u0100: Izskalot muti. NEIZRAIS\u012aT vem&scaron;anu.<br \/>\nP303+P361+P353 SASKAR\u0112 AR \u0100DU (vai matiem): Nekav\u0113joties novilkt visu pies\u0101r\u0146oto ap\u0123\u0113rbu. Noskalot \u0101du ar \u016bdeni [vai iet du&scaron;\u0101].<br \/>\nP304+P340 IEELPO&Scaron;ANAS GAD\u012aJUM\u0100: nog\u0101d\u0101t cietu&scaron;o svaig\u0101 gais\u0101 un nodro&scaron;in\u0101t netrauc\u0113tu elpo&scaron;anu.<br \/>\n&nbsp;<\/p>\n","protected":false},"excerpt":{"rendered":"<p>Efekt\u012bvi no\u0146em visus pel\u0113juma veidus. L\u012bdzekli var izmantot uz t\u0101d\u0101m virsm\u0101m k\u0101 sienas, keramika, fl\u012bzes, &scaron;uves, apmetumi, \u0137ie\u0123e\u013cu sienas, akmens, emalja, plastmasa, silikons, gumija un ner\u016bs\u0113jo&scaron;ais t\u0113rauds. Tas ir ide\u0101li piem\u0113rots lieto&scaron;anai telp\u0101s ar paaugstin\u0101tu mitrumu. Lieto&scaron;ana:&nbsp;pagrieziet izsmidzin\u0101t\u0101ja uzgali st\u0101vokl\u012b &ldquo;ON&rdquo;. Vienm\u0113r\u012bgi &nbsp;izsmidziniet l\u012bdzekli no att\u0101luma 10-15 cm uz nepiecie&scaron;am\u0101s virsmas da\u013cas. Atst\u0101jiet uz 15-20 [&#8230;]\n","protected":false},"featured_media":91522,"template":"","meta":[],"product_cat":[1999],"product_tag":[],"class_list":{"0":"post-46417","1":"product","2":"type-product","3":"status-publish","4":"has-post-thumbnail","6":"product_brand-unilever-ua","7":"product_cat-bez-kategorijas","9":"first","10":"instock","11":"taxable","12":"shipping-taxable","13":"product-type-simple"},"_links":{"self":[{"href":"https:\/\/e.kosmolat.eu\/lv\/wp-json\/wp\/v2\/product\/46417","targetHints":{"allow":["GET"]}}],"collection":[{"href":"https:\/\/e.kosmolat.eu\/lv\/wp-json\/wp\/v2\/product"}],"about":[{"href":"https:\/\/e.kosmolat.eu\/lv\/wp-json\/wp\/v2\/types\/product"}],"wp:featuredmedia":[{"embeddable":true,"href":"https:\/\/e.kosmolat.eu\/lv\/wp-json\/wp\/v2\/media\/91522"}],"wp:attachment":[{"href":"https:\/\/e.kosmolat.eu\/lv\/wp-json\/wp\/v2\/media?parent=46417"}],"wp:term":[{"taxonomy":"product_cat","embeddable":true,"href":"https:\/\/e.kosmolat.eu\/lv\/wp-json\/wp\/v2\/product_cat?post=46417"},{"taxonomy":"product_tag","embeddable":true,"href":"https:\/\/e.kosmolat.eu\/lv\/wp-json\/wp\/v2\/product_tag?post=46417"}],"curies":[{"name":"wp","href":"https:\/\/api.w.org\/{rel}","templated":true}]}}