{"id":46377,"date":"2024-02-29T05:41:22","date_gmt":"2024-02-29T05:41:22","guid":{"rendered":"https:\/\/e.kosmolat.eu\/product\/hs-crazy-hair-proteina-kondic-ar-sokolades-aromatu-doy-pack-300-ml\/"},"modified":"2025-09-20T03:09:55","modified_gmt":"2025-09-20T03:09:55","slug":"i_hs-crazy-hair-proteina-kondic-ar-sokolades-aromatu-doy-pack-300-ml","status":"publish","type":"product","link":"https:\/\/e.kosmolat.eu\/lv\/product\/i_hs-crazy-hair-proteina-kondic-ar-sokolades-aromatu-doy-pack-300-ml\/","title":{"rendered":"I_HS Crazy Hair Prote\u012bna kondic.  ar \u0161okol\u0101des arom\u0101tu, doy-pack, 300 ml"},"content":{"rendered":"<p>Prote\u012bnu kondicionieris pie&scaron;\u0137irs J\u016bsu matiem vesel\u012bgu apjomu un sp\u012bdumu, k\u0101 ar\u012b padar\u012bs tos vizu\u0101li m\u012bkst\u0101kus un glud\u0101kus. \u012apa&scaron;i piem\u0113rots cirtainiem, cietiem un bieziem matiem.<\/p>\n<p><strong>Lieto&scaron;ana:<\/strong> uzkl\u0101t nelielu produkta daudzumu uz mitriem, no \u016bdens izspiestiem matiem. P\u0113c da\u017e\u0101m min\u016bt\u0113m noskalot. Lai sasniegtu lab\u0101kus rezult\u0101tus, atst\u0101t uz 20-30 min\u016bt\u0113m.<\/p>\n<p>Dermatolo\u0123iski p\u0101rbaud\u012bts.<br \/>\n&nbsp;<\/p>\n","protected":false},"excerpt":{"rendered":"<p>Prote\u012bnu kondicionieris pie&scaron;\u0137irs J\u016bsu matiem vesel\u012bgu apjomu un sp\u012bdumu, k\u0101 ar\u012b padar\u012bs tos vizu\u0101li m\u012bkst\u0101kus un glud\u0101kus. \u012apa&scaron;i piem\u0113rots cirtainiem, cietiem un bieziem matiem. Lieto&scaron;ana: uzkl\u0101t nelielu produkta daudzumu uz mitriem, no \u016bdens izspiestiem matiem. P\u0113c da\u017e\u0101m min\u016bt\u0113m noskalot. Lai sasniegtu lab\u0101kus rezult\u0101tus, atst\u0101t uz 20-30 min\u016bt\u0113m. Dermatolo\u0123iski p\u0101rbaud\u012bts. &nbsp;<\/p>\n","protected":false},"featured_media":90650,"template":"","meta":[],"product_cat":[1999],"product_tag":[],"class_list":{"0":"post-46377","1":"product","2":"type-product","3":"status-publish","4":"has-post-thumbnail","6":"product_brand-hiskin_pl","7":"product_cat-bez-kategorijas","9":"first","10":"outofstock","11":"taxable","12":"shipping-taxable","13":"product-type-simple"},"_links":{"self":[{"href":"https:\/\/e.kosmolat.eu\/lv\/wp-json\/wp\/v2\/product\/46377","targetHints":{"allow":["GET"]}}],"collection":[{"href":"https:\/\/e.kosmolat.eu\/lv\/wp-json\/wp\/v2\/product"}],"about":[{"href":"https:\/\/e.kosmolat.eu\/lv\/wp-json\/wp\/v2\/types\/product"}],"wp:featuredmedia":[{"embeddable":true,"href":"https:\/\/e.kosmolat.eu\/lv\/wp-json\/wp\/v2\/media\/90650"}],"wp:attachment":[{"href":"https:\/\/e.kosmolat.eu\/lv\/wp-json\/wp\/v2\/media?parent=46377"}],"wp:term":[{"taxonomy":"product_cat","embeddable":true,"href":"https:\/\/e.kosmolat.eu\/lv\/wp-json\/wp\/v2\/product_cat?post=46377"},{"taxonomy":"product_tag","embeddable":true,"href":"https:\/\/e.kosmolat.eu\/lv\/wp-json\/wp\/v2\/product_tag?post=46377"}],"curies":[{"name":"wp","href":"https:\/\/api.w.org\/{rel}","templated":true}]}}