{"id":46369,"date":"2024-02-29T05:40:55","date_gmt":"2024-02-29T05:40:55","guid":{"rendered":"https:\/\/e.kosmolat.eu\/product\/hs-crazy-hair-mitrinoss-kondic-ar-kosl-gumijas-arom-doy-pack-300-ml\/"},"modified":"2025-09-20T03:09:38","modified_gmt":"2025-09-20T03:09:38","slug":"i_hs-crazy-hair-mitrinoss-kondic-ar-kosl-gumijas-arom-doy-pack-300-ml","status":"publish","type":"product","link":"https:\/\/e.kosmolat.eu\/lv\/product\/i_hs-crazy-hair-mitrinoss-kondic-ar-kosl-gumijas-arom-doy-pack-300-ml\/","title":{"rendered":"I_HS Crazy Hair Mitrino\u0161s kondic. ar ko\u0161\u013c. gumijas arom., doy-pack, 300 ml"},"content":{"rendered":"<p>Kondicioniera sast\u0101v\u0101 ir daudz mitrin\u0101t\u0101ju, jeb t\u0101du sast\u0101vda\u013cu, kuru uzdevums ir notur\u0113t mitrumu matu strukt\u016br\u0101. &Scaron;ie sp\u0113c\u012bgie mitrin\u0101t\u0101ji padar\u012bs J\u016bsu matus elast\u012bg\u0101kus, glud\u0101kus un sp\u012bd\u012bg\u0101kus.<\/p>\n<p><strong>Lieto&scaron;ana:<\/strong> uzkl\u0101t nelielu produkta daudzumu uz mitriem, no \u016bdens izspiestiem matiem. P\u0113c da\u017e\u0101m min\u016bt\u0113m noskalot. Lai sasniegtu lab\u0101kus rezult\u0101tus, atst\u0101t uz 20-30 min\u016bt\u0113m.<\/p>\n<p>Dermatolo\u0123iski p\u0101rbaud\u012bts.<br \/>\n&nbsp;<\/p>\n","protected":false},"excerpt":{"rendered":"<p>Kondicioniera sast\u0101v\u0101 ir daudz mitrin\u0101t\u0101ju, jeb t\u0101du sast\u0101vda\u013cu, kuru uzdevums ir notur\u0113t mitrumu matu strukt\u016br\u0101. &Scaron;ie sp\u0113c\u012bgie mitrin\u0101t\u0101ji padar\u012bs J\u016bsu matus elast\u012bg\u0101kus, glud\u0101kus un sp\u012bd\u012bg\u0101kus. Lieto&scaron;ana: uzkl\u0101t nelielu produkta daudzumu uz mitriem, no \u016bdens izspiestiem matiem. P\u0113c da\u017e\u0101m min\u016bt\u0113m noskalot. Lai sasniegtu lab\u0101kus rezult\u0101tus, atst\u0101t uz 20-30 min\u016bt\u0113m. Dermatolo\u0123iski p\u0101rbaud\u012bts. &nbsp;<\/p>\n","protected":false},"featured_media":90646,"template":"","meta":[],"product_cat":[1999],"product_tag":[],"class_list":{"0":"post-46369","1":"product","2":"type-product","3":"status-publish","4":"has-post-thumbnail","6":"product_brand-hiskin_pl","7":"product_cat-bez-kategorijas","9":"first","10":"outofstock","11":"taxable","12":"shipping-taxable","13":"product-type-simple"},"_links":{"self":[{"href":"https:\/\/e.kosmolat.eu\/lv\/wp-json\/wp\/v2\/product\/46369","targetHints":{"allow":["GET"]}}],"collection":[{"href":"https:\/\/e.kosmolat.eu\/lv\/wp-json\/wp\/v2\/product"}],"about":[{"href":"https:\/\/e.kosmolat.eu\/lv\/wp-json\/wp\/v2\/types\/product"}],"wp:featuredmedia":[{"embeddable":true,"href":"https:\/\/e.kosmolat.eu\/lv\/wp-json\/wp\/v2\/media\/90646"}],"wp:attachment":[{"href":"https:\/\/e.kosmolat.eu\/lv\/wp-json\/wp\/v2\/media?parent=46369"}],"wp:term":[{"taxonomy":"product_cat","embeddable":true,"href":"https:\/\/e.kosmolat.eu\/lv\/wp-json\/wp\/v2\/product_cat?post=46369"},{"taxonomy":"product_tag","embeddable":true,"href":"https:\/\/e.kosmolat.eu\/lv\/wp-json\/wp\/v2\/product_tag?post=46369"}],"curies":[{"name":"wp","href":"https:\/\/api.w.org\/{rel}","templated":true}]}}