{"id":46353,"date":"2024-02-29T05:39:42","date_gmt":"2024-02-29T05:39:42","guid":{"rendered":"https:\/\/e.kosmolat.eu\/product\/hs-crazy-hair-dzili-attiross-sampuns-ar-avenu-un-mell-aromatu-doy-pack-300-ml\/"},"modified":"2025-09-20T03:09:06","modified_gmt":"2025-09-20T03:09:06","slug":"i_hs-crazy-hair-dzili-attiross-sampuns-ar-avenu-un-mell-aromatu-doy-pack-300-ml","status":"publish","type":"product","link":"https:\/\/e.kosmolat.eu\/lv\/product\/i_hs-crazy-hair-dzili-attiross-sampuns-ar-avenu-un-mell-aromatu-doy-pack-300-ml\/","title":{"rendered":"I_HS Crazy Hair Dzi\u013ci att\u012bro\u0161s \u0161amp\u016bns ar ave\u0146u un mell. arom\u0101tu, doy-pack, 300 ml"},"content":{"rendered":"<p>Intens\u012bvs &scaron;amp\u016bns dzi\u013cai galvas \u0101das un matu att\u012br\u012b&scaron;anai. Satur dzi\u013ci att\u012bro&scaron;as, ta\u010du \u0101dai draudz\u012bgas putojo&scaron;as sast\u0101vda\u013cas. Tas efekt\u012bvi att\u012bra galvas \u0101du un matus no net\u012brumiem, liek\u0101 sebuma un kosm\u0113tikas atlikumiem. Padara matus gais\u012bgus, p\u016bkainus un sagatavotus n\u0101kamajiem kop&scaron;anas so\u013ciem.<\/p>\n<p><strong>Lieto&scaron;ana:<\/strong> uzkl\u0101t &scaron;amp\u016bnu uz rok\u0101m un maigi iemas\u0113t mitros matos un galvas \u0101d\u0101. Saputot un r\u016bp\u012bgi noskalot ar siltu \u016bdeni.<\/p>\n<p>Dermatolo\u0123iski p\u0101rbaud\u012bts.<br \/>\n&nbsp;<\/p>\n","protected":false},"excerpt":{"rendered":"<p>Intens\u012bvs &scaron;amp\u016bns dzi\u013cai galvas \u0101das un matu att\u012br\u012b&scaron;anai. Satur dzi\u013ci att\u012bro&scaron;as, ta\u010du \u0101dai draudz\u012bgas putojo&scaron;as sast\u0101vda\u013cas. Tas efekt\u012bvi att\u012bra galvas \u0101du un matus no net\u012brumiem, liek\u0101 sebuma un kosm\u0113tikas atlikumiem. Padara matus gais\u012bgus, p\u016bkainus un sagatavotus n\u0101kamajiem kop&scaron;anas so\u013ciem. Lieto&scaron;ana: uzkl\u0101t &scaron;amp\u016bnu uz rok\u0101m un maigi iemas\u0113t mitros matos un galvas \u0101d\u0101. Saputot un r\u016bp\u012bgi [&#8230;]\n","protected":false},"featured_media":90638,"template":"","meta":[],"product_cat":[1999],"product_tag":[],"class_list":{"0":"post-46353","1":"product","2":"type-product","3":"status-publish","4":"has-post-thumbnail","6":"product_brand-hiskin_pl","7":"product_cat-bez-kategorijas","9":"first","10":"outofstock","11":"taxable","12":"shipping-taxable","13":"product-type-simple"},"_links":{"self":[{"href":"https:\/\/e.kosmolat.eu\/lv\/wp-json\/wp\/v2\/product\/46353","targetHints":{"allow":["GET"]}}],"collection":[{"href":"https:\/\/e.kosmolat.eu\/lv\/wp-json\/wp\/v2\/product"}],"about":[{"href":"https:\/\/e.kosmolat.eu\/lv\/wp-json\/wp\/v2\/types\/product"}],"wp:featuredmedia":[{"embeddable":true,"href":"https:\/\/e.kosmolat.eu\/lv\/wp-json\/wp\/v2\/media\/90638"}],"wp:attachment":[{"href":"https:\/\/e.kosmolat.eu\/lv\/wp-json\/wp\/v2\/media?parent=46353"}],"wp:term":[{"taxonomy":"product_cat","embeddable":true,"href":"https:\/\/e.kosmolat.eu\/lv\/wp-json\/wp\/v2\/product_cat?post=46353"},{"taxonomy":"product_tag","embeddable":true,"href":"https:\/\/e.kosmolat.eu\/lv\/wp-json\/wp\/v2\/product_tag?post=46353"}],"curies":[{"name":"wp","href":"https:\/\/api.w.org\/{rel}","templated":true}]}}