{"id":46345,"date":"2024-02-29T05:39:23","date_gmt":"2024-02-29T05:39:23","guid":{"rendered":"https:\/\/e.kosmolat.eu\/product\/hs-crazy-hair-maigi-attir-samp-ar-laima-un-kivi-arom-doy-pack-300-ml\/"},"modified":"2025-09-20T03:08:50","modified_gmt":"2025-09-20T03:08:50","slug":"i_his-crazy-hair-maigi-attir-samp-ar-laima-un-kivi-arom-doy-pack-300-ml","status":"publish","type":"product","link":"https:\/\/e.kosmolat.eu\/lv\/product\/i_his-crazy-hair-maigi-attir-samp-ar-laima-un-kivi-arom-doy-pack-300-ml\/","title":{"rendered":"I_HIS Crazy Hair Maigi att\u012br. \u0161amp. ar laima un kivi arom., doy-pack, 300 ml"},"content":{"rendered":"<p>Maigs &scaron;amp\u016bns ikdienas galvas \u0101das un matu att\u012br\u012b&scaron;anai. \u013boti maigi att\u012bra galvas \u0101du un matus, pie&scaron;\u0137irot matiem sp\u012bdumu un apjomu un sagatavojot matus n\u0101kamajiem kop&scaron;anas posmiem!<\/p>\n<p><strong>Lieto&scaron;ana:<\/strong> uzkl\u0101t &scaron;amp\u016bnu uz rok\u0101m un maigi iemas\u0113t mitros matos un galvas \u0101d\u0101. Saputot un r\u016bp\u012bgi noskalot ar siltu \u016bdeni.<\/p>\n<p>Dermatolo\u0123iski p\u0101rbaud\u012bts.<br \/>\n&nbsp;<\/p>\n","protected":false},"excerpt":{"rendered":"<p>Maigs &scaron;amp\u016bns ikdienas galvas \u0101das un matu att\u012br\u012b&scaron;anai. \u013boti maigi att\u012bra galvas \u0101du un matus, pie&scaron;\u0137irot matiem sp\u012bdumu un apjomu un sagatavojot matus n\u0101kamajiem kop&scaron;anas posmiem! Lieto&scaron;ana: uzkl\u0101t &scaron;amp\u016bnu uz rok\u0101m un maigi iemas\u0113t mitros matos un galvas \u0101d\u0101. Saputot un r\u016bp\u012bgi noskalot ar siltu \u016bdeni. Dermatolo\u0123iski p\u0101rbaud\u012bts. &nbsp;<\/p>\n","protected":false},"featured_media":90634,"template":"","meta":[],"product_cat":[1999],"product_tag":[],"class_list":{"0":"post-46345","1":"product","2":"type-product","3":"status-publish","4":"has-post-thumbnail","6":"product_brand-hiskin_pl","7":"product_cat-bez-kategorijas","9":"first","10":"outofstock","11":"taxable","12":"shipping-taxable","13":"product-type-simple"},"_links":{"self":[{"href":"https:\/\/e.kosmolat.eu\/lv\/wp-json\/wp\/v2\/product\/46345","targetHints":{"allow":["GET"]}}],"collection":[{"href":"https:\/\/e.kosmolat.eu\/lv\/wp-json\/wp\/v2\/product"}],"about":[{"href":"https:\/\/e.kosmolat.eu\/lv\/wp-json\/wp\/v2\/types\/product"}],"wp:featuredmedia":[{"embeddable":true,"href":"https:\/\/e.kosmolat.eu\/lv\/wp-json\/wp\/v2\/media\/90634"}],"wp:attachment":[{"href":"https:\/\/e.kosmolat.eu\/lv\/wp-json\/wp\/v2\/media?parent=46345"}],"wp:term":[{"taxonomy":"product_cat","embeddable":true,"href":"https:\/\/e.kosmolat.eu\/lv\/wp-json\/wp\/v2\/product_cat?post=46345"},{"taxonomy":"product_tag","embeddable":true,"href":"https:\/\/e.kosmolat.eu\/lv\/wp-json\/wp\/v2\/product_tag?post=46345"}],"curies":[{"name":"wp","href":"https:\/\/api.w.org\/{rel}","templated":true}]}}